{"id":1011,"date":"2014-09-29T15:34:30","date_gmt":"2014-09-29T13:34:30","guid":{"rendered":"http:\/\/evelyneguzy.be\/WordPress3\/?page_id=1011"},"modified":"2014-09-29T15:58:21","modified_gmt":"2014-09-29T13:58:21","slug":"alain-lallemand-ma-plus-belle-declaration-de-guerre","status":"publish","type":"page","link":"https:\/\/evelyneguzy.be\/WordPress3\/?page_id=1011","title":{"rendered":"Alain Lallemand, Ma plus belle d\u00e9claration de guerre"},"content":{"rendered":"<h1><strong>29\/9\/14 : Alain Lallemand, <em>Ma plus belle d\u00e9claration de guerre<\/em>, Luce Wilquin. Roman<\/strong><\/h1>\n<p><a href=\"http:\/\/evelyneguzy.be\/WordPress3\/wp-content\/uploads\/2014\/09\/IMG_0462.jpg\"><img decoding=\"async\" class=\"alignleft  wp-image-1015\" title=\"IMG_0462\" src=\"https:\/\/evelyneguzy.be\/WordPress3\/wp-content\/uploads\/2014\/09\/IMG_0462-e1411998003390-300x252.jpg\" alt=\"Alain Lallemand et Evelyne Guzy\" width=\"250\" srcset=\"https:\/\/evelyneguzy.be\/WordPress3\/wp-content\/uploads\/2014\/09\/IMG_0462-e1411998003390-300x252.jpg 300w, https:\/\/evelyneguzy.be\/WordPress3\/wp-content\/uploads\/2014\/09\/IMG_0462-e1411998003390-1024x862.jpg 1024w, https:\/\/evelyneguzy.be\/WordPress3\/wp-content\/uploads\/2014\/09\/IMG_0462-e1411998003390.jpg 1228w\" sizes=\"(max-width: 300px) 100vw, 300px\" \/><\/a>Aujourd\u2019hui, nous allons aborder un ouvrage qui, par le biais de la fiction, nous plonge au c\u0153ur de l\u2019actualit\u00e9. Et pas par hasard\u00a0: son auteur, <strong>Alain Lallemand<\/strong>, s\u2019est d\u00e9j\u00e0 distingu\u00e9 comme journaliste d\u2019investigation. Les lecteurs du journal <em>Le Soir<\/em> se souviennent certainement de ses reportages sur les terrains de guerre les plus chauds de la plan\u00e8te ou de ses enqu\u00eates document\u00e9es sur les milieux de la mafia ou des sectes. Alain Lallemand enseigne \u00e9galement le journalisme de r\u00e9cit \u00e0 l\u2019Universit\u00e9 catholique de Louvain. <em>Ma plus belle d\u00e9claration de guerre<\/em> est son troisi\u00e8me roman. Il est publi\u00e9 chez un \u00e9diteur belge, Luce Wilquin, dont nous avons d\u00e9j\u00e0 parl\u00e9.<\/p>\n<p><img decoding=\"async\" class=\"alignleft\" title=\"Alain Lallemand\" src=\"http:\/\/alainlallemand.be\/wp-content\/uploads\/2014\/09\/497.jpg\" alt=\"\" width=\"250\" \/>Roch, le h\u00e9ros de <strong><em>Ma plus belle d\u00e9claration de guerre<\/em><\/strong> est m\u00e9decin de la Croix rouge. Il passe sa vie loin de chez lui, la Suisse, o\u00f9 il d\u00e9laisse son fils. Charg\u00e9 de monter des h\u00f4pitaux dans des zones de conflit, il se passionne pour son m\u00e9tier. Non seulement parce que la cause qu\u2019il sert est noble, mais aussi parce son travail provoque en lui une mont\u00e9e d\u2019adr\u00e9naline dont il ne peut se passer\u00a0: \u00ab\u00a0Approcher le danger, c\u2019est croquer de l\u2019extase\u00a0\u00bb, nous confie Roch.<\/p>\n<p>Nous sommes en 2008, et Roch est charg\u00e9 d\u2019ouvrir un h\u00f4pital dans une zone contr\u00f4l\u00e9e par les Talibans, en Afghanistan. Pour r\u00e9ussir sa mission, il projette de rencontrer le mollah Omar, ce dirigeant de la gu\u00e9rilla disparu en 2001, juch\u00e9 sur sa motocyclette, alors qu\u2019il \u00e9tait poursuivi par les Am\u00e9ricains. Cet objectif n\u2019est pas du go\u00fbt des services secrets occidentaux, qui d\u00e9ploient une activit\u00e9 intense dans la r\u00e9gion, mais ne peuvent officiellement contrer le projet de la Croix rouge. Une grande partie du territoire semble cependant hors de leur contr\u00f4le. Elle r\u00e9gent\u00e9e tant par les Talibans que par des brigands qui s\u2019adonnent \u00e0 toutes sortes de trafics, les uns collaborant avec les autres. Le travail de Roch va s\u2019av\u00e9rer p\u00e9rilleux. Les \u00e9cueils qu\u2019il traverse l\u2019aideront cependant \u00e0 voir clair en lui.<\/p>\n<p>Alain Lallemand nous entra\u00eene dans <strong>une r\u00e9flexion<\/strong> sur des th\u00e8mes tels que les limites de la neutralit\u00e9, la puissance et les droits qu\u2019elle s\u2019arroge sous masque du bien. L\u2019h\u00e9ro\u00efsme lui-m\u00eame est questionn\u00e9\u00a0: ne dissimule-t-il pas, parfois, une fuite de la r\u00e9alit\u00e9, une n\u00e9gligence de ceux qui nous sont le plus proches\u00a0?<\/p>\n<p>En lisant <em>Ma plus belle d\u00e9claration de guerre<\/em>, on est \u00e9galement frapp\u00e9 par le <strong>don d\u2019observation<\/strong> d\u2019Alain Lallemand, la pr\u00e9cision de ses descriptions. Le nom des oiseaux qui peuplent la for\u00eat afghane nous est r\u00e9v\u00e9l\u00e9, tout comme celui de chaque arme, chaque drone qui hante son ciel. Nous ressentons physiquement les sensations provoqu\u00e9es par le danger et sommes amen\u00e9s \u00e0 comprendre les rites tribaux d\u2019une partie recul\u00e9e de l\u2019Afghanistan.<\/p>\n<p><em>Ma plus belle d\u00e9claration de guerre<\/em> est un de ces livres auxquels on s\u2019accroche car l\u2019\u00e9criture est prenante, le h\u00e9ros attachant et l\u2019histoire passionnante.<\/p>\n<p><a href=\"http:\/\/evelyneguzy.be\/WordPress3\/wp-content\/uploads\/2014\/09\/IMG_2502.jpg\"><img decoding=\"async\" class=\"alignleft  wp-image-1016\" title=\"IMG_2502\" src=\"https:\/\/evelyneguzy.be\/WordPress3\/wp-content\/uploads\/2014\/09\/IMG_2502-300x152.jpg\" alt=\"\" width=\"250\" srcset=\"https:\/\/evelyneguzy.be\/WordPress3\/wp-content\/uploads\/2014\/09\/IMG_2502-300x152.jpg 300w, https:\/\/evelyneguzy.be\/WordPress3\/wp-content\/uploads\/2014\/09\/IMG_2502-1024x519.jpg 1024w, https:\/\/evelyneguzy.be\/WordPress3\/wp-content\/uploads\/2014\/09\/IMG_2502-500x253.jpg 500w, https:\/\/evelyneguzy.be\/WordPress3\/wp-content\/uploads\/2014\/09\/IMG_2502.jpg 1220w\" sizes=\"(max-width: 300px) 100vw, 300px\" \/><\/a><\/p>\n<p>Si vous avez du temps libre ce week-end, je vous invite \u00e0 participer <strong>dimanche \u00e0 15 heures <\/strong>\u00e0 un<strong> \u00e9v\u00e9nement po\u00e9tique, musical et humaniste gratuit<\/strong>, organis\u00e9 par le collectif <strong><em>J&rsquo;\u00e9cris ton nom fraternit\u00e9<\/em><\/strong>, repr\u00e9sent\u00e9 par Rachid Barghouti, Serge No\u00ebl et Danielle Perez. Il aura lieu au th\u00e9\u00e2tre <strong>Le Public<\/strong> (Rue Braemt 64-70 \u00e0 1210 Bruxelles). L\u2019initiative est n\u00e9e face au climat pesant qui r\u00e8gne parfois lorsque les d\u00e9saccords politiques s\u00e9parent les citoyens face aux guerres et conflits hors de chez nous. <strong><em>Que le vent de l&rsquo;automne chasse l&rsquo;\u00e9t\u00e9 de la haine !<\/em><\/strong>, tel est le titre de cet \u00e9v\u00e9nement. Les initiateurs nous invitent \u00e0 \u00eatre \u00ab\u00a0d\u2019accord de ne pas \u00eatre d\u2019accord\u00a0\u00bb autour d\u2019un partage de textes, de po\u00e8mes, de chansons dans un esprit d\u2019ouverture.\u00a0<em>Au programme :\u00a0<\/em>Musiques et lectures de po\u00e8mes, par Sam Touzani, Patricia Ide, Michel Kacenelenbogen, Claude Semal, Richard Ruben, Mukti.\u00a0D\u00e9bat, avec Jacques Sojcher, Chemsi Cheref Khan et Michel Gheude &#8211; Mod\u00e9rateur\u00a0: Benoit Feyt.\u00a0<strong>R\u00e9servation indispensable au num\u00e9ro gratuit 0800\/944.44. <\/strong>Plus d\u2019infos sur la <a title=\"J'\u00e9cris ton nom Fraternit\u00e9\" href=\"https:\/\/www.facebook.com\/events\/1470445119897963\/?ref_dashboard_filter=upcoming\" target=\"_blank\">page Facebook de l&rsquo;\u00e9v\u00e9nement<\/a>.<\/p>\n<p>La semaine prochaine, nous nous offrirons d\u2019autres rebondissements, bien de notre \u00e9poque \u00e9galement. Je parlerai du livre d\u2019<strong>\u00c9ric Russon, <em>Crispations<\/em><\/strong>, paru chez un nouvel \u00e9diteur belge\u00a0: Lamiroy et j\u2019inviterai Marc Hermant \u00e0 partager avec nous ses impressions sur le livre de notre chroniqueuse BD, <strong>Sophie Flamand, <em>Fusion<\/em><\/strong>, paru chez le m\u00eame \u00e9diteur.<\/p>\n<p>Ecouter l&rsquo;interview d&rsquo;Alain Lallemand :\u00a0<a href=\"http:\/\/evelyneguzy.be\/WordPress3\/wp-content\/uploads\/2014\/09\/Melting-Pot-290914.mp3\">Melting Pot 290914<\/a><\/p>\n<p>&nbsp;<\/p>\n","protected":false},"excerpt":{"rendered":"<p>29\/9\/14 : Alain Lallemand, Ma plus belle d\u00e9claration de guerre, Luce Wilquin. Roman Aujourd\u2019hui, nous allons aborder un ouvrage qui, par le biais de la fiction, nous plonge au c\u0153ur de l\u2019actualit\u00e9. Et pas par hasard\u00a0: son auteur, Alain Lallemand, &hellip; <a href=\"https:\/\/evelyneguzy.be\/WordPress3\/?page_id=1011\">Continuer la lecture <span class=\"meta-nav\">&rarr;<\/span><\/a><\/p>\n","protected":false},"author":1,"featured_media":0,"parent":796,"menu_order":21,"comment_status":"closed","ping_status":"open","template":"","meta":{"footnotes":""},"class_list":["post-1011","page","type-page","status-publish","hentry"],"_links":{"self":[{"href":"https:\/\/evelyneguzy.be\/WordPress3\/index.php?rest_route=\/wp\/v2\/pages\/1011","targetHints":{"allow":["GET"]}}],"collection":[{"href":"https:\/\/evelyneguzy.be\/WordPress3\/index.php?rest_route=\/wp\/v2\/pages"}],"about":[{"href":"https:\/\/evelyneguzy.be\/WordPress3\/index.php?rest_route=\/wp\/v2\/types\/page"}],"author":[{"embeddable":true,"href":"https:\/\/evelyneguzy.be\/WordPress3\/index.php?rest_route=\/wp\/v2\/users\/1"}],"replies":[{"embeddable":true,"href":"https:\/\/evelyneguzy.be\/WordPress3\/index.php?rest_route=%2Fwp%2Fv2%2Fcomments&post=1011"}],"version-history":[{"count":6,"href":"https:\/\/evelyneguzy.be\/WordPress3\/index.php?rest_route=\/wp\/v2\/pages\/1011\/revisions"}],"predecessor-version":[{"id":1022,"href":"https:\/\/evelyneguzy.be\/WordPress3\/index.php?rest_route=\/wp\/v2\/pages\/1011\/revisions\/1022"}],"up":[{"embeddable":true,"href":"https:\/\/evelyneguzy.be\/WordPress3\/index.php?rest_route=\/wp\/v2\/pages\/796"}],"wp:attachment":[{"href":"https:\/\/evelyneguzy.be\/WordPress3\/index.php?rest_route=%2Fwp%2Fv2%2Fmedia&parent=1011"}],"curies":[{"name":"wp","href":"https:\/\/api.w.org\/{rel}","templated":true}]}}