{"id":1025,"date":"2014-10-06T09:37:05","date_gmt":"2014-10-06T07:37:05","guid":{"rendered":"http:\/\/evelyneguzy.be\/WordPress3\/?page_id=1025"},"modified":"2014-10-06T14:13:58","modified_gmt":"2014-10-06T12:13:58","slug":"eric-russon-crispations-sophie-flamand-fusion","status":"publish","type":"page","link":"https:\/\/evelyneguzy.be\/WordPress3\/?page_id=1025","title":{"rendered":"Eric Russon, Crispations &#038; Sophie Flamand, Fusion"},"content":{"rendered":"<p><strong>6\/10\/14 :<\/strong> \u00ab\u00a0En chaque \u00eatre sommeille un livre\u00a0\u00bb, telle est la devise des <strong>\u00e9ditions Lamiroy<\/strong>, une nouvelle maison bruxelloise qui en un peu plus d\u2019un an a publi\u00e9 une vingtaine d\u2019ouvrages. Leurs auteurs ont une caract\u00e9ristique commune\u00a0: ce sont des personnes connues, mais dans d\u2019autres domaines que l\u2019\u00e9criture. On peut ainsi y lire les textes du magicien Carlos Vaquera ou de l\u2019humoriste Richard Ruben \u00e0 c\u00f4t\u00e9 de ceux de plusieurs animateurs d\u2019\u00e9missions de radio ou de t\u00e9l\u00e9vision, comme notre coll\u00e8gue Sophie Flamand, chroniqueuse BD sur BXFM ou \u00c9ric Russon, l\u2019animateur de Cinquante Degr\u00e9s Nord sur Arte Belgique, d\u00e9j\u00e0 auteur de deux pi\u00e8ces de th\u00e9\u00e2tre.<\/p>\n<h1><strong><img decoding=\"async\" class=\"alignleft\" title=\"Russon\" src=\"http:\/\/www.meletout.net\/lamiroy\/wp-content\/uploads\/2013\/07\/crispationsHR.jpg\" alt=\"\" width=\"250\" \/>Eric Russon, <em>Crispations<\/em>, Lamiroy. Roman\u00a0<\/strong><\/h1>\n<p>Avec <strong><em>Crispations<\/em>, \u00c9ric Russon<\/strong> nous fait p\u00e9n\u00e9trer avec humour dans le monde du bling-bling, o\u00f9 se croisent hommes politiques et stars de la t\u00e9l\u00e9vision. Un animateur sur le tard tient une id\u00e9e g\u00e9niale\u00a0: inviter un politique en qu\u00eate d\u2019audience \u00e0 participer en direct \u00e0 la premi\u00e8re d\u2019une \u00e9mission de t\u00e9l\u00e9r\u00e9alit\u00e9 dont il sera la vedette. Des spectateurs, d\u00fbment s\u00e9lectionn\u00e9s, lui poseront des questions m\u00fbrement r\u00e9fl\u00e9chies, auxquelles il devra r\u00e9pondre sur le vif.<\/p>\n<p>On l\u2019imagine bien, la seule perspective d\u2019appara\u00eetre sur le petit \u00e9cran \u00e0 une heure de grande \u00e9coute provoque des effets d\u00e9tonants sur les egos. Mais la machine bien huil\u00e9e de l\u2019\u00e9mission va se gripper\u00a0: alors qu\u2019une \u00e9quipe de t\u00e9l\u00e9vision envoy\u00e9e en ville s\u2019attendait \u00e0 interviewer un employ\u00e9 de bureau en charentaises, elle surprend un couple en pleins \u00e9bats\u2026 Et nous voil\u00e0 plong\u00e9s dans une suite incontr\u00f4lable de rebondissements cocasses, d\u2019o\u00f9 perce sans cesse l\u2019ironie de l\u2019auteur.<\/p>\n<p>Narcissisme et soif de reconnaissance sont au c\u0153ur de ce roman, o\u00f9 le voyeurisme des uns se nourrit de l\u2019exhibitionnisme des autres. Visiblement, Eric Russon sait de quoi et de qui il parle&#8230;<\/p>\n<h1><strong><img decoding=\"async\" class=\"alignleft\" title=\"Flamand\" src=\"http:\/\/www.meletout.net\/lamiroy\/wp-content\/uploads\/2013\/07\/fusionHR.jpg\" alt=\"\" width=\"250\" \/>Sophie Flamand, <em>Fusion<\/em>, Lamiroy. Roman<\/strong><\/h1>\n<p>De son c\u00f4t\u00e9, Marc Hermant a lu <strong><em>Fusion<\/em> <\/strong>de <strong>Sophie Flamand<\/strong>, l\u2019histoire de l\u2019amour d\u00e9vorant d\u2019une m\u00e8re pour sa fille. Un livre sur l\u2019emprise, la volont\u00e9 de contr\u00f4le de l\u2019autre, qui commence doucement pour nous plonger graduellement dans l\u2019horreur\u2026 et finalement nous fait r\u00e9fl\u00e9chir.\u00a0 Marc Hermant n&rsquo;en est pas sorti indemne !<\/p>\n<h1>Infos<\/h1>\n<p>Mardi \u00e0 18.30, j&rsquo;animerai une <strong>rencontre <\/strong>\u00e0 la Licorne (656 ch. d&rsquo;Alsemberg \u00e0 Uccle), avec <strong>David Giannoni <\/strong>(Contes de Nod, Maelstr\u00f6m ReEvolution) et <strong>Mathilde Alet<\/strong> (Mon Lapin, Luce Wilquin).<\/p>\n<p>La semaine prochaine, nous parlerons de <strong><em>Troisi\u00e8mes Noces <\/em>de Tom Lanoye <\/strong>paru aux \u00e9ditions de La Diff\u00e9rence.<\/p>\n<p>Ecouter la chronique :\u00a0<a href=\"http:\/\/evelyneguzy.be\/WordPress3\/wp-content\/uploads\/2014\/10\/Melting-Pot-061014.mp3\">Melting Pot 061014<\/a><\/p>\n","protected":false},"excerpt":{"rendered":"<p>6\/10\/14 : \u00ab\u00a0En chaque \u00eatre sommeille un livre\u00a0\u00bb, telle est la devise des \u00e9ditions Lamiroy, une nouvelle maison bruxelloise qui en un peu plus d\u2019un an a publi\u00e9 une vingtaine d\u2019ouvrages. Leurs auteurs ont une caract\u00e9ristique commune\u00a0: ce sont des &hellip; <a href=\"https:\/\/evelyneguzy.be\/WordPress3\/?page_id=1025\">Continuer la lecture <span class=\"meta-nav\">&rarr;<\/span><\/a><\/p>\n","protected":false},"author":1,"featured_media":0,"parent":796,"menu_order":22,"comment_status":"closed","ping_status":"open","template":"","meta":{"footnotes":""},"class_list":["post-1025","page","type-page","status-publish","hentry"],"_links":{"self":[{"href":"https:\/\/evelyneguzy.be\/WordPress3\/index.php?rest_route=\/wp\/v2\/pages\/1025","targetHints":{"allow":["GET"]}}],"collection":[{"href":"https:\/\/evelyneguzy.be\/WordPress3\/index.php?rest_route=\/wp\/v2\/pages"}],"about":[{"href":"https:\/\/evelyneguzy.be\/WordPress3\/index.php?rest_route=\/wp\/v2\/types\/page"}],"author":[{"embeddable":true,"href":"https:\/\/evelyneguzy.be\/WordPress3\/index.php?rest_route=\/wp\/v2\/users\/1"}],"replies":[{"embeddable":true,"href":"https:\/\/evelyneguzy.be\/WordPress3\/index.php?rest_route=%2Fwp%2Fv2%2Fcomments&post=1025"}],"version-history":[{"count":4,"href":"https:\/\/evelyneguzy.be\/WordPress3\/index.php?rest_route=\/wp\/v2\/pages\/1025\/revisions"}],"predecessor-version":[{"id":1034,"href":"https:\/\/evelyneguzy.be\/WordPress3\/index.php?rest_route=\/wp\/v2\/pages\/1025\/revisions\/1034"}],"up":[{"embeddable":true,"href":"https:\/\/evelyneguzy.be\/WordPress3\/index.php?rest_route=\/wp\/v2\/pages\/796"}],"wp:attachment":[{"href":"https:\/\/evelyneguzy.be\/WordPress3\/index.php?rest_route=%2Fwp%2Fv2%2Fmedia&parent=1025"}],"curies":[{"name":"wp","href":"https:\/\/api.w.org\/{rel}","templated":true}]}}