{"id":1049,"date":"2014-11-03T11:10:14","date_gmt":"2014-11-03T10:10:14","guid":{"rendered":"http:\/\/evelyneguzy.be\/WordPress3\/?page_id=1049"},"modified":"2014-11-03T13:59:49","modified_gmt":"2014-11-03T12:59:49","slug":"philippe-smolarski-feivel-le-chinois-georges-lebouc-bruxelles-occupee","status":"publish","type":"page","link":"https:\/\/evelyneguzy.be\/WordPress3\/?page_id=1049","title":{"rendered":"Philippe Smolarski, Feivel le Chinois &#038; Georges Lebouc, Bruxelles occup\u00e9e"},"content":{"rendered":"<h1>3\/11\/14 :\u00a0<strong>Philippe Smolarski, <em>Feivel le Chinois (Carnets du ghetto)<\/em>, Le Castor astral (coll. Escales des lettres). Roman<\/strong><\/h1>\n<p><strong><em><img decoding=\"async\" class=\"alignleft\" title=\"smolarski\" src=\"http:\/\/www.philsmolarski.com\/wp-content\/uploads\/2014\/06\/FEIVEL_LE_CHINOIS_COUV.jpg\" alt=\"\" width=\"250\" \/>Feivel le Chinois<\/em><\/strong> revient sur un \u00e9pisode marquant de la Seconde Guerre mondiale\u00a0: le regroupement des Juifs de Varsovie dans un ghetto, en 1940. A l\u2019\u00e9poque, les Juifs repr\u00e9sentent 40 % de la population et le secteur qui leur est impos\u00e9 couvre 8 % de la superficie de la ville. Ils y vivront dans des conditions effroyables, avant de se r\u00e9volter, en 1943. Cet acte de courage se soldera par une destruction sanglante. Dans la m\u00e9moire cependant, le ghetto de Varsovie constitue le symbole de la r\u00e9sistance juive \u00e0 la barbarie nazie. Le roman de Smolarski nous transporte au d\u00e9but de la cr\u00e9ation du ghetto, et dans un milieu dont on parle peu\u00a0: celui des trafiquants et gangsters.<\/p>\n<p>Car Feivel, le h\u00e9ros de ce livre, est loin d\u2019\u00eatre un ange de c\u0153ur. Il peut se vanter, bien s\u00fbr, d\u2019un pass\u00e9 militaire glorieux, durant la Premi\u00e8re guerre mondiale, en France. Mais ensuite les d\u00e9tours de la vie l\u2019ont men\u00e9 \u00e0 devenir l\u2019un des grands patrons du crime, en Chine. Sa sp\u00e9cialit\u00e9, le trafic international de drogue, lui a permis de d\u00e9velopper des contacts dans le monde entier. Et il compte bien en tirer profit pour sauver sa famille, prise dans le gu\u00eapier du ghetto. Il d\u00e9barque donc sur les lieux, accompagn\u00e9 de ses deux plus fid\u00e8les lieutenants, un ancien boxeur juif allemand et une ex-prostitu\u00e9e chinoise&#8230;<\/p>\n<p>M\u00eame s\u2019il prend la forme d\u2019un journal, <em>Feivel le Chinois<\/em> se lit plut\u00f4t comme un livre d\u2019aventure. Plus proche du roman de genre que de la fresque historique, l\u2019\u00e9criture est nerveuse et les personnages typ\u00e9s, tels le malfrat et la putain. S\u2019il ne se pr\u00e9sente pas sous les traits de l\u2019homme parfait Feivel, notre h\u00e9ros, se r\u00e9v\u00e8le pourtant sympathique. Sa lucidit\u00e9 teint\u00e9e d\u2019ironie, l\u2019autod\u00e9rision dont il use \u00e0 foison, nous permettent de savourer l\u2019humour juif qu\u2019il manie \u00e0 la perfection.<\/p>\n<p>Feivel le Chinois est un bon livre d\u2019action qui repose sur un travail de recherche s\u00e9rieux. <strong>Philippe Smolarski<\/strong>, l\u2019auteur, est d\u2019ailleurs historien\u00a0; il s\u00e9journe \u00e0 Bruxelles. Ce premier livre semble avoir un bel avenir, puisqu\u2019il a \u00e9t\u00e9 traduit en anglais, polonais, allemand et russe et qu\u2019un producteur de cin\u00e9ma s\u2019y int\u00e9resserait. Il est paru dans une maison d\u2019\u00e9dition fran\u00e7aise, Le Castor astral, sous la direction d\u2019un \u00e9diteur belge, Francis Dannemark, dans la collection <strong><em>Escales des lettres<\/em><\/strong>. On y lit des \u00e9crivains de langue fran\u00e7aise en g\u00e9n\u00e9ral, dont plusieurs Belges (y compris n\u00e9erlandophones) \u2013 tels Philippe Blasband, Xavier Deutsch, Thomas Gunzig, Xavier Hanotte ou, de l\u2019autre c\u00f4t\u00e9 de la fronti\u00e8re linguistique, Hugo Claus, Willem Elsschot et Jef Geeraerts.<\/p>\n<h1><strong><img decoding=\"async\" class=\"alignleft\" title=\"Lebouc\" src=\"http:\/\/www.espace-livres.be\/local\/cache-vignettes\/L172xH292\/arton2055-989fe.jpg\" alt=\"\" width=\"250\" \/>Georges Lebouc, <em>Bruxelles occup\u00e9e<\/em>, 180\u00b0 \u00e9ditions. Histoire<\/strong><\/h1>\n<p>Le livre de Smolarski vous donnera peut-\u00eatre l\u2019envie d\u2019en savoir plus sur Bruxelles durant la guerre. Un excellent ouvrage vient de para\u00eetre chez 180\u00b0 \u00e9ditions. <strong><em>Bruxelles occup\u00e9e<\/em><\/strong> relate la vie quotidienne sous l\u2019occupation allemande, il y a 70 ans de cela. L\u2019auteur, <strong>Georges Lebouc<\/strong> est un sp\u00e9cialiste de Bruxelles. Il porte une attention particuli\u00e8re \u00e0 l\u2019histoire anecdotique qui, selon moi, est fondamentale pour la m\u00e9moire. Son livre recueille des t\u00e9moignages de personnes qui ont v\u00e9cu la guerre, regroup\u00e9s par th\u00e8mes. Gr\u00e2ce \u00e0 lui, on peut v\u00e9ritablement s\u2019imaginer ce qu\u2019a \u00e9t\u00e9 l\u2019exode ou le rationnement, comment se d\u00e9brouillaient les gens pour manger ou se chauffer. Ce recueil \u00e9tablit une v\u00e9ritable m\u00e9moire pratique et sensorielle. Vous y apprendrez, par exemple, pourquoi ceux qui ont v\u00e9cu la guerre d\u00e9testent ou adorent le hareng&#8230;<\/p>\n<p>Ecouter la chronique :\u00a0<a href=\"http:\/\/evelyneguzy.be\/WordPress3\/wp-content\/uploads\/2014\/11\/Melting-Pot-031114.mp3\">Melting Pot 031114<\/a><\/p>\n","protected":false},"excerpt":{"rendered":"<p>3\/11\/14 :\u00a0Philippe Smolarski, Feivel le Chinois (Carnets du ghetto), Le Castor astral (coll. Escales des lettres). Roman Feivel le Chinois revient sur un \u00e9pisode marquant de la Seconde Guerre mondiale\u00a0: le regroupement des Juifs de Varsovie dans un ghetto, en &hellip; <a href=\"https:\/\/evelyneguzy.be\/WordPress3\/?page_id=1049\">Continuer la lecture <span class=\"meta-nav\">&rarr;<\/span><\/a><\/p>\n","protected":false},"author":1,"featured_media":0,"parent":796,"menu_order":25,"comment_status":"closed","ping_status":"open","template":"","meta":{"footnotes":""},"class_list":["post-1049","page","type-page","status-publish","hentry"],"_links":{"self":[{"href":"https:\/\/evelyneguzy.be\/WordPress3\/index.php?rest_route=\/wp\/v2\/pages\/1049","targetHints":{"allow":["GET"]}}],"collection":[{"href":"https:\/\/evelyneguzy.be\/WordPress3\/index.php?rest_route=\/wp\/v2\/pages"}],"about":[{"href":"https:\/\/evelyneguzy.be\/WordPress3\/index.php?rest_route=\/wp\/v2\/types\/page"}],"author":[{"embeddable":true,"href":"https:\/\/evelyneguzy.be\/WordPress3\/index.php?rest_route=\/wp\/v2\/users\/1"}],"replies":[{"embeddable":true,"href":"https:\/\/evelyneguzy.be\/WordPress3\/index.php?rest_route=%2Fwp%2Fv2%2Fcomments&post=1049"}],"version-history":[{"count":4,"href":"https:\/\/evelyneguzy.be\/WordPress3\/index.php?rest_route=\/wp\/v2\/pages\/1049\/revisions"}],"predecessor-version":[{"id":1051,"href":"https:\/\/evelyneguzy.be\/WordPress3\/index.php?rest_route=\/wp\/v2\/pages\/1049\/revisions\/1051"}],"up":[{"embeddable":true,"href":"https:\/\/evelyneguzy.be\/WordPress3\/index.php?rest_route=\/wp\/v2\/pages\/796"}],"wp:attachment":[{"href":"https:\/\/evelyneguzy.be\/WordPress3\/index.php?rest_route=%2Fwp%2Fv2%2Fmedia&parent=1049"}],"curies":[{"name":"wp","href":"https:\/\/api.w.org\/{rel}","templated":true}]}}