{"id":1059,"date":"2014-11-10T09:44:21","date_gmt":"2014-11-10T08:44:21","guid":{"rendered":"http:\/\/evelyneguzy.be\/WordPress3\/?page_id=1059"},"modified":"2014-11-10T14:30:57","modified_gmt":"2014-11-10T13:30:57","slug":"caroline-de-mulder-bye-bye-elvis","status":"publish","type":"page","link":"https:\/\/evelyneguzy.be\/WordPress3\/?page_id=1059","title":{"rendered":"Caroline De Mulder, Bye bye Elvis"},"content":{"rendered":"<h1>10\/10\/13 :\u00a0<strong>Caroline De Mulder, Bye bye Elvis, Actes Sud. Roman<\/strong><\/h1>\n<p><strong>Actes Sud<\/strong> est une maison d\u2019\u00e9dition fran\u00e7aise fond\u00e9e par Hubert Nyssen, un \u00e9crivain et \u00e9diteur d\u2019origine belge, dans les ann\u00e9es 70\u00a0. A l\u2019\u00e9poque, il semblait os\u00e9 d\u2019\u00e9diter hors de Paris\u00a0; Hubert Nyssen a choisi le sud de la France, et, au vu de l\u2019importance actuelle de sa maison, l\u2019histoire lui a donn\u00e9 raison\u2026 Si, comme moi, vous aimez vous rendre \u00e0 Arles pour les Rencontres photographiques en \u00e9t\u00e9, vous avez s\u00fbrement rep\u00e9r\u00e9 les locaux et la librairie d\u2019Actes Sud, que jouxte son salon de th\u00e9, place Nina Berberova, du nom d\u2019un auteur phare de l\u2019\u00e9diteur. Hubert Nyssen est d\u00e9c\u00e9d\u00e9 en 2011. Aujourd\u2019hui Actes Sud est dirig\u00e9e par Fran\u00e7oise Nyssen et Bertrand Py en assure la direction \u00e9ditoriale. Caroline De Mulder y publie son troisi\u00e8me ouvrage\u00a0: <em>Bye bye Elvis<\/em>.<\/p>\n<p><strong>Caroline De Mulder<\/strong> est l\u2019un des seuls auteurs dont j\u2019ai lu tous les romans\u2026 Il faut dire qu\u2019elle en a publi\u00e9 trois (dont deux par Champ Vallon), tout de suite remarqu\u00e9s gr\u00e2ce \u00e0 la musicalit\u00e9 de son style. Dans <em>Ego tango<\/em>, pour lequel elle a emport\u00e9 le prix Rossel en 2010, les phrases nous transportent au rythme de la danse argentine. <em>Nous les b\u00eates traqu\u00e9es<\/em> est d\u2019une veine plus politique et on y entend parler les opprim\u00e9s d\u2019une seule voix, comme noy\u00e9s dans le collectif de la mis\u00e8re. Et c\u2019est de musique, toujours, qu\u2019il s\u2019agit dans le troisi\u00e8me ouvrage de Caroline De Mulder, et cette fois de fa\u00e7on directe, puisque <strong><em>Bye bye Elvis<\/em><\/strong> interroge l\u2019\u00e2me de l\u2019ic\u00f4ne vivante qu\u2019a \u00e9t\u00e9 Elvis Presley.<\/p>\n<p><img decoding=\"async\" class=\"alignleft\" title=\"De Mulder\" src=\"http:\/\/www.actes-sud.fr\/sites\/default\/files\/couv_jpg\/9782330035945.jpg\" alt=\"\" width=\"250\" \/>Au jour de la mort d\u2019Elvis Presley, des milliers de personnes se bousculent aux grilles de sa propri\u00e9t\u00e9 de Graceland pour contempler son corps embaum\u00e9. L\u2019atmosph\u00e8re empeste la fleur pourrie, tant ont \u00e9t\u00e9 massives les offrandes \u00e0 l\u2019idole. Les derni\u00e8res ann\u00e9es d\u2019Elvis, pourtant, n\u2019ont rien eu de glorieuses. Envahi par l\u2019ob\u00e9sit\u00e9, drogu\u00e9 par les m\u00e9dicaments, trahi par ses proches, malade des concerts rat\u00e9s et des films b\u00e2cl\u00e9s de la sa fin de carri\u00e8re, tout en lui exprime la d\u00e9ch\u00e9ance. Mais ses fans n\u2019y voient que du feu, tant est intense le besoin de v\u00e9n\u00e9rer, de chaparder les boutons de ses v\u00eatements, de manger l\u2019herbe sur laquelle il a march\u00e9. Car depuis l\u2019enfance, Elvis a cr\u00e9\u00e9 un personnage\u00a0: un look, une m\u00e8che, une voix, un fr\u00e9missement des hanches \u00e0 nul autre pareil. Ridicule ou sublime, obsc\u00e8ne ou attirant, selon le regard port\u00e9.<\/p>\n<p>Pour ses admirateurs Elvis vit encore, certains l\u2019imaginent parmi nous, sous le couvert de l\u2019anonymat. Elvis, un gars comme vous et moi finalement. Un gars comme John White, autre personnage cl\u00e9 du roman, un vieillard am\u00e9ricain qui vit \u00e0 Paris, entour\u00e9 des soins attentifs de sa gouvernante. Car John, comme Elvis, nourrit une passion pour sa m\u00e8re, comme Elvis, est \u00e9cras\u00e9 par son propre poids, comme Elvis, tombe dans la d\u00e9cr\u00e9pitude, comme Elvis est obs\u00e9d\u00e9 par son apparence, comme Elvis, se gave de m\u00e9dicaments et comme lui est pris d\u2019acc\u00e8s de mysticisme. La vie de John sonne comme une m\u00e9taphore de celle d\u2019Elvis. Caroline De Mulder nous dresse le portrait de deux hommes d\u00e9poss\u00e9d\u00e9s de leur personnalit\u00e9. \u00ab\u00a0Elvis restera la proie de la foule en devenant l\u2019ombre de lui-m\u00eame\u00a0\u00bb, \u00e9crit Caroline De Mulder. Elvis a perdu le contr\u00f4le de sa propre vie. Et si elle se r\u00e9v\u00e8le exceptionnelle, son exp\u00e9rience semble universelle. De l\u2019autre c\u00f4t\u00e9 du miroir, John White, moins c\u00e9l\u00e8bre, certes, mais tout aussi perdu, nous ram\u00e8ne \u00e0 la fragilit\u00e9 de notre identit\u00e9.<\/p>\n<p>La semaine prochaine, nous parlerons de deux premiers romans\u00a0: celui de <strong>Mathilde Alet<\/strong>, <strong><em>Mon Lapin<\/em><\/strong>, paru chez Luce Wilquin et celui de <strong>Joan Condijts<\/strong>, <strong><em>L\u2019Homme qui ne voulait plus \u00eatre roi<\/em><\/strong>, chez Gen\u00e8se \u00e9dition.<\/p>\n<p>Ecouter :\u00a0<a href=\"http:\/\/evelyneguzy.be\/WordPress3\/wp-content\/uploads\/2014\/01\/Melting-Pot-101114.mp3\">Melting Pot 101114<\/a><\/p>\n","protected":false},"excerpt":{"rendered":"<p>10\/10\/13 :\u00a0Caroline De Mulder, Bye bye Elvis, Actes Sud. Roman Actes Sud est une maison d\u2019\u00e9dition fran\u00e7aise fond\u00e9e par Hubert Nyssen, un \u00e9crivain et \u00e9diteur d\u2019origine belge, dans les ann\u00e9es 70\u00a0. A l\u2019\u00e9poque, il semblait os\u00e9 d\u2019\u00e9diter hors de Paris\u00a0; &hellip; <a href=\"https:\/\/evelyneguzy.be\/WordPress3\/?page_id=1059\">Continuer la lecture <span class=\"meta-nav\">&rarr;<\/span><\/a><\/p>\n","protected":false},"author":1,"featured_media":0,"parent":796,"menu_order":26,"comment_status":"closed","ping_status":"open","template":"","meta":{"footnotes":""},"class_list":["post-1059","page","type-page","status-publish","hentry"],"_links":{"self":[{"href":"https:\/\/evelyneguzy.be\/WordPress3\/index.php?rest_route=\/wp\/v2\/pages\/1059","targetHints":{"allow":["GET"]}}],"collection":[{"href":"https:\/\/evelyneguzy.be\/WordPress3\/index.php?rest_route=\/wp\/v2\/pages"}],"about":[{"href":"https:\/\/evelyneguzy.be\/WordPress3\/index.php?rest_route=\/wp\/v2\/types\/page"}],"author":[{"embeddable":true,"href":"https:\/\/evelyneguzy.be\/WordPress3\/index.php?rest_route=\/wp\/v2\/users\/1"}],"replies":[{"embeddable":true,"href":"https:\/\/evelyneguzy.be\/WordPress3\/index.php?rest_route=%2Fwp%2Fv2%2Fcomments&post=1059"}],"version-history":[{"count":3,"href":"https:\/\/evelyneguzy.be\/WordPress3\/index.php?rest_route=\/wp\/v2\/pages\/1059\/revisions"}],"predecessor-version":[{"id":1065,"href":"https:\/\/evelyneguzy.be\/WordPress3\/index.php?rest_route=\/wp\/v2\/pages\/1059\/revisions\/1065"}],"up":[{"embeddable":true,"href":"https:\/\/evelyneguzy.be\/WordPress3\/index.php?rest_route=\/wp\/v2\/pages\/796"}],"wp:attachment":[{"href":"https:\/\/evelyneguzy.be\/WordPress3\/index.php?rest_route=%2Fwp%2Fv2%2Fmedia&parent=1059"}],"curies":[{"name":"wp","href":"https:\/\/api.w.org\/{rel}","templated":true}]}}