{"id":1100,"date":"2014-12-08T11:41:52","date_gmt":"2014-12-08T10:41:52","guid":{"rendered":"http:\/\/evelyneguzy.be\/WordPress3\/?page_id=1100"},"modified":"2014-12-09T15:07:51","modified_gmt":"2014-12-09T14:07:51","slug":"andre-joseph-dubois-ma-mere-par-exemple","status":"publish","type":"page","link":"https:\/\/evelyneguzy.be\/WordPress3\/?page_id=1100","title":{"rendered":"Andr\u00e9-Joseph Dubois, Ma m\u00e8re, par exemple"},"content":{"rendered":"<p>8\/12\/14 :\u00a0<strong>Weyrich \u00e9dition<\/strong> est une maison fond\u00e9e par Olivier Weyrich, un imprimeur wallon passionn\u00e9 par les livres. Son si\u00e8ge se situe \u00e0 Neufch\u00e2teau, dans les Ardennes et elle a pour sp\u00e9cificit\u00e9 de d\u00e9fendre la litt\u00e9rature r\u00e9gionale de qualit\u00e9. L\u2019\u0153uvre de l\u2019\u00e9crivain li\u00e9geois <strong>Andr\u00e9<\/strong><strong>&#8211;<\/strong><strong>Joseph Dubois<\/strong> s\u2019ins\u00e8re parfaitement dans ce cadre, lui qui dans les ann\u00e9es 80 a publi\u00e9 chez Balland (Paris) deux romans t\u00e9moins d\u2019une certaine Wallonie\u00a0: <em>L\u2019\u0152il de la mouche<\/em> et <em>Celui qui aimait le monde<\/em>. Trente ans apr\u00e8s, il nous revient avec le lancement de la collection Plumes du Coq chez Weyrich, qui r\u00e9\u00e9dite son premier livre et en publie successivement trois autres: <em>Les Ann\u00e9es plastique<\/em>, <em>Le Sexe oppos\u00e9<\/em> et <em>Ma m\u00e8re, par exemple<\/em>, que j\u2019ai lu pour vous.<\/p>\n<h1><strong><img decoding=\"async\" class=\"alignleft\" title=\"Dubois\" src=\"http:\/\/areaw.org\/wp-content\/uploads\/2014\/10\/ma-m\u00e8re.jpg\" alt=\"\" width=\"250\" \/>Andr\u00e9-Joseph Dubois, <em>Ma m\u00e8re, par exemple<\/em>, Weyrich (Plumes du coq). Biographie romanc\u00e9e<\/strong><\/h1>\n<p>Le titre de <strong><em>Ma m\u00e8re, par exemple<\/em><\/strong> est particuli\u00e8rement bien choisi. Car la femme dont nous parle Andr\u00e9-Joseph Dubois, sa m\u00e8re, n\u2019a rien d\u2019exemplaire ou d\u2019exceptionnel, sinon qu\u2019elle a v\u00e9cu plus de cent ans et travers\u00e9 le si\u00e8cle. Nous conter son histoire, c\u2019est nous dresser le portrait de tant de femmes qui, ali\u00e9n\u00e9es par leur condition ont \u00e9touff\u00e9 leur vie \u00e0 l\u2019ombre de leur p\u00e8re ou de leur mari, conqu\u00e9rant de temps en temps, \u00e0 bas mots, de petits pans de libert\u00e9.<\/p>\n<p>La m\u00e8re de Andr\u00e9-Joseph Dubois est n\u00e9e d\u2019une famille d\u2019origine modeste qui s\u2019est enrichie. On am\u00e9nage donc dans une ancienne maison de notaire \u2013 c\u2019est tout dire \u2013 sans pourtant se doter d\u2019un \u00e9vier. On y vit comme dans une pauvre demeure, la famille se regroupant dans la cuisine de peur d\u2019user du chauffage central. Une fois par semaine, la baignoire est remplie pour tous.<\/p>\n<p>De la luxueuse maison, on \u00e9migrera \u00e0 Charleroi, la vie se ponctuant de d\u00e9m\u00e9nagements, en fonction du travail des hommes. Toujours, les femmes suivent le mouvement, s\u2019ab\u00eemant dans les t\u00e2ches m\u00e9nag\u00e8res. Une faille \u00e0 la routine cependant\u00a0: la m\u00e8re d\u2019Andr\u00e9-Joseph est dou\u00e9e pour le piano, distraction des jeunes filles de bonne famille. Son p\u00e8re l\u2019autorisera donc \u00e0 en jouer, lui offrant un somptueux instrument. Mais le Conservatoire lui sera interdit, les cours \u00e9tant mixtes. Elle obtiendra son dipl\u00f4me au Jury central et, toute sa vie, doutera de la validit\u00e9 de celui-ci. Elle donnera ensuite quelques cours particuliers mais le mariage \u2013 qu\u2019elle retardera tant qu\u2019elle le pourra \u2013 mettra fin \u00e0 cette libert\u00e9 durement conquise\u00a0: tout homme qui se respecte doit, \u00e0 l\u2019\u00e9poque, subvenir aux besoins de sa femme. A la mort de son mari, la m\u00e8re trouvera, enfin, une certaine autonomie. A 60 ans, elle enseignera son Art dans une \u00e9cole\u00a0; elle n\u2019y renoncera que 20 ans plus tard.<\/p>\n<p><em>Ma m\u00e8re, par exemple<\/em> est un ouvrage dr\u00f4le, tendre et lucide. Conscient du foss\u00e9 des g\u00e9n\u00e9rations et \u00ab\u00a0l\u2019illusion de toute entreprise biographique\u00a0\u00bb, Dubois se montre sans complaisance. Sa m\u00e8re a v\u00e9cu \u00e0 c\u00f4t\u00e9 de son si\u00e8cle, comme soumise aux \u00e9v\u00e9nements, spectatrice plut\u00f4t qu\u2019actrice du monde, y compris pendant la guerre o\u00f9 elle a, \u00e0 maintes reprises, ferm\u00e9 les yeux pour se pr\u00e9server. Il nous livre \u00e9galement une r\u00e9flexion profonde sur \u00ab\u00a0l\u2019extr\u00eame vieillesse\u00a0\u00bb, qui n\u2019est, selon lui, que \u00ab\u00a0l\u2019entassement de morts successives\u00a0\u00bb. Durant un si\u00e8cle, une femme sans relief particulier, sans facult\u00e9 d\u2019exprimer opinions ou sentiments, sera aim\u00e9e d\u2019un fils qui, de la banalit\u00e9 de sa vie, tirera une \u0153uvre litt\u00e9raire.<\/p>\n<p>Vous pouvez trouver <em>Ma m\u00e8re, par exemple<\/em> dans toutes les bonnes librairies et aussi le commander en ligne, en version\u00a0 num\u00e9rique. La bonne nouvelle maintenant, c\u2019est que cet acte ne privera plus n\u00e9cessairement votre libraire d\u2019une vente. Vingt-sept libraires belges viennent en effet de prendre une initiative intelligente pour se d\u00e9fendre contre les g\u00e9ants du Net. <strong>Librel.be<\/strong> pr\u00e9sente leur offre de livres num\u00e9riques et donne des conseils de lecture. Sur la page d\u2019accueil, vous d\u00e9couvrirez les coups de c\u0153ur des libraires, des critiques, les meilleures ventes, des livres d\u2019auteurs belges\u2026 des \u00e9diteurs francophones belges sont \u00e9galement mis en avant.<\/p>\n<p>La semaine prochaine, je vous parlerai du livre de\u00a0<strong>Jean-Pierre Orban, <em>Vera<\/em><\/strong>, paru au Mercure de France.<\/p>\n<p>Ecouter :\u00a0<a href=\"http:\/\/evelyneguzy.be\/WordPress3\/wp-content\/uploads\/2014\/01\/Melting-Pot-081214.mp3\">Melting Pot 081214<\/a><\/p>\n","protected":false},"excerpt":{"rendered":"<p>8\/12\/14 :\u00a0Weyrich \u00e9dition est une maison fond\u00e9e par Olivier Weyrich, un imprimeur wallon passionn\u00e9 par les livres. Son si\u00e8ge se situe \u00e0 Neufch\u00e2teau, dans les Ardennes et elle a pour sp\u00e9cificit\u00e9 de d\u00e9fendre la litt\u00e9rature r\u00e9gionale de qualit\u00e9. L\u2019\u0153uvre de &hellip; <a href=\"https:\/\/evelyneguzy.be\/WordPress3\/?page_id=1100\">Continuer la lecture <span class=\"meta-nav\">&rarr;<\/span><\/a><\/p>\n","protected":false},"author":1,"featured_media":0,"parent":796,"menu_order":30,"comment_status":"closed","ping_status":"open","template":"","meta":{"footnotes":""},"class_list":["post-1100","page","type-page","status-publish","hentry"],"_links":{"self":[{"href":"https:\/\/evelyneguzy.be\/WordPress3\/index.php?rest_route=\/wp\/v2\/pages\/1100","targetHints":{"allow":["GET"]}}],"collection":[{"href":"https:\/\/evelyneguzy.be\/WordPress3\/index.php?rest_route=\/wp\/v2\/pages"}],"about":[{"href":"https:\/\/evelyneguzy.be\/WordPress3\/index.php?rest_route=\/wp\/v2\/types\/page"}],"author":[{"embeddable":true,"href":"https:\/\/evelyneguzy.be\/WordPress3\/index.php?rest_route=\/wp\/v2\/users\/1"}],"replies":[{"embeddable":true,"href":"https:\/\/evelyneguzy.be\/WordPress3\/index.php?rest_route=%2Fwp%2Fv2%2Fcomments&post=1100"}],"version-history":[{"count":4,"href":"https:\/\/evelyneguzy.be\/WordPress3\/index.php?rest_route=\/wp\/v2\/pages\/1100\/revisions"}],"predecessor-version":[{"id":1108,"href":"https:\/\/evelyneguzy.be\/WordPress3\/index.php?rest_route=\/wp\/v2\/pages\/1100\/revisions\/1108"}],"up":[{"embeddable":true,"href":"https:\/\/evelyneguzy.be\/WordPress3\/index.php?rest_route=\/wp\/v2\/pages\/796"}],"wp:attachment":[{"href":"https:\/\/evelyneguzy.be\/WordPress3\/index.php?rest_route=%2Fwp%2Fv2%2Fmedia&parent=1100"}],"curies":[{"name":"wp","href":"https:\/\/api.w.org\/{rel}","templated":true}]}}