{"id":1109,"date":"2014-12-15T11:15:33","date_gmt":"2014-12-15T10:15:33","guid":{"rendered":"http:\/\/evelyneguzy.be\/WordPress3\/?page_id=1109"},"modified":"2015-01-13T22:15:15","modified_gmt":"2015-01-13T21:15:15","slug":"jean-pierre-orban-vera","status":"publish","type":"page","link":"https:\/\/evelyneguzy.be\/WordPress3\/?page_id=1109","title":{"rendered":"Jean-Pierre Orban, Vera"},"content":{"rendered":"<p>15\/12\/14 : Sans doute peut-on dire sans se tromper que <strong>Jean-Pierre Orban<\/strong> est un citoyen du monde. N\u00e9 d\u2019un p\u00e8re belge et d\u2019une m\u00e8re italienne, il a v\u00e9cu \u00e0 Bruxelles et \u00e0 Londres. Il habite aujourd\u2019hui Paris et dirige la collection <em>Pulsations<\/em> chez l\u2019\u00e9diteur Vent d\u2019ailleurs. Comme auteur, il s\u2019est illustr\u00e9 dans plusieurs genres\u00a0: le th\u00e9\u00e2tre, la litt\u00e9rature jeunesse et la nouvelle. Son premier roman, <em>Vera<\/em>, a failli emporter le prix Rossel cette ann\u00e9e. Il s\u2019est class\u00e9 derri\u00e8re le livre d\u2019Edwige Jeanmart, <em>Blan\u00e8s<\/em>, dont nous avons d\u00e9j\u00e0 parl\u00e9. <em>Vera<\/em> est publi\u00e9 par une excellente maison fran\u00e7aise, Le Mercure de France. Mais avant cela, c\u2019est un \u00e9diteur bruxellois, Bernard Gilson, qui a flair\u00e9 le talent et publi\u00e9 les premi\u00e8res \u0153uvres d\u2019Orban. Les contraintes financi\u00e8res et les mutations du monde de l\u2019\u00e9dition ont forc\u00e9 Bernard Gilson \u00e0 cesser son activit\u00e9. Il a publi\u00e9 mon premier roman, <em><a title=\"Dans le Sang\" href=\"http:\/\/evelyneguzy.be\/WordPress3\/?page_id=37\" target=\"_blank\">Dans le sang<\/a><\/em>. Et, j\u2019ai forcement aujourd\u2019hui une tendre pens\u00e9e pour lui\u2026<\/p>\n<h1><img decoding=\"async\" class=\"alignleft\" title=\"Orban\" src=\"http:\/\/www.mercuredefrance.fr\/images\/livre_affiche_2272.jpg\" alt=\"\" width=\"250\" \/>\u00a0<strong>Jean-Pierre Orban,\u00a0<em>Vera<\/em>, Mercure de France. Roman<\/strong><\/h1>\n<p><strong><\/strong>Le livre de Jean-Pierre Orban<em> <\/em>nous plonge dans un milieu tr\u00e8s particulier, une sorte de reflet de l\u2019Italie au c\u0153ur de Londres, avant-guerre. \u00a0: Little Italy o\u00f9 na\u00eet <strong><em>Vera<\/em><\/strong>, l\u2019h\u00e9ro\u00efne du roman, dans une famille pauvre fra\u00eechement immigr\u00e9e. Ada, sa m\u00e8re, tient un commerce h\u00e9t\u00e9roclite, qui ressemble plus \u00e0 un capharna\u00fcm qu\u2019\u00e0 une \u00e9choppe de brocanteur. Analphab\u00e8te et plut\u00f4t nigaud, Augusto, son p\u00e8re, travaille comme docker. Avec l\u2019ironie de ceux qui ont honte de leur milieu d\u2019origine, Vera le surnomme \u00ab\u00a0Le Clown\u00a0\u00bb.<\/p>\n<p>Au d\u00e9but de sa vie, tout semble sourire \u00e0 Vera. Rep\u00e9r\u00e9e par des propagandistes, elle devient rapidement la coqueluche des milieux mussoliniens li\u00e9s \u00e0 l\u2019ambassade. Elle suit les cours d\u2019Italien organis\u00e9s pour les enfants, d\u00e9vore des livres \u00e0 la gloire de l\u2019Italie et de son remarquable pass\u00e9, marche au pas lors de grands rassemblements o\u00f9 se scande la propagande du Duce. Toute \u00e0 sa soif d\u2019apprendre, elle se laisse entra\u00eener par l\u2019euphorie du fascisme. Vera, venue de rien, perdue dans l\u2019anonymat de ses origines, existe enfin. Plus qu\u2019\u00e0 ses parents, elle appartient d\u00e8s lors \u00e0 l\u2019Italie et \u00e0 son glorieux destin.<\/p>\n<p>Car oui, les parents de Vera sont des gens simples, mais pas sans histoire, tant on sait que l\u2019immigration est une aventure. Leurs tourments auraient pu s\u2019arr\u00eater l\u00e0, si la guerre n\u2019\u00e9tait survenue, faisant de chaque ressortissant italien un suspect, sinon un ennemi, d\u00fbment d\u00e9sign\u00e9 par Winston Churchill, le Premier ministre britannique. Dans de telles circonstances, l\u2019histoire individuelle ne peut se d\u00e9tacher de la Grande Histoire. Comme nombre d\u2019Italiens, le p\u00e8re de Vera est arr\u00eat\u00e9 et, lui, Le Clown, l\u2019innocent par excellence, paiera de sa vie d\u2019\u00eatre n\u00e9 dans le camp ennemi. Vera se sent coupable\u00a0: n\u2019est-ce pas elle, la fasciste de la famille\u00a0? Elle n\u2019aura alors de cesse de s\u2019affranchir de ses fascinations d\u2019enfant, de Dieu et de l\u2019Italie. La vie se montrera rancuni\u00e8re, cependant&#8230;<\/p>\n<p>Avec Vera, Jean-Pierre Orban nous offre un ouvrage n\u00e9cessaire, qui ouvre les yeux sur un aspect m\u00e9connu de la Seconde Guerre mondiale. La trag\u00e9die de Vera nous est cont\u00e9e dans un style subtil et ma\u00eetris\u00e9, sans pathos inutile. Nous p\u00e9n\u00e9trons ainsi au plus profond des ses tourments, qui sont aussi ceux d\u2019une \u00e9poque. Incarn\u00e9e par Vera et les autres protagonistes du roman, l\u2019Histoire devient vivante. Nous sortons de cette lecture meilleurs car, sans doute, avons-nous pu nous d\u00e9lester de certains pr\u00e9jug\u00e9s.<\/p>\n","protected":false},"excerpt":{"rendered":"<p>15\/12\/14 : Sans doute peut-on dire sans se tromper que Jean-Pierre Orban est un citoyen du monde. N\u00e9 d\u2019un p\u00e8re belge et d\u2019une m\u00e8re italienne, il a v\u00e9cu \u00e0 Bruxelles et \u00e0 Londres. Il habite aujourd\u2019hui Paris et dirige la &hellip; <a href=\"https:\/\/evelyneguzy.be\/WordPress3\/?page_id=1109\">Continuer la lecture <span class=\"meta-nav\">&rarr;<\/span><\/a><\/p>\n","protected":false},"author":1,"featured_media":0,"parent":796,"menu_order":31,"comment_status":"closed","ping_status":"open","template":"","meta":{"footnotes":""},"class_list":["post-1109","page","type-page","status-publish","hentry"],"_links":{"self":[{"href":"https:\/\/evelyneguzy.be\/WordPress3\/index.php?rest_route=\/wp\/v2\/pages\/1109","targetHints":{"allow":["GET"]}}],"collection":[{"href":"https:\/\/evelyneguzy.be\/WordPress3\/index.php?rest_route=\/wp\/v2\/pages"}],"about":[{"href":"https:\/\/evelyneguzy.be\/WordPress3\/index.php?rest_route=\/wp\/v2\/types\/page"}],"author":[{"embeddable":true,"href":"https:\/\/evelyneguzy.be\/WordPress3\/index.php?rest_route=\/wp\/v2\/users\/1"}],"replies":[{"embeddable":true,"href":"https:\/\/evelyneguzy.be\/WordPress3\/index.php?rest_route=%2Fwp%2Fv2%2Fcomments&post=1109"}],"version-history":[{"count":3,"href":"https:\/\/evelyneguzy.be\/WordPress3\/index.php?rest_route=\/wp\/v2\/pages\/1109\/revisions"}],"predecessor-version":[{"id":1115,"href":"https:\/\/evelyneguzy.be\/WordPress3\/index.php?rest_route=\/wp\/v2\/pages\/1109\/revisions\/1115"}],"up":[{"embeddable":true,"href":"https:\/\/evelyneguzy.be\/WordPress3\/index.php?rest_route=\/wp\/v2\/pages\/796"}],"wp:attachment":[{"href":"https:\/\/evelyneguzy.be\/WordPress3\/index.php?rest_route=%2Fwp%2Fv2%2Fmedia&parent=1109"}],"curies":[{"name":"wp","href":"https:\/\/api.w.org\/{rel}","templated":true}]}}