{"id":1454,"date":"2020-10-19T10:43:59","date_gmt":"2020-10-19T08:43:59","guid":{"rendered":"https:\/\/evelyneguzy.be\/WordPress3\/?page_id=1454"},"modified":"2020-10-20T11:11:00","modified_gmt":"2020-10-20T09:11:00","slug":"samuel-paty-tout-est-dit","status":"publish","type":"page","link":"https:\/\/evelyneguzy.be\/WordPress3\/?page_id=1454","title":{"rendered":"Samuel Paty, tout est dit"},"content":{"rendered":"\n<div class=\"wp-block-group alignwide\"><div class=\"wp-block-group__inner-container is-layout-flow wp-block-group-is-layout-flow\">\n<div class=\"wp-block-image\"><figure class=\"alignleft is-resized\"><img loading=\"lazy\" decoding=\"async\" src=\"https:\/\/evelyneguzy.be\/WordPress3\/wp-content\/uploads\/2020\/10\/FCC50840-CB67-48B4-901F-54B1A93C8BA0-819x1024.jpeg\" alt=\"\" class=\"wp-image-1464\" width=\"243\" height=\"303\" srcset=\"https:\/\/evelyneguzy.be\/WordPress3\/wp-content\/uploads\/2020\/10\/FCC50840-CB67-48B4-901F-54B1A93C8BA0-819x1024.jpeg 819w, https:\/\/evelyneguzy.be\/WordPress3\/wp-content\/uploads\/2020\/10\/FCC50840-CB67-48B4-901F-54B1A93C8BA0-240x300.jpeg 240w, https:\/\/evelyneguzy.be\/WordPress3\/wp-content\/uploads\/2020\/10\/FCC50840-CB67-48B4-901F-54B1A93C8BA0-768x960.jpeg 768w, https:\/\/evelyneguzy.be\/WordPress3\/wp-content\/uploads\/2020\/10\/FCC50840-CB67-48B4-901F-54B1A93C8BA0-1229x1536.jpeg 1229w, https:\/\/evelyneguzy.be\/WordPress3\/wp-content\/uploads\/2020\/10\/FCC50840-CB67-48B4-901F-54B1A93C8BA0.jpeg 1440w\" sizes=\"auto, (max-width: 243px) 100vw, 243px\" \/><figcaption>(c) Jean-Claude de Castelbajac<\/figcaption><\/figure><\/div>\n<\/div><\/div>\n\n\n\n<p>En saignant.&nbsp;<br \/>Aujourd\u2019hui, \u00e7a dit bien son nom.<br \/>Prof et f\u00eate.<br \/>Aujourd\u2019hui, un non-sens sans nom.<br \/>Samuel, pourtant. Le proph\u00e8te.<br \/>Nom de Dieu, \u00e9tymologiquement.<br \/>Paty de patere, souffrir, subir.&nbsp;<br \/>Dieu dont l\u2019id\u00e9e souffre en moi.<\/p>\n\n\n\n<p>Samuel Paty. Paix \u00e0 son \u00e2me.&nbsp;<br \/>Pas \u00e0 la n\u00f4tre.&nbsp;<br \/>Sauvons la libert\u00e9.<\/p>\n\n\n\n<p>16 octobre 2020<br \/><\/p>\n","protected":false},"excerpt":{"rendered":"<p>En saignant.&nbsp;Aujourd\u2019hui, \u00e7a dit bien son nom.Prof et f\u00eate.Aujourd\u2019hui, un non-sens sans nom.Samuel, pourtant. Le proph\u00e8te.Nom de Dieu, \u00e9tymologiquement.Paty de patere, souffrir, subir.&nbsp;Dieu dont l\u2019id\u00e9e souffre en moi. Samuel Paty. Paix \u00e0 son \u00e2me.&nbsp;Pas \u00e0 la n\u00f4tre.&nbsp;Sauvons la libert\u00e9. 16 &hellip; <a href=\"https:\/\/evelyneguzy.be\/WordPress3\/?page_id=1454\">Continuer la lecture <span class=\"meta-nav\">&rarr;<\/span><\/a><\/p>\n","protected":false},"author":1,"featured_media":0,"parent":1124,"menu_order":5,"comment_status":"closed","ping_status":"closed","template":"","meta":{"footnotes":""},"class_list":["post-1454","page","type-page","status-publish","hentry"],"_links":{"self":[{"href":"https:\/\/evelyneguzy.be\/WordPress3\/index.php?rest_route=\/wp\/v2\/pages\/1454","targetHints":{"allow":["GET"]}}],"collection":[{"href":"https:\/\/evelyneguzy.be\/WordPress3\/index.php?rest_route=\/wp\/v2\/pages"}],"about":[{"href":"https:\/\/evelyneguzy.be\/WordPress3\/index.php?rest_route=\/wp\/v2\/types\/page"}],"author":[{"embeddable":true,"href":"https:\/\/evelyneguzy.be\/WordPress3\/index.php?rest_route=\/wp\/v2\/users\/1"}],"replies":[{"embeddable":true,"href":"https:\/\/evelyneguzy.be\/WordPress3\/index.php?rest_route=%2Fwp%2Fv2%2Fcomments&post=1454"}],"version-history":[{"count":3,"href":"https:\/\/evelyneguzy.be\/WordPress3\/index.php?rest_route=\/wp\/v2\/pages\/1454\/revisions"}],"predecessor-version":[{"id":1473,"href":"https:\/\/evelyneguzy.be\/WordPress3\/index.php?rest_route=\/wp\/v2\/pages\/1454\/revisions\/1473"}],"up":[{"embeddable":true,"href":"https:\/\/evelyneguzy.be\/WordPress3\/index.php?rest_route=\/wp\/v2\/pages\/1124"}],"wp:attachment":[{"href":"https:\/\/evelyneguzy.be\/WordPress3\/index.php?rest_route=%2Fwp%2Fv2%2Fmedia&parent=1454"}],"curies":[{"name":"wp","href":"https:\/\/api.w.org\/{rel}","templated":true}]}}