{"id":169,"date":"2011-11-28T10:29:49","date_gmt":"2011-11-28T09:29:49","guid":{"rendered":"http:\/\/evelyneguzy.be\/WordPress3\/?page_id=169"},"modified":"2023-09-15T12:36:40","modified_gmt":"2023-09-15T10:36:40","slug":"bookleg","status":"publish","type":"page","link":"https:\/\/evelyneguzy.be\/WordPress3\/?page_id=169","title":{"rendered":"Nouvelles"},"content":{"rendered":"\n<figure class=\"wp-block-image size-large is-style-default\"><a href=\"https:\/\/evelyneguzy.be\/WordPress3\/wp-content\/uploads\/2023\/09\/IMG_2792.jpeg\"><img loading=\"lazy\" decoding=\"async\" width=\"1024\" height=\"1017\" src=\"https:\/\/evelyneguzy.be\/WordPress3\/wp-content\/uploads\/2023\/09\/IMG_2792-1024x1017.jpeg\" alt=\"\" class=\"wp-image-1833\" srcset=\"https:\/\/evelyneguzy.be\/WordPress3\/wp-content\/uploads\/2023\/09\/IMG_2792-1024x1017.jpeg 1024w, https:\/\/evelyneguzy.be\/WordPress3\/wp-content\/uploads\/2023\/09\/IMG_2792-300x298.jpeg 300w, https:\/\/evelyneguzy.be\/WordPress3\/wp-content\/uploads\/2023\/09\/IMG_2792-150x150.jpeg 150w, https:\/\/evelyneguzy.be\/WordPress3\/wp-content\/uploads\/2023\/09\/IMG_2792-768x762.jpeg 768w, https:\/\/evelyneguzy.be\/WordPress3\/wp-content\/uploads\/2023\/09\/IMG_2792-302x300.jpeg 302w, https:\/\/evelyneguzy.be\/WordPress3\/wp-content\/uploads\/2023\/09\/IMG_2792.jpeg 1388w\" sizes=\"auto, (max-width: 1024px) 100vw, 1024px\" \/><\/a><\/figure>\n\n\n\n<p>Evelyne Guzy a publi\u00e9 des formes courtes dans des ouvrages collectifs ou en revue. Elle est \u00e9galement l&rsquo;auteur d&rsquo;un recueil de nouvelles, paru en 2023 chez Ker \u00e9ditions, dans la collection <em>Belgiques<\/em>, et sous-titr\u00e9 <em>Ce qui reste quand on a tout oubli\u00e9<\/em>&#8230;, ainsi que d&rsquo;un bookleg, <em>Bruxelles-les-Eaux<\/em>, paru chez Maelstr\u00f6m R\u00e9Evolution en 2010.  <\/p>\n","protected":false},"excerpt":{"rendered":"<p>Evelyne Guzy a publi\u00e9 des formes courtes dans des ouvrages collectifs ou en revue. Elle est \u00e9galement l&rsquo;auteur d&rsquo;un recueil de nouvelles, paru en 2023 chez Ker \u00e9ditions, dans la collection Belgiques, et sous-titr\u00e9 Ce qui reste quand on a &hellip; <a href=\"https:\/\/evelyneguzy.be\/WordPress3\/?page_id=169\">Continuer la lecture <span class=\"meta-nav\">&rarr;<\/span><\/a><\/p>\n","protected":false},"author":1,"featured_media":0,"parent":0,"menu_order":3,"comment_status":"closed","ping_status":"open","template":"","meta":{"footnotes":""},"class_list":["post-169","page","type-page","status-publish","hentry"],"_links":{"self":[{"href":"https:\/\/evelyneguzy.be\/WordPress3\/index.php?rest_route=\/wp\/v2\/pages\/169","targetHints":{"allow":["GET"]}}],"collection":[{"href":"https:\/\/evelyneguzy.be\/WordPress3\/index.php?rest_route=\/wp\/v2\/pages"}],"about":[{"href":"https:\/\/evelyneguzy.be\/WordPress3\/index.php?rest_route=\/wp\/v2\/types\/page"}],"author":[{"embeddable":true,"href":"https:\/\/evelyneguzy.be\/WordPress3\/index.php?rest_route=\/wp\/v2\/users\/1"}],"replies":[{"embeddable":true,"href":"https:\/\/evelyneguzy.be\/WordPress3\/index.php?rest_route=%2Fwp%2Fv2%2Fcomments&post=169"}],"version-history":[{"count":22,"href":"https:\/\/evelyneguzy.be\/WordPress3\/index.php?rest_route=\/wp\/v2\/pages\/169\/revisions"}],"predecessor-version":[{"id":1879,"href":"https:\/\/evelyneguzy.be\/WordPress3\/index.php?rest_route=\/wp\/v2\/pages\/169\/revisions\/1879"}],"wp:attachment":[{"href":"https:\/\/evelyneguzy.be\/WordPress3\/index.php?rest_route=%2Fwp%2Fv2%2Fmedia&parent=169"}],"curies":[{"name":"wp","href":"https:\/\/api.w.org\/{rel}","templated":true}]}}