{"id":175,"date":"2011-11-28T10:32:24","date_gmt":"2011-11-28T09:32:24","guid":{"rendered":"http:\/\/evelyneguzy.be\/WordPress3\/?page_id=175"},"modified":"2020-01-31T15:20:47","modified_gmt":"2020-01-31T14:20:47","slug":"contact-2","status":"publish","type":"page","link":"https:\/\/evelyneguzy.be\/WordPress3\/?page_id=175","title":{"rendered":"Collectifs"},"content":{"rendered":"<p><a href=\"http:\/\/evelyneguzy.be\/WordPress3\/wp-content\/uploads\/2011\/11\/affiche-autre-c\u00f4t\u00e9.jpg\"><img decoding=\"async\" class=\"alignleft  wp-image-82\" title=\"Affiche Nouvel an po\u00e9tique\" src=\"\/WordPress3\/wp-content\/uploads\/2011\/11\/affiche-autre-c\u00f4t\u00e9.jpg\" alt=\"\" width=\"190\"\/><\/a>Si le moment de l&rsquo;\u00e9criture est souvent solitaire, un texte est tout d&rsquo;abord destin\u00e9 \u00e0 \u00eatre partag\u00e9. Evelyne aime ces moments privil\u00e9gi\u00e9s o\u00f9 il s&rsquo;agit de construire, ensemble, une oeuvre commune pour le bonheur des lecteurs.<\/p>\n<div id=\"attachment_787\" style=\"width: 260px\" class=\"wp-caption alignright\"><a href=\"http:\/\/evelyneguzy.be\/WordPress3\/wp-content\/uploads\/2011\/11\/Imagie-Tissage-\u00e0-quatre-mains-Evelyne-Guzy-Patrick-Pierre.jpg\"><img loading=\"lazy\" decoding=\"async\" aria-describedby=\"caption-attachment-787\" class=\"wp-image-787        \" title=\"Imagie - Tissage \u00e0 quatre mains - Evelyne Guzy &amp; Patrick Pierre\" src=\"\/WordPress3\/wp-content\/uploads\/2011\/11\/Imagie-Tissage-\u00e0-quatre-mains-Evelyne-Guzy-Patrick-Pierre.jpg\" alt=\"\" width=\"250\" height=\"375\" srcset=\"https:\/\/evelyneguzy.be\/WordPress3\/wp-content\/uploads\/2011\/11\/Imagie-Tissage-\u00e0-quatre-mains-Evelyne-Guzy-Patrick-Pierre.jpg 1772w, https:\/\/evelyneguzy.be\/WordPress3\/wp-content\/uploads\/2011\/11\/Imagie-Tissage-\u00e0-quatre-mains-Evelyne-Guzy-Patrick-Pierre-200x300.jpg 200w, https:\/\/evelyneguzy.be\/WordPress3\/wp-content\/uploads\/2011\/11\/Imagie-Tissage-\u00e0-quatre-mains-Evelyne-Guzy-Patrick-Pierre-682x1024.jpg 682w\" sizes=\"auto, (max-width: 250px) 100vw, 250px\" \/><\/a><p id=\"caption-attachment-787\" class=\"wp-caption-text\">Imagie (c) Evelyne Guzy &amp; Patrick Pierre<\/p><\/div>\n","protected":false},"excerpt":{"rendered":"<p>Si le moment de l&rsquo;\u00e9criture est souvent solitaire, un texte est tout d&rsquo;abord destin\u00e9 \u00e0 \u00eatre partag\u00e9. Evelyne aime ces moments privil\u00e9gi\u00e9s o\u00f9 il s&rsquo;agit de construire, ensemble, une oeuvre commune pour le bonheur des lecteurs.<\/p>\n","protected":false},"author":1,"featured_media":0,"parent":0,"menu_order":5,"comment_status":"closed","ping_status":"open","template":"","meta":{"footnotes":""},"class_list":["post-175","page","type-page","status-publish","hentry"],"_links":{"self":[{"href":"https:\/\/evelyneguzy.be\/WordPress3\/index.php?rest_route=\/wp\/v2\/pages\/175","targetHints":{"allow":["GET"]}}],"collection":[{"href":"https:\/\/evelyneguzy.be\/WordPress3\/index.php?rest_route=\/wp\/v2\/pages"}],"about":[{"href":"https:\/\/evelyneguzy.be\/WordPress3\/index.php?rest_route=\/wp\/v2\/types\/page"}],"author":[{"embeddable":true,"href":"https:\/\/evelyneguzy.be\/WordPress3\/index.php?rest_route=\/wp\/v2\/users\/1"}],"replies":[{"embeddable":true,"href":"https:\/\/evelyneguzy.be\/WordPress3\/index.php?rest_route=%2Fwp%2Fv2%2Fcomments&post=175"}],"version-history":[{"count":15,"href":"https:\/\/evelyneguzy.be\/WordPress3\/index.php?rest_route=\/wp\/v2\/pages\/175\/revisions"}],"predecessor-version":[{"id":1390,"href":"https:\/\/evelyneguzy.be\/WordPress3\/index.php?rest_route=\/wp\/v2\/pages\/175\/revisions\/1390"}],"wp:attachment":[{"href":"https:\/\/evelyneguzy.be\/WordPress3\/index.php?rest_route=%2Fwp%2Fv2%2Fmedia&parent=175"}],"curies":[{"name":"wp","href":"https:\/\/api.w.org\/{rel}","templated":true}]}}