{"id":1764,"date":"2022-12-10T18:14:39","date_gmt":"2022-12-10T17:14:39","guid":{"rendered":"https:\/\/evelyneguzy.be\/WordPress3\/?page_id=1764"},"modified":"2022-12-10T18:16:36","modified_gmt":"2022-12-10T17:16:36","slug":"changer-le-monde","status":"publish","type":"page","link":"https:\/\/evelyneguzy.be\/WordPress3\/?page_id=1764","title":{"rendered":"Changer le monde"},"content":{"rendered":"<div class=\"wp-block-image is-style-default\">\n<figure class=\"alignleft size-large is-resized\"><a href=\"https:\/\/evelyneguzy.be\/WordPress3\/wp-content\/uploads\/2022\/12\/IMG_5134.jpg\"><img loading=\"lazy\" decoding=\"async\" src=\"https:\/\/evelyneguzy.be\/WordPress3\/wp-content\/uploads\/2022\/12\/IMG_5134-1024x768.jpg\" alt=\"\" class=\"wp-image-1765\" width=\"564\" height=\"423\" srcset=\"https:\/\/evelyneguzy.be\/WordPress3\/wp-content\/uploads\/2022\/12\/IMG_5134-1024x768.jpg 1024w, https:\/\/evelyneguzy.be\/WordPress3\/wp-content\/uploads\/2022\/12\/IMG_5134-300x225.jpg 300w, https:\/\/evelyneguzy.be\/WordPress3\/wp-content\/uploads\/2022\/12\/IMG_5134-768x576.jpg 768w, https:\/\/evelyneguzy.be\/WordPress3\/wp-content\/uploads\/2022\/12\/IMG_5134-1536x1152.jpg 1536w, https:\/\/evelyneguzy.be\/WordPress3\/wp-content\/uploads\/2022\/12\/IMG_5134-400x300.jpg 400w, https:\/\/evelyneguzy.be\/WordPress3\/wp-content\/uploads\/2022\/12\/IMG_5134.jpg 2048w\" sizes=\"auto, (max-width: 564px) 100vw, 564px\" \/><\/a><figcaption class=\"wp-element-caption\">Pr\u00e9sentation de La Mal\u00e9diction des Mots \u00e0 Miami (01\/2022)<\/figcaption><\/figure>\n<\/div>\n\n\n<p>Changer le monde,<\/p>\n\n\n\n<p>Dit l\u2019affiche derri\u00e8re moi<\/p>\n\n\n\n<p>Changer le monde.<\/p>\n\n\n\n<p>La terre se fait visage.<\/p>\n\n\n\n<p>Mon histoire se fait tienne.<\/p>\n\n\n\n<p><a><\/a>Est-ce cela \u00e9crire ?<\/p>\n\n\n\n<p>Offrir mon histoire en partage,<\/p>\n\n\n\n<p>Comme t\u00e9moignage<\/p>\n\n\n\n<p>De notre commune humanit\u00e9 ?<\/p>\n\n\n\n<p>Changer le monde.<\/p>\n\n\n\n<p>Mon pass\u00e9 \u00e9pouse le tien.<\/p>\n\n\n\n<p>Notre futur se conjugue.<\/p>\n\n\n\n<p>Changer le monde,<\/p>\n\n\n\n<p>Ensemble.<\/p>\n","protected":false},"excerpt":{"rendered":"<p>Changer le monde, Dit l\u2019affiche derri\u00e8re moi Changer le monde. La terre se fait visage. Mon histoire se fait tienne. Est-ce cela \u00e9crire ? Offrir mon histoire en partage, Comme t\u00e9moignage De notre commune humanit\u00e9 ? Changer le monde. Mon &hellip; <a href=\"https:\/\/evelyneguzy.be\/WordPress3\/?page_id=1764\">Continuer la lecture <span class=\"meta-nav\">&rarr;<\/span><\/a><\/p>\n","protected":false},"author":1,"featured_media":0,"parent":1124,"menu_order":11,"comment_status":"closed","ping_status":"closed","template":"","meta":{"footnotes":""},"class_list":["post-1764","page","type-page","status-publish","hentry"],"_links":{"self":[{"href":"https:\/\/evelyneguzy.be\/WordPress3\/index.php?rest_route=\/wp\/v2\/pages\/1764","targetHints":{"allow":["GET"]}}],"collection":[{"href":"https:\/\/evelyneguzy.be\/WordPress3\/index.php?rest_route=\/wp\/v2\/pages"}],"about":[{"href":"https:\/\/evelyneguzy.be\/WordPress3\/index.php?rest_route=\/wp\/v2\/types\/page"}],"author":[{"embeddable":true,"href":"https:\/\/evelyneguzy.be\/WordPress3\/index.php?rest_route=\/wp\/v2\/users\/1"}],"replies":[{"embeddable":true,"href":"https:\/\/evelyneguzy.be\/WordPress3\/index.php?rest_route=%2Fwp%2Fv2%2Fcomments&post=1764"}],"version-history":[{"count":3,"href":"https:\/\/evelyneguzy.be\/WordPress3\/index.php?rest_route=\/wp\/v2\/pages\/1764\/revisions"}],"predecessor-version":[{"id":1768,"href":"https:\/\/evelyneguzy.be\/WordPress3\/index.php?rest_route=\/wp\/v2\/pages\/1764\/revisions\/1768"}],"up":[{"embeddable":true,"href":"https:\/\/evelyneguzy.be\/WordPress3\/index.php?rest_route=\/wp\/v2\/pages\/1124"}],"wp:attachment":[{"href":"https:\/\/evelyneguzy.be\/WordPress3\/index.php?rest_route=%2Fwp%2Fv2%2Fmedia&parent=1764"}],"curies":[{"name":"wp","href":"https:\/\/api.w.org\/{rel}","templated":true}]}}