{"id":1892,"date":"2023-12-07T16:26:59","date_gmt":"2023-12-07T15:26:59","guid":{"rendered":"https:\/\/evelyneguzy.be\/WordPress3\/?page_id=1892"},"modified":"2023-12-07T20:48:11","modified_gmt":"2023-12-07T19:48:11","slug":"hommage-a-albert-camus-creer-cest-vivre-deux-fois","status":"publish","type":"page","link":"https:\/\/evelyneguzy.be\/WordPress3\/?page_id=1892","title":{"rendered":"Hommage \u00e0 Albert Camus. Cr\u00e9er c&rsquo;est vivre deux fois"},"content":{"rendered":"<div class=\"wp-block-image is-style-default\">\n<figure class=\"aligncenter size-full is-resized\"><a href=\"https:\/\/evelyneguzy.be\/WordPress3\/wp-content\/uploads\/2023\/12\/IMG_2885.jpeg\"><img loading=\"lazy\" decoding=\"async\" width=\"664\" height=\"960\" src=\"https:\/\/evelyneguzy.be\/WordPress3\/wp-content\/uploads\/2023\/12\/IMG_2885.jpeg\" alt=\"\" class=\"wp-image-1896\" style=\"width:357px;height:auto\" srcset=\"https:\/\/evelyneguzy.be\/WordPress3\/wp-content\/uploads\/2023\/12\/IMG_2885.jpeg 664w, https:\/\/evelyneguzy.be\/WordPress3\/wp-content\/uploads\/2023\/12\/IMG_2885-208x300.jpeg 208w\" sizes=\"auto, (max-width: 664px) 100vw, 664px\" \/><\/a><\/figure>\n<\/div>\n\n\n<p><strong><em>Editons Rencontre des auteurs francophones, 2023<\/em><\/strong><\/p>\n\n\n\n<p><strong>Extrait<\/strong> <\/p>\n\n\n\n<p><strong><em>Et mes morts verront le jour&#8230; <\/em>Profession de foi<em> <\/em>camusienne<\/strong><\/p>\n\n\n\n<p>Ils sont tous l\u00e0.&nbsp;<\/p>\n\n\n\n<p>Frank, Catherine, Albert, C\u00e9cile, et tous les autres.&nbsp;<\/p>\n\n\n\n<p>Abdel, Sylviane, Corine, Rapha\u00ebl, et tous les autres.<\/p>\n\n\n\n<p>Les pr\u00e9sents, les pass\u00e9s et ceux \u00e0 venir.<\/p>\n\n\n\n<p>En moi.<\/p>\n\n\n\n<p>Certains sont sortis tout en y restant, d\u2019autres m\u2019habitent encore, je couve ceux qui sont en gestation.<\/p>\n\n\n\n<p>Mes personnages, mais \u00e0 quoi bon&nbsp;?<\/p>\n\n\n\n<p>A quoi bon (re)cr\u00e9er des vies, toutes ces vies sans existence. A quoi bon \u00e9crire, sinon \u00e0 quoi bon vivre&nbsp;? \u00ab&nbsp;Il n&rsquo;y a qu&rsquo;un probl\u00e8me philosophique vraiment s\u00e9rieux&nbsp;: c&rsquo;est le suicide&nbsp;\u00bb, disait Camus. Se d\u00e9partir de l\u2019absurdit\u00e9 de nos pr\u00e9sences pour se perdre \u00e0 jamais dans le n\u00e9ant&nbsp;? Ou plonger ma plume dans le sang des absents ou des inexistants pour leur (re)donner un souffle&nbsp;? Exprimer une douce r\u00e9volte en racontant l\u2019histoire de ceux qui, jamais, n\u2019auraient d\u00fb dispara\u00eetre ou d\u2019autres, qui n\u2019ont pas eu la chance de voir le jour.&nbsp;<\/p>\n\n\n\n<p>Mais \u00e0 la fin, nous partageons tous le m\u00eame in\u00e9luctable destin. La mort nous r\u00e9unit. D\u00e8s lors, quel sens donner \u00e0 mon entreprise&nbsp;? Aucun, et c\u2019est bien ainsi.<\/p>\n\n\n\n<h2 class=\"wp-block-heading\">Le commentaire de Sam Touzani<\/h2>\n\n\n\n<p>Ton texte m&rsquo;a profond\u00e9ment touch\u00e9 et m&rsquo;a imm\u00e9diatement rappel\u00e9 cette r\u00e9flexion de Camus sur le suicide, qui, dans son absurdit\u00e9, interroge le sens de la vie. En te lisant, je ne peux m&#8217;emp\u00eacher de penser que peut-\u00eatre \u00e9crire un&nbsp;<a><\/a>livre, c&rsquo;est d&rsquo;une certaine mani\u00e8re postposer son propre suicide. C&rsquo;est comme si, par l&rsquo;\u00e9criture, on prenait la mort par le cou pour la regarder en face, non pas avec d\u00e9sespoir, mais avec une curiosit\u00e9 philosophique, une acceptation de notre finitude.<\/p>\n\n\n\n<p>Ecrire c&rsquo;est donner un souffle, une existence, si \u00e9ph\u00e9m\u00e8re soit-elle, dans le grand r\u00e9cit de l&rsquo;humanit\u00e9. Un acte de r\u00e9sistance contre l&rsquo;inexorable mort, un refus de se laisser engloutir par le n\u00e9ant. C&rsquo;est ouvrir des fen\u00eatres dans des murs qui semblaient infranchissables.<\/p>\n\n\n\n<p><\/p>\n","protected":false},"excerpt":{"rendered":"<p>Editons Rencontre des auteurs francophones, 2023 Extrait Et mes morts verront le jour&#8230; Profession de foi camusienne Ils sont tous l\u00e0.&nbsp; Frank, Catherine, Albert, C\u00e9cile, et tous les autres.&nbsp; Abdel, Sylviane, Corine, Rapha\u00ebl, et tous les autres. Les pr\u00e9sents, les &hellip; <a href=\"https:\/\/evelyneguzy.be\/WordPress3\/?page_id=1892\">Continuer la lecture <span class=\"meta-nav\">&rarr;<\/span><\/a><\/p>\n","protected":false},"author":1,"featured_media":0,"parent":175,"menu_order":7,"comment_status":"closed","ping_status":"closed","template":"","meta":{"footnotes":""},"class_list":["post-1892","page","type-page","status-publish","hentry"],"_links":{"self":[{"href":"https:\/\/evelyneguzy.be\/WordPress3\/index.php?rest_route=\/wp\/v2\/pages\/1892","targetHints":{"allow":["GET"]}}],"collection":[{"href":"https:\/\/evelyneguzy.be\/WordPress3\/index.php?rest_route=\/wp\/v2\/pages"}],"about":[{"href":"https:\/\/evelyneguzy.be\/WordPress3\/index.php?rest_route=\/wp\/v2\/types\/page"}],"author":[{"embeddable":true,"href":"https:\/\/evelyneguzy.be\/WordPress3\/index.php?rest_route=\/wp\/v2\/users\/1"}],"replies":[{"embeddable":true,"href":"https:\/\/evelyneguzy.be\/WordPress3\/index.php?rest_route=%2Fwp%2Fv2%2Fcomments&post=1892"}],"version-history":[{"count":9,"href":"https:\/\/evelyneguzy.be\/WordPress3\/index.php?rest_route=\/wp\/v2\/pages\/1892\/revisions"}],"predecessor-version":[{"id":1960,"href":"https:\/\/evelyneguzy.be\/WordPress3\/index.php?rest_route=\/wp\/v2\/pages\/1892\/revisions\/1960"}],"up":[{"embeddable":true,"href":"https:\/\/evelyneguzy.be\/WordPress3\/index.php?rest_route=\/wp\/v2\/pages\/175"}],"wp:attachment":[{"href":"https:\/\/evelyneguzy.be\/WordPress3\/index.php?rest_route=%2Fwp%2Fv2%2Fmedia&parent=1892"}],"curies":[{"name":"wp","href":"https:\/\/api.w.org\/{rel}","templated":true}]}}