{"id":200,"date":"2011-11-28T12:00:26","date_gmt":"2011-11-28T11:00:26","guid":{"rendered":"http:\/\/evelyneguzy.be\/WordPress3\/?page_id=200"},"modified":"2015-02-03T20:21:42","modified_gmt":"2015-02-03T19:21:42","slug":"consultance-2","status":"publish","type":"page","link":"https:\/\/evelyneguzy.be\/WordPress3\/?page_id=200","title":{"rendered":"Consultance"},"content":{"rendered":"<p><a href=\"http:\/\/evelyneguzy.be\/WordPress3\/wp-content\/uploads\/2011\/11\/66.jpg\"><img loading=\"lazy\" decoding=\"async\" class=\"size-medium wp-image-264 alignright\" title=\"Evelyne Guzy Consultance\" src=\"https:\/\/evelyneguzy.be\/WordPress3\/wp-content\/uploads\/2011\/11\/66-e1322492837489-300x276.jpg\" alt=\"\" width=\"300\" height=\"276\" srcset=\"https:\/\/evelyneguzy.be\/WordPress3\/wp-content\/uploads\/2011\/11\/66-e1322492837489-300x276.jpg 300w, https:\/\/evelyneguzy.be\/WordPress3\/wp-content\/uploads\/2011\/11\/66-e1322492837489-1024x944.jpg 1024w, https:\/\/evelyneguzy.be\/WordPress3\/wp-content\/uploads\/2011\/11\/66-e1322492837489.jpg 1966w\" sizes=\"auto, (max-width: 300px) 100vw, 300px\" \/><\/a><\/p>\n<p>Depuis 1986, Evelyne Guzy a fait de\u00a0ses\u00a0passions un m\u00e9tier. Il se fonde sur deux comp\u00e9tences : r\u00e9diger et communiquer.<\/p>\n","protected":false},"excerpt":{"rendered":"<p>Depuis 1986, Evelyne Guzy a fait de\u00a0ses\u00a0passions un m\u00e9tier. Il se fonde sur deux comp\u00e9tences : r\u00e9diger et communiquer.<\/p>\n","protected":false},"author":1,"featured_media":0,"parent":0,"menu_order":7,"comment_status":"closed","ping_status":"open","template":"","meta":{"footnotes":""},"class_list":["post-200","page","type-page","status-publish","hentry"],"_links":{"self":[{"href":"https:\/\/evelyneguzy.be\/WordPress3\/index.php?rest_route=\/wp\/v2\/pages\/200","targetHints":{"allow":["GET"]}}],"collection":[{"href":"https:\/\/evelyneguzy.be\/WordPress3\/index.php?rest_route=\/wp\/v2\/pages"}],"about":[{"href":"https:\/\/evelyneguzy.be\/WordPress3\/index.php?rest_route=\/wp\/v2\/types\/page"}],"author":[{"embeddable":true,"href":"https:\/\/evelyneguzy.be\/WordPress3\/index.php?rest_route=\/wp\/v2\/users\/1"}],"replies":[{"embeddable":true,"href":"https:\/\/evelyneguzy.be\/WordPress3\/index.php?rest_route=%2Fwp%2Fv2%2Fcomments&post=200"}],"version-history":[{"count":11,"href":"https:\/\/evelyneguzy.be\/WordPress3\/index.php?rest_route=\/wp\/v2\/pages\/200\/revisions"}],"predecessor-version":[{"id":1148,"href":"https:\/\/evelyneguzy.be\/WordPress3\/index.php?rest_route=\/wp\/v2\/pages\/200\/revisions\/1148"}],"wp:attachment":[{"href":"https:\/\/evelyneguzy.be\/WordPress3\/index.php?rest_route=%2Fwp%2Fv2%2Fmedia&parent=200"}],"curies":[{"name":"wp","href":"https:\/\/api.w.org\/{rel}","templated":true}]}}