{"id":2000,"date":"2024-06-15T18:16:31","date_gmt":"2024-06-15T16:16:31","guid":{"rendered":"https:\/\/evelyneguzy.be\/WordPress3\/?page_id=2000"},"modified":"2024-06-15T18:16:31","modified_gmt":"2024-06-15T16:16:31","slug":"imaginer-lutopie","status":"publish","type":"page","link":"https:\/\/evelyneguzy.be\/WordPress3\/?page_id=2000","title":{"rendered":"Imaginer l&rsquo;utopie ?"},"content":{"rendered":"\n<figure class=\"wp-block-image size-large is-style-default\"><a href=\"https:\/\/evelyneguzy.be\/WordPress3\/wp-content\/uploads\/2024\/06\/IMG_6581-scaled.jpeg\"><img loading=\"lazy\" decoding=\"async\" width=\"1024\" height=\"768\" src=\"https:\/\/evelyneguzy.be\/WordPress3\/wp-content\/uploads\/2024\/06\/IMG_6581-1024x768.jpeg\" alt=\"\" class=\"wp-image-2001\" srcset=\"https:\/\/evelyneguzy.be\/WordPress3\/wp-content\/uploads\/2024\/06\/IMG_6581-1024x768.jpeg 1024w, https:\/\/evelyneguzy.be\/WordPress3\/wp-content\/uploads\/2024\/06\/IMG_6581-300x225.jpeg 300w, https:\/\/evelyneguzy.be\/WordPress3\/wp-content\/uploads\/2024\/06\/IMG_6581-768x576.jpeg 768w, https:\/\/evelyneguzy.be\/WordPress3\/wp-content\/uploads\/2024\/06\/IMG_6581-1536x1152.jpeg 1536w, https:\/\/evelyneguzy.be\/WordPress3\/wp-content\/uploads\/2024\/06\/IMG_6581-2048x1536.jpeg 2048w, https:\/\/evelyneguzy.be\/WordPress3\/wp-content\/uploads\/2024\/06\/IMG_6581-400x300.jpeg 400w\" sizes=\"auto, (max-width: 1024px) 100vw, 1024px\" \/><\/a><\/figure>\n\n\n\n<p><br \/>Dans un pays en guerre, je d\u00e9ambule, l\u2019\u00e2me en paix. Ne suis-je pas l\u2019enfant du paradoxe ?<br \/>Le taximan m\u2019explique que la journ\u00e9e a \u00e9t\u00e9 difficile. Je\u00fbne du Ramadan, plus que vingt-huit jours, sourit-il. Oui, dans son pays en guerre, il sourit lui aussi. Comme moi, il vit en paradoxe.<br \/>\u00c0 Tel-Aviv, les h\u00f4tels sont pleins. R\u00e9fugi\u00e9s venus du Nord &#8211; Hezbollahland &#8211; ou du Sud &#8211; Hamasland. Ils sont deux cent mille, repartis dans le pays. Hezbollah, Hamas, ce sont nos nouveaux points cardinaux, ironise une Franco-Isra\u00e9lienne. L\u2019ironie, tout l\u2019art du paradoxe.<br \/>Oui, l\u2019art, pour exprimer les sentiments m\u00eal\u00e9s. Le d\u00e9sespoir et l\u2019impuissance face \u00e0 la catastrophe humanitaire de l\u2019autre c\u00f4t\u00e9 de la fronti\u00e8re. Qui peut s\u2019y montrer insensible ? Un m\u00e9lange de rage et d\u2019angoisse face \u00e0 l\u2019irr\u00e9parable du 7 octobre. Et si les hordes barbares d\u00e9ferlaient \u00e0 nouveau sur le pays ? Et les otages, combien encore de vivants ? Et lorsqu\u2019ils reviendront (qui oserait imaginer le contraire ?), dans quel \u00e9tat seront-ils ? Chacun ici conna\u00eet un proche, assassin\u00e9 ou d\u00e9tenu. Chacun tente de chasser les images des s\u00e9vices qu\u2019elles ont subi, nos s\u0153urs, nos filles.<br \/>Sur les murs de la ville, on lit, un peu partout, BRING THEM HOME. Parfois le NOW a disparu. Cinq mois de calvaire.<br \/>L\u2019esplanade devant le mus\u00e9e de Tel Aviv a \u00e9t\u00e9 rebaptis\u00e9e place des Otages. Une table de shabbat dress\u00e9e pour les absents, des pierres &#8211; telles qu\u2019on les pose sur les tombes juives &#8211; d\u00e9dicac\u00e9es, un arbre orn\u00e9 de messages aux manquants, la r\u00e9plique d\u2019un tunnel de Gaza\u2026 Plonger au c\u0153ur de la douleur pour sublimer ? Des b\u00e9n\u00e9voles et des membres des familles des otages ou des disparus sont l\u00e0. Ne pas oublier les absents.<br \/>L\u2019Art, pour mettre \u00e0 distance et mieux plonger dans la r\u00e9alit\u00e9. Paradoxe encore. L\u2019h\u00f4tel Imp\u00e9rial s\u2019est transmut\u00e9 en lieu d\u2019exposition. Dans chacune des chambres, des artistes s\u2019expriment sur le th\u00e8me Wonderland. Imagining Utopia. C\u2019est puissamment d\u00e9cal\u00e9. C\u2019est puissamment d\u2019actualit\u00e9. Aujourd\u2019hui, se plonger dans cette arche de No\u00e9 et cette terre qui n\u2019est plus sph\u00e8re mais spirale. Comme une voie vers une d\u00e9composition ordonn\u00e9e. L\u2019exode de la vie ?<br \/>Apr\u00e8s le d\u00e9luge, la refondation ? Face \u00e0 la beaut\u00e9 qui demeure, oser l\u2019espoir. Tenter l\u2019Utopie.<br \/>Samedi, je marcherai avec les citoyens isra\u00e9liens qui disent non \u00e0 une politique dans laquelle ils ne se reconnaissent pas. Et r\u00e9clament \u00e0 corps et \u00e0 cris le retour des leurs. Ce sont aussi les n\u00f4tres, s\u0153urs et fr\u00e8res en humanit\u00e9.<br \/>BRING THEM HOME NOW.<br \/>Et que vienne le temps de la reconstruction.<\/p>\n\n\n\n<p>Tel Aviv, 13 mars 2024<\/p>\n\n\n\n<figure class=\"wp-block-image size-large is-style-default\"><a href=\"https:\/\/evelyneguzy.be\/WordPress3\/wp-content\/uploads\/2024\/06\/IMG_6646-scaled.jpeg\"><img loading=\"lazy\" decoding=\"async\" width=\"768\" height=\"1024\" src=\"https:\/\/evelyneguzy.be\/WordPress3\/wp-content\/uploads\/2024\/06\/IMG_6646-768x1024.jpeg\" alt=\"\" class=\"wp-image-2002\" srcset=\"https:\/\/evelyneguzy.be\/WordPress3\/wp-content\/uploads\/2024\/06\/IMG_6646-768x1024.jpeg 768w, https:\/\/evelyneguzy.be\/WordPress3\/wp-content\/uploads\/2024\/06\/IMG_6646-225x300.jpeg 225w, https:\/\/evelyneguzy.be\/WordPress3\/wp-content\/uploads\/2024\/06\/IMG_6646-1152x1536.jpeg 1152w, https:\/\/evelyneguzy.be\/WordPress3\/wp-content\/uploads\/2024\/06\/IMG_6646-1536x2048.jpeg 1536w, https:\/\/evelyneguzy.be\/WordPress3\/wp-content\/uploads\/2024\/06\/IMG_6646-scaled.jpeg 1920w\" sizes=\"auto, (max-width: 768px) 100vw, 768px\" \/><\/a><\/figure>\n","protected":false},"excerpt":{"rendered":"<p>Dans un pays en guerre, je d\u00e9ambule, l\u2019\u00e2me en paix. Ne suis-je pas l\u2019enfant du paradoxe ?Le taximan m\u2019explique que la journ\u00e9e a \u00e9t\u00e9 difficile. Je\u00fbne du Ramadan, plus que vingt-huit jours, sourit-il. Oui, dans son pays en guerre, il &hellip; <a href=\"https:\/\/evelyneguzy.be\/WordPress3\/?page_id=2000\">Continuer la lecture <span class=\"meta-nav\">&rarr;<\/span><\/a><\/p>\n","protected":false},"author":1,"featured_media":0,"parent":1124,"menu_order":14,"comment_status":"closed","ping_status":"closed","template":"","meta":{"footnotes":""},"class_list":["post-2000","page","type-page","status-publish","hentry"],"_links":{"self":[{"href":"https:\/\/evelyneguzy.be\/WordPress3\/index.php?rest_route=\/wp\/v2\/pages\/2000","targetHints":{"allow":["GET"]}}],"collection":[{"href":"https:\/\/evelyneguzy.be\/WordPress3\/index.php?rest_route=\/wp\/v2\/pages"}],"about":[{"href":"https:\/\/evelyneguzy.be\/WordPress3\/index.php?rest_route=\/wp\/v2\/types\/page"}],"author":[{"embeddable":true,"href":"https:\/\/evelyneguzy.be\/WordPress3\/index.php?rest_route=\/wp\/v2\/users\/1"}],"replies":[{"embeddable":true,"href":"https:\/\/evelyneguzy.be\/WordPress3\/index.php?rest_route=%2Fwp%2Fv2%2Fcomments&post=2000"}],"version-history":[{"count":1,"href":"https:\/\/evelyneguzy.be\/WordPress3\/index.php?rest_route=\/wp\/v2\/pages\/2000\/revisions"}],"predecessor-version":[{"id":2003,"href":"https:\/\/evelyneguzy.be\/WordPress3\/index.php?rest_route=\/wp\/v2\/pages\/2000\/revisions\/2003"}],"up":[{"embeddable":true,"href":"https:\/\/evelyneguzy.be\/WordPress3\/index.php?rest_route=\/wp\/v2\/pages\/1124"}],"wp:attachment":[{"href":"https:\/\/evelyneguzy.be\/WordPress3\/index.php?rest_route=%2Fwp%2Fv2%2Fmedia&parent=2000"}],"curies":[{"name":"wp","href":"https:\/\/api.w.org\/{rel}","templated":true}]}}