{"id":2149,"date":"2025-05-05T16:05:40","date_gmt":"2025-05-05T14:05:40","guid":{"rendered":"https:\/\/evelyneguzy.be\/WordPress3\/?page_id=2149"},"modified":"2025-05-05T16:27:40","modified_gmt":"2025-05-05T14:27:40","slug":"peut-on-encore-ecrire-apres-auschwitz","status":"publish","type":"page","link":"https:\/\/evelyneguzy.be\/WordPress3\/?page_id=2149","title":{"rendered":"Peut-on encore \u00e9crire apr\u00e8s Auschwitz ?"},"content":{"rendered":"\n<p>Comme bien des enfants de survivants cette question me hante \u2013 presque ontologiquement. J\u2019ai tent\u00e9 de l\u2019approcher \u2013 notamment via mon roman&nbsp;<em>La Mal\u00e9diction des mots<\/em>, paru chez MEO. Car oui, comme l\u2019affirmait Pierre Mertens,&nbsp;<em>\u00c9crire apr\u00e8s Auschwitz<\/em>&nbsp;est non seulement une possibilit\u00e9 mais aussi une n\u00e9cessit\u00e9&nbsp;: \u00ab&nbsp;En v\u00e9rit\u00e9, il n\u2019y a pas d\u2019autre sujet&nbsp;\u00bb, m\u2019a-t-il lanc\u00e9 un jour, alors que j\u2019h\u00e9sitais face \u00e0 l\u2019ampleur de l\u2019entreprise. Le hasard veut que trois de mes derni\u00e8res lectures offrent une nouvelle r\u00e9ponse \u00e0 cette question, chacune par un axe diff\u00e9rent.<\/p>\n\n\n\n<figure class=\"wp-block-image size-large\"><a href=\"https:\/\/evelyneguzy.be\/WordPress3\/wp-content\/uploads\/2025\/05\/474887667_10162777848922359_8593347583158841887_n.jpg\"><img loading=\"lazy\" decoding=\"async\" width=\"638\" height=\"1024\" src=\"https:\/\/evelyneguzy.be\/WordPress3\/wp-content\/uploads\/2025\/05\/474887667_10162777848922359_8593347583158841887_n-638x1024.jpg\" alt=\"\" class=\"wp-image-2161\" srcset=\"https:\/\/evelyneguzy.be\/WordPress3\/wp-content\/uploads\/2025\/05\/474887667_10162777848922359_8593347583158841887_n-638x1024.jpg 638w, https:\/\/evelyneguzy.be\/WordPress3\/wp-content\/uploads\/2025\/05\/474887667_10162777848922359_8593347583158841887_n-187x300.jpg 187w, https:\/\/evelyneguzy.be\/WordPress3\/wp-content\/uploads\/2025\/05\/474887667_10162777848922359_8593347583158841887_n-768x1233.jpg 768w, https:\/\/evelyneguzy.be\/WordPress3\/wp-content\/uploads\/2025\/05\/474887667_10162777848922359_8593347583158841887_n-957x1536.jpg 957w, https:\/\/evelyneguzy.be\/WordPress3\/wp-content\/uploads\/2025\/05\/474887667_10162777848922359_8593347583158841887_n.jpg 1080w\" sizes=\"auto, (max-width: 638px) 100vw, 638px\" \/><\/a><\/figure>\n\n\n\n<div class=\"wp-block-group is-nowrap is-layout-flex wp-container-core-group-is-layout-ad2f72ca wp-block-group-is-layout-flex\">\n<p><strong>\u00c9dith Soonkindt<\/strong>&nbsp;n\u2019est pas juive, contrairement \u00e0 ce que son nom pourrait \u00e9voquer, et c\u2019est l\u00e0, oserais-je dire, toute sa grandeur. De son texte, pr\u00e9fac\u00e9 avec beaucoup de finesse par Laurent Herrou, \u00e9mane une beaut\u00e9 qui nous aide \u00e0 aborder l\u2019horreur, nous la rend accessible. Avec&nbsp;<em>Un ciel de cendres<\/em>&nbsp;(Edern \u00e9ditions), elle nous parle en \u00eatre humain intimement concern\u00e9 par un crime contre l\u2019humanit\u00e9, la sienne, la n\u00f4tre. En r\u00e9alit\u00e9, ce n\u2019est pas \u00e0 nous qu\u2019elle adresse ce texte, mais \u00e0 Isabelle, une femme juive, aujourd\u2019hui \u00e2g\u00e9e, courageusement cach\u00e9e par des proches d\u2019\u00c9dith durant la guerre. (On ne dira jamais assez tout ce que doivent les familles de survivants, comme la mienne, \u00e0 ces simples citoyens qui pour elles ont risqu\u00e9 leur vie.) \u00c9dith a r\u00e9alis\u00e9 des recherches pour Isabelle&nbsp;: \u00ab&nbsp;Je dois vous parler de votre p\u00e8re&nbsp;\u00bb, lui r\u00e9p\u00e8te-t-elle de fa\u00e7on lancinante. Au travers de ce p\u00e8re mort dans les camps, cependant, \u00c9dith nous parle tout \u00e0 la fois de lui, d\u2019Isabelle, d\u2019elle-m\u00eame, de nous et des six millions de Juifs extermin\u00e9s. Le r\u00e9cit est v\u00e9cu de l\u2019int\u00e9rieur, dans les affres d\u2019une recherche qui ne laisse pas indemne \u2013 je me suis reconnue dans ce ressenti. La langue est \u00e0 couper le souffle, le rythme lancinant. La structure narrative capte notre attention et assume, dans le m\u00eame temps, une totale subjectivit\u00e9 et une rigueur sans concessions.&nbsp;<em>Un ciel de cendres&nbsp;<\/em>est un grand livre.&nbsp;<\/p>\n<\/div>\n\n\n\n<figure class=\"wp-block-image size-large\"><a href=\"https:\/\/evelyneguzy.be\/WordPress3\/wp-content\/uploads\/2025\/05\/475860512_10162779387492359_1539346245259325644_n.jpg\"><img loading=\"lazy\" decoding=\"async\" width=\"687\" height=\"1024\" src=\"https:\/\/evelyneguzy.be\/WordPress3\/wp-content\/uploads\/2025\/05\/475860512_10162779387492359_1539346245259325644_n-687x1024.jpg\" alt=\"\" class=\"wp-image-2163\" srcset=\"https:\/\/evelyneguzy.be\/WordPress3\/wp-content\/uploads\/2025\/05\/475860512_10162779387492359_1539346245259325644_n-687x1024.jpg 687w, https:\/\/evelyneguzy.be\/WordPress3\/wp-content\/uploads\/2025\/05\/475860512_10162779387492359_1539346245259325644_n-201x300.jpg 201w, https:\/\/evelyneguzy.be\/WordPress3\/wp-content\/uploads\/2025\/05\/475860512_10162779387492359_1539346245259325644_n-768x1144.jpg 768w, https:\/\/evelyneguzy.be\/WordPress3\/wp-content\/uploads\/2025\/05\/475860512_10162779387492359_1539346245259325644_n.jpg 810w\" sizes=\"auto, (max-width: 687px) 100vw, 687px\" \/><\/a><\/figure>\n\n\n\n<div class=\"wp-block-group is-nowrap is-layout-flex wp-container-core-group-is-layout-ad2f72ca wp-block-group-is-layout-flex\">\n<p>Dans le r\u00e9cit de&nbsp;<strong>Johan Tojerow<\/strong>,&nbsp;<em>Au nom d\u2019\u00c9dith Stellner<\/em>, on sent aussi que le temps est compt\u00e9 pour raconter, pour porter une histoire dont les principaux protagonistes ne sont plus en vie. \u00c9dith Stellner est la maman de Johan, et durant des ann\u00e9es, par bribes, elle lui a narr\u00e9 sa sortie des camps, sa Marche de la mort, accompagn\u00e9e de sa m\u00e8re et de ses s\u0153urs, adoptives ou de sang, quatre cents juives hongroises qui luttaient pour leur survie. On per\u00e7oit d\u00e8s lors toute la difficult\u00e9 de l\u2019entreprise \u00e9ditoriale de Johan, que j\u2019ai accompagn\u00e9e pour Edern \u00e9ditions. N\u2019ayant pas lui-m\u00eame v\u00e9cu les \u00e9v\u00e9nements, Yohan tenait \u00e0 \u00eatre fid\u00e8le \u00e0 la narration d\u2019\u00c9dith, tout en offrant son r\u00e9cit en partage \u00e0 chacun, dans un profond \u00e9lan humaniste. Avec la po\u00e9sie pour alli\u00e9e, il a gagn\u00e9 ce difficile pari.<\/p>\n<\/div>\n\n\n\n<figure class=\"wp-block-image size-large\"><a href=\"https:\/\/evelyneguzy.be\/WordPress3\/wp-content\/uploads\/2025\/05\/475664181_10162781129537359_48792152578685799_n.jpg\"><img loading=\"lazy\" decoding=\"async\" width=\"658\" height=\"1024\" src=\"https:\/\/evelyneguzy.be\/WordPress3\/wp-content\/uploads\/2025\/05\/475664181_10162781129537359_48792152578685799_n-658x1024.jpg\" alt=\"\" class=\"wp-image-2164\" srcset=\"https:\/\/evelyneguzy.be\/WordPress3\/wp-content\/uploads\/2025\/05\/475664181_10162781129537359_48792152578685799_n-658x1024.jpg 658w, https:\/\/evelyneguzy.be\/WordPress3\/wp-content\/uploads\/2025\/05\/475664181_10162781129537359_48792152578685799_n-193x300.jpg 193w, https:\/\/evelyneguzy.be\/WordPress3\/wp-content\/uploads\/2025\/05\/475664181_10162781129537359_48792152578685799_n.jpg 694w\" sizes=\"auto, (max-width: 658px) 100vw, 658px\" \/><\/a><\/figure>\n\n\n\n<div class=\"wp-block-group is-nowrap is-layout-flex wp-container-core-group-is-layout-ad2f72ca wp-block-group-is-layout-flex\">\n<p>Je ne sais pas si&nbsp;<strong>V\u00e9ronique Sels<\/strong>, dont j\u2019appr\u00e9cie \u00e0 chaque parution l\u2019originalit\u00e9 et la densit\u00e9 du travail, place son dernier roman dans la cat\u00e9gorie des \u0153uvres de survivance. Pas un mot sur la Shoah, dans&nbsp;<em>Le Livre des possibles<\/em>&nbsp;(Gen\u00e8se \u00e9dition), mais est-ce pour mieux dire le silence&nbsp;? Ou le vide laiss\u00e9 par les absents&nbsp;? Sous le coussin d\u2019un nouveau-n\u00e9, dans les toilettes d\u2019un train pendant l\u2019Occupation, une jeune femme d\u00e9couvre un livre, qu\u2019elle adoptera au m\u00eame titre que le b\u00e9b\u00e9, par r\u00e9flexe d\u2019humanit\u00e9. Parmi d\u2019autres particularit\u00e9s \u2013 l\u2019ouvrage ne cesse de changer d\u2019aspect et de contenu au fil des g\u00e9n\u00e9rations \u2013 certaines pages, celles de 40 \u00e0 45, sont manquantes. Comme la torah du Peuple du Livre, l\u2019ouvrage restera toujours ouvert \u00e0 la relecture et \u00e0 la r\u00e9interpr\u00e9tation. Un jour, presqu\u2019aujourd\u2019hui, quelqu\u2019un cherchera l\u2019origine de ce livre des possibles et de l\u2019enfant qui lui \u00e9tait attach\u00e9. En filigranes, V\u00e9ronique Sels adresse un hommage vibrant aux Justes qui sauv\u00e8rent des enfants juifs au p\u00e9ril de leur vie.&nbsp;<\/p>\n\n\n\n<p><\/p>\n<\/div>\n\n\n\n<p><\/p>\n\n\n\n<p>Trois livres donc, trois voix, trois voies \u2013 m\u00eame si le jeu de mot est \u00e9cul\u00e9 \u2013 qui offrent un point de vue chaque fois singulier sur le meilleur et le pire de l\u2019humanit\u00e9. J\u2019en sors apais\u00e9e&nbsp;: oui, on peut \u00e9crire apr\u00e8s Auschwitz, le sujet est loin d\u2019\u00eatre \u00e9puis\u00e9.&nbsp;&nbsp;<\/p>\n\n\n\n<p><em>F\u00e9vrier 2025<\/em><\/p>\n\n\n\n<p><\/p>\n","protected":false},"excerpt":{"rendered":"<p>Comme bien des enfants de survivants cette question me hante \u2013 presque ontologiquement. J\u2019ai tent\u00e9 de l\u2019approcher \u2013 notamment via mon roman&nbsp;La Mal\u00e9diction des mots, paru chez MEO. Car oui, comme l\u2019affirmait Pierre Mertens,&nbsp;\u00c9crire apr\u00e8s Auschwitz&nbsp;est non seulement une possibilit\u00e9 &hellip; <a href=\"https:\/\/evelyneguzy.be\/WordPress3\/?page_id=2149\">Continuer la lecture <span class=\"meta-nav\">&rarr;<\/span><\/a><\/p>\n","protected":false},"author":1,"featured_media":0,"parent":1124,"menu_order":16,"comment_status":"closed","ping_status":"closed","template":"","meta":{"footnotes":""},"class_list":["post-2149","page","type-page","status-publish","hentry"],"_links":{"self":[{"href":"https:\/\/evelyneguzy.be\/WordPress3\/index.php?rest_route=\/wp\/v2\/pages\/2149","targetHints":{"allow":["GET"]}}],"collection":[{"href":"https:\/\/evelyneguzy.be\/WordPress3\/index.php?rest_route=\/wp\/v2\/pages"}],"about":[{"href":"https:\/\/evelyneguzy.be\/WordPress3\/index.php?rest_route=\/wp\/v2\/types\/page"}],"author":[{"embeddable":true,"href":"https:\/\/evelyneguzy.be\/WordPress3\/index.php?rest_route=\/wp\/v2\/users\/1"}],"replies":[{"embeddable":true,"href":"https:\/\/evelyneguzy.be\/WordPress3\/index.php?rest_route=%2Fwp%2Fv2%2Fcomments&post=2149"}],"version-history":[{"count":9,"href":"https:\/\/evelyneguzy.be\/WordPress3\/index.php?rest_route=\/wp\/v2\/pages\/2149\/revisions"}],"predecessor-version":[{"id":2167,"href":"https:\/\/evelyneguzy.be\/WordPress3\/index.php?rest_route=\/wp\/v2\/pages\/2149\/revisions\/2167"}],"up":[{"embeddable":true,"href":"https:\/\/evelyneguzy.be\/WordPress3\/index.php?rest_route=\/wp\/v2\/pages\/1124"}],"wp:attachment":[{"href":"https:\/\/evelyneguzy.be\/WordPress3\/index.php?rest_route=%2Fwp%2Fv2%2Fmedia&parent=2149"}],"curies":[{"name":"wp","href":"https:\/\/api.w.org\/{rel}","templated":true}]}}