{"id":2168,"date":"2025-05-05T17:06:25","date_gmt":"2025-05-05T15:06:25","guid":{"rendered":"https:\/\/evelyneguzy.be\/WordPress3\/?page_id=2168"},"modified":"2025-05-05T17:12:53","modified_gmt":"2025-05-05T15:12:53","slug":"amorces-de-recits-en-soutien-a-boualem-sansal","status":"publish","type":"page","link":"https:\/\/evelyneguzy.be\/WordPress3\/?page_id=2168","title":{"rendered":"Amorces de r\u00e9cits &#8211; En soutien \u00e0 Boualem Sansal"},"content":{"rendered":"\n<figure class=\"wp-block-image size-large\"><a href=\"https:\/\/evelyneguzy.be\/WordPress3\/wp-content\/uploads\/2025\/05\/860626_b269f33c9a3d4960849b80517d6a0cacmv2.jpg\"><img loading=\"lazy\" decoding=\"async\" width=\"640\" height=\"1024\" src=\"https:\/\/evelyneguzy.be\/WordPress3\/wp-content\/uploads\/2025\/05\/860626_b269f33c9a3d4960849b80517d6a0cacmv2-640x1024.jpg\" alt=\"\" class=\"wp-image-2169\" srcset=\"https:\/\/evelyneguzy.be\/WordPress3\/wp-content\/uploads\/2025\/05\/860626_b269f33c9a3d4960849b80517d6a0cacmv2-640x1024.jpg 640w, https:\/\/evelyneguzy.be\/WordPress3\/wp-content\/uploads\/2025\/05\/860626_b269f33c9a3d4960849b80517d6a0cacmv2-188x300.jpg 188w, https:\/\/evelyneguzy.be\/WordPress3\/wp-content\/uploads\/2025\/05\/860626_b269f33c9a3d4960849b80517d6a0cacmv2-768x1229.jpg 768w, https:\/\/evelyneguzy.be\/WordPress3\/wp-content\/uploads\/2025\/05\/860626_b269f33c9a3d4960849b80517d6a0cacmv2-960x1536.jpg 960w, https:\/\/evelyneguzy.be\/WordPress3\/wp-content\/uploads\/2025\/05\/860626_b269f33c9a3d4960849b80517d6a0cacmv2.jpg 1250w\" sizes=\"auto, (max-width: 640px) 100vw, 640px\" \/><\/a><\/figure>\n\n\n\n<p><strong><em>Edern \u00e9ditions &#8211; Pen Belgique francophone, 2025<\/em><\/strong><\/p>\n\n\n\n<p>Dans ce volume, pr\u00e8s de 40 autrices et auteurs se veulent t\u00e9moins, se veulent solidaires d\u2019un homme emprisonn\u00e9 honteusement. D\u2019un homme digne et qui, quoi qu\u2019en pensent ses ge\u00f4liers, est tout sauf seul, abandonn\u00e9. Par ces textes, ces taches d\u2019encre sur le papier que les aveugles jugent insignifiantes, nous sommes avec Boualem Sansal, dans sa cellule. Dans sa t\u00eate, dans son c\u0153ur, pour lui rendre espoir. Et nous nous insinuons dans l\u2019esprit de ses bourreaux pour les tourmenter, sans violence mais avec toute la force des mots. \u00ab\u2009Oui, la litt\u00e9rature est quelque chose de tr\u00e8s puissant, qui vient r\u00e9pondre aux angoisses des uns et qui pousse les autres \u00e0 s\u2019interroger\u2009\u00bb, nous dit Sansal.<\/p>\n\n\n\n<p>Liliane Schra\u00fbwen a collect\u00e9, sous l\u2019\u00e9gide de Pen Belgique francophone, une quarantaine de textes de tous horizons, des t\u00e9moignages de solidarit\u00e9 et de lutte pour la libert\u00e9. Celle de Boualem Sansal, scandaleusement arr\u00eat\u00e9 par le pouvoir alg\u00e9rien\u2009; celle de chaque homme et chaque femme qui croit dans les promesses de la d\u00e9mocratie et de la justice.<\/p>\n\n\n\n<h2 class=\"wp-block-heading\">Le d\u00e9but de <em>Les Ames glac\u00e9es<\/em> d&rsquo;Evelyne Guzy<\/h2>\n\n\n\n<p>Je t\u2019\u00e9cris cette lettre, Maman, de la cave o\u00f9 je me suis r\u00e9fugi\u00e9e. Non qu\u2019il me soit interdit de t\u2019\u00e9crire \u2013 chacun sait ici qu\u2019aucun courrier ne te parviendra \u2013 mais utiliser des mots de plus de six caract\u00e8res est prohib\u00e9 depuis 2052, l\u2019ann\u00e9e, exactement, de ta disparition. Ces quelques lignes en comportent davantage qu\u2019une dizaine, si j\u2019ai bien compt\u00e9. Les termes compliqu\u00e9s aussi sont proscrits&nbsp;: \u00ab&nbsp;le langage appartient \u00e0 chacun, a d\u00e9cr\u00e9t\u00e9 le Supr\u00eame, il doit \u00eatre compris de tous. L\u2019ignorance, c\u2019est le savoir. L\u2019ob\u00e9issance, c\u2019est la libert\u00e9.&nbsp;\u00bb Alors, comme chacun, j\u2019ob\u00e9is, mais en apparence seulement. Je ne peux ignorer cependant le monde qui est advenu, un monde o\u00f9 les livres sont br\u00fbl\u00e9s et effac\u00e9s du cloud, o\u00f9 les biblioth\u00e8ques sont transform\u00e9es en salles de r\u00e9citation d\u00e9di\u00e9es \u00e0 la Supr\u00eame V\u00e9rit\u00e9 de la Nouvelle R\u00e9alit\u00e9, une r\u00e9alit\u00e9 expurg\u00e9e de tout pass\u00e9&nbsp;: seuls comptent le pr\u00e9sent et la r\u00e9p\u00e9tition des jours&nbsp;; ils nous ont retir\u00e9 les calendriers. J\u2019essaie pourtant, comme tu l\u2019aurais fait, de garder en m\u00e9moire tout ce que le Supr\u00eame ordonne d\u2019oublier. (Sur ce point, le Supr\u00eame ignore comment fonctionne l\u2019\u00eatre humain&nbsp;: il suffit de lui dire de ne pas penser \u00e0 quelque chose, et cette chose lui vient imm\u00e9diatement \u00e0 l\u2019esprit. Avouons cependant que les techniques de r\u00e9p\u00e9tition mises en place par le pouvoir parviennent, dans la plupart des cas, \u00e0 contrer cette tendance.)&nbsp;<\/p>\n\n\n\n<p>Tu aurais aim\u00e9, j\u2019en suis s\u00fbre, que je ne pense pas trop \u00e0 toi, que je ne me demande pas sans cesse o\u00f9 ils t\u2019ont rel\u00e9gu\u00e9e \u2013 de l\u2019autre c\u00f4t\u00e9 de la Fronti\u00e8re, disent certains, mais personne n\u2019en est s\u00fbr&nbsp;; de toi et des autres, nul ne sait rien, nous sommes cens\u00e9s vivre dans un monde sans limites ni diff\u00e9rences, le monde de la Supr\u00eame V\u00e9rit\u00e9. J\u2019essaie, je te jure, de ne pas trop penser \u00e0 toi&nbsp;; sans cesse tu habites mon esprit. Alors aujourd\u2019hui, je me dis&nbsp;: inutile de lutter. J\u2019ai d\u00e9cid\u00e9 de r\u00e9diger cette lettre. Une lettre d\u2019une page maximum, comme l\u2019impose la Supr\u00eame Loi, les cerveaux ne peuvent en aucun cas s\u2019encombrer&nbsp;; l\u2019espace mental doit se d\u00e9dier \u00e0 la r\u00e9p\u00e9tition du Supr\u00eame Mantra, douze fois par jour six fois&nbsp;: \u00ab&nbsp;La Supr\u00eame V\u00e9rit\u00e9 est la Nouvelle R\u00e9alit\u00e9.&nbsp;\u00bb Lorsque le signal de la pri\u00e8re est donn\u00e9, je remue les l\u00e8vres. Mais c\u2019est \u00e0 toi que je pense, Maman. Aux v\u00e9rit\u00e9s que tu m\u2019as apprises, \u00e0 la r\u00e9alit\u00e9 d\u2019un pass\u00e9 qui \u2013 selon le Supr\u00eame \u2013 est effac\u00e9, \u00e0 celle d\u2019un futur qui me semble si triste priv\u00e9 de ta pr\u00e9sence&#8230;<\/p>\n\n\n\n<h2 class=\"wp-block-heading\">Ev\u00e9nements et lectures<\/h2>\n\n\n\n<h3 class=\"wp-block-heading\"><strong>Soir\u00e9e de solidarit\u00e9 avec Boualem Sansal &#8211; La Tricoterie 13 mars 2025<\/strong><\/h3>\n\n\n\n<figure class=\"wp-block-image size-large\"><a href=\"https:\/\/evelyneguzy.be\/WordPress3\/wp-content\/uploads\/2025\/05\/IMG_3340.jpg\"><img loading=\"lazy\" decoding=\"async\" width=\"1024\" height=\"576\" src=\"https:\/\/evelyneguzy.be\/WordPress3\/wp-content\/uploads\/2025\/05\/IMG_3340-1024x576.jpg\" alt=\"\" class=\"wp-image-2170\" srcset=\"https:\/\/evelyneguzy.be\/WordPress3\/wp-content\/uploads\/2025\/05\/IMG_3340-1024x576.jpg 1024w, https:\/\/evelyneguzy.be\/WordPress3\/wp-content\/uploads\/2025\/05\/IMG_3340-300x169.jpg 300w, https:\/\/evelyneguzy.be\/WordPress3\/wp-content\/uploads\/2025\/05\/IMG_3340-768x432.jpg 768w, https:\/\/evelyneguzy.be\/WordPress3\/wp-content\/uploads\/2025\/05\/IMG_3340-1536x864.jpg 1536w, https:\/\/evelyneguzy.be\/WordPress3\/wp-content\/uploads\/2025\/05\/IMG_3340-500x281.jpg 500w, https:\/\/evelyneguzy.be\/WordPress3\/wp-content\/uploads\/2025\/05\/IMG_3340.jpg 1920w\" sizes=\"auto, (max-width: 1024px) 100vw, 1024px\" \/><\/a><\/figure>\n\n\n\n<div class=\"wp-block-group\"><div class=\"wp-block-group__inner-container is-layout-constrained wp-block-group-is-layout-constrained\"><\/div><\/div>\n\n\n\n<div class=\"wp-block-columns is-layout-flex wp-container-core-columns-is-layout-9d6595d7 wp-block-columns-is-layout-flex\">\n<div class=\"wp-block-column is-layout-flow wp-block-column-is-layout-flow\" style=\"flex-basis:33.34%\">\n<figure class=\"wp-block-image size-medium\"><a href=\"https:\/\/evelyneguzy.be\/WordPress3\/wp-content\/uploads\/2025\/05\/IMG_3357.jpg\"><img loading=\"lazy\" decoding=\"async\" width=\"300\" height=\"225\" src=\"https:\/\/evelyneguzy.be\/WordPress3\/wp-content\/uploads\/2025\/05\/IMG_3357-300x225.jpg\" alt=\"\" class=\"wp-image-2171\" srcset=\"https:\/\/evelyneguzy.be\/WordPress3\/wp-content\/uploads\/2025\/05\/IMG_3357-300x225.jpg 300w, https:\/\/evelyneguzy.be\/WordPress3\/wp-content\/uploads\/2025\/05\/IMG_3357-1024x768.jpg 1024w, https:\/\/evelyneguzy.be\/WordPress3\/wp-content\/uploads\/2025\/05\/IMG_3357-768x576.jpg 768w, https:\/\/evelyneguzy.be\/WordPress3\/wp-content\/uploads\/2025\/05\/IMG_3357-1536x1152.jpg 1536w, https:\/\/evelyneguzy.be\/WordPress3\/wp-content\/uploads\/2025\/05\/IMG_3357-400x300.jpg 400w, https:\/\/evelyneguzy.be\/WordPress3\/wp-content\/uploads\/2025\/05\/IMG_3357.jpg 1600w\" sizes=\"auto, (max-width: 300px) 100vw, 300px\" \/><\/a><\/figure>\n<\/div>\n\n\n\n<div class=\"wp-block-column is-layout-flow wp-block-column-is-layout-flow\" style=\"flex-basis:33.34%\">\n<figure class=\"wp-block-image size-large\"><a href=\"https:\/\/evelyneguzy.be\/WordPress3\/wp-content\/uploads\/2025\/05\/IMG_3369-1.jpg\"><img loading=\"lazy\" decoding=\"async\" width=\"1024\" height=\"768\" src=\"https:\/\/evelyneguzy.be\/WordPress3\/wp-content\/uploads\/2025\/05\/IMG_3369-1-1024x768.jpg\" alt=\"\" class=\"wp-image-2176\" srcset=\"https:\/\/evelyneguzy.be\/WordPress3\/wp-content\/uploads\/2025\/05\/IMG_3369-1-1024x768.jpg 1024w, https:\/\/evelyneguzy.be\/WordPress3\/wp-content\/uploads\/2025\/05\/IMG_3369-1-300x225.jpg 300w, https:\/\/evelyneguzy.be\/WordPress3\/wp-content\/uploads\/2025\/05\/IMG_3369-1-768x576.jpg 768w, https:\/\/evelyneguzy.be\/WordPress3\/wp-content\/uploads\/2025\/05\/IMG_3369-1-1536x1152.jpg 1536w, https:\/\/evelyneguzy.be\/WordPress3\/wp-content\/uploads\/2025\/05\/IMG_3369-1-400x300.jpg 400w, https:\/\/evelyneguzy.be\/WordPress3\/wp-content\/uploads\/2025\/05\/IMG_3369-1.jpg 2048w\" sizes=\"auto, (max-width: 1024px) 100vw, 1024px\" \/><\/a><\/figure>\n<\/div>\n\n\n\n<div class=\"wp-block-column is-layout-flow wp-block-column-is-layout-flow\" style=\"flex-basis:33.33%\">\n<figure class=\"wp-block-image size-large\"><a href=\"https:\/\/evelyneguzy.be\/WordPress3\/wp-content\/uploads\/2025\/05\/IMG_3372-1.jpg\"><img loading=\"lazy\" decoding=\"async\" width=\"1024\" height=\"768\" src=\"https:\/\/evelyneguzy.be\/WordPress3\/wp-content\/uploads\/2025\/05\/IMG_3372-1-1024x768.jpg\" alt=\"\" class=\"wp-image-2177\" srcset=\"https:\/\/evelyneguzy.be\/WordPress3\/wp-content\/uploads\/2025\/05\/IMG_3372-1-1024x768.jpg 1024w, https:\/\/evelyneguzy.be\/WordPress3\/wp-content\/uploads\/2025\/05\/IMG_3372-1-300x225.jpg 300w, https:\/\/evelyneguzy.be\/WordPress3\/wp-content\/uploads\/2025\/05\/IMG_3372-1-768x576.jpg 768w, https:\/\/evelyneguzy.be\/WordPress3\/wp-content\/uploads\/2025\/05\/IMG_3372-1-1536x1152.jpg 1536w, https:\/\/evelyneguzy.be\/WordPress3\/wp-content\/uploads\/2025\/05\/IMG_3372-1-400x300.jpg 400w, https:\/\/evelyneguzy.be\/WordPress3\/wp-content\/uploads\/2025\/05\/IMG_3372-1.jpg 2048w\" sizes=\"auto, (max-width: 1024px) 100vw, 1024px\" \/><\/a><\/figure>\n<\/div>\n<\/div>\n\n\n\n<h3 class=\"wp-block-heading\"><strong>Soir\u00e9e d&rsquo;Hommage Pen Belgique &#8211; maison des Auteurs &#8211; 16 avril 2025<\/strong><\/h3>\n\n\n\n<p><\/p>\n\n\n\n<figure class=\"wp-block-image size-full\"><a href=\"https:\/\/evelyneguzy.be\/WordPress3\/wp-content\/uploads\/2025\/05\/489926517_10235339891855316_1645213725966515691_n.jpg\"><img loading=\"lazy\" decoding=\"async\" width=\"720\" height=\"960\" src=\"https:\/\/evelyneguzy.be\/WordPress3\/wp-content\/uploads\/2025\/05\/489926517_10235339891855316_1645213725966515691_n.jpg\" alt=\"\" class=\"wp-image-2174\" srcset=\"https:\/\/evelyneguzy.be\/WordPress3\/wp-content\/uploads\/2025\/05\/489926517_10235339891855316_1645213725966515691_n.jpg 720w, https:\/\/evelyneguzy.be\/WordPress3\/wp-content\/uploads\/2025\/05\/489926517_10235339891855316_1645213725966515691_n-225x300.jpg 225w\" sizes=\"auto, (max-width: 720px) 100vw, 720px\" \/><\/a><\/figure>\n","protected":false},"excerpt":{"rendered":"<p>Edern \u00e9ditions &#8211; Pen Belgique francophone, 2025 Dans ce volume, pr\u00e8s de 40 autrices et auteurs se veulent t\u00e9moins, se veulent solidaires d\u2019un homme emprisonn\u00e9 honteusement. D\u2019un homme digne et qui, quoi qu\u2019en pensent ses ge\u00f4liers, est tout sauf seul, &hellip; <a href=\"https:\/\/evelyneguzy.be\/WordPress3\/?page_id=2168\">Continuer la lecture <span class=\"meta-nav\">&rarr;<\/span><\/a><\/p>\n","protected":false},"author":1,"featured_media":0,"parent":175,"menu_order":6,"comment_status":"closed","ping_status":"closed","template":"","meta":{"footnotes":""},"class_list":["post-2168","page","type-page","status-publish","hentry"],"_links":{"self":[{"href":"https:\/\/evelyneguzy.be\/WordPress3\/index.php?rest_route=\/wp\/v2\/pages\/2168","targetHints":{"allow":["GET"]}}],"collection":[{"href":"https:\/\/evelyneguzy.be\/WordPress3\/index.php?rest_route=\/wp\/v2\/pages"}],"about":[{"href":"https:\/\/evelyneguzy.be\/WordPress3\/index.php?rest_route=\/wp\/v2\/types\/page"}],"author":[{"embeddable":true,"href":"https:\/\/evelyneguzy.be\/WordPress3\/index.php?rest_route=\/wp\/v2\/users\/1"}],"replies":[{"embeddable":true,"href":"https:\/\/evelyneguzy.be\/WordPress3\/index.php?rest_route=%2Fwp%2Fv2%2Fcomments&post=2168"}],"version-history":[{"count":4,"href":"https:\/\/evelyneguzy.be\/WordPress3\/index.php?rest_route=\/wp\/v2\/pages\/2168\/revisions"}],"predecessor-version":[{"id":2180,"href":"https:\/\/evelyneguzy.be\/WordPress3\/index.php?rest_route=\/wp\/v2\/pages\/2168\/revisions\/2180"}],"up":[{"embeddable":true,"href":"https:\/\/evelyneguzy.be\/WordPress3\/index.php?rest_route=\/wp\/v2\/pages\/175"}],"wp:attachment":[{"href":"https:\/\/evelyneguzy.be\/WordPress3\/index.php?rest_route=%2Fwp%2Fv2%2Fmedia&parent=2168"}],"curies":[{"name":"wp","href":"https:\/\/api.w.org\/{rel}","templated":true}]}}