{"id":246,"date":"2011-11-28T15:25:50","date_gmt":"2011-11-28T14:25:50","guid":{"rendered":"http:\/\/evelyneguzy.be\/WordPress3\/?page_id=246"},"modified":"2011-12-01T10:52:10","modified_gmt":"2011-12-01T09:52:10","slug":"de-lautre-cote","status":"publish","type":"page","link":"https:\/\/evelyneguzy.be\/WordPress3\/?page_id=246","title":{"rendered":"L&rsquo;Arbre \u00e0 paroles"},"content":{"rendered":"<p>Une fois par an, L&rsquo;Arbre \u00e0 paroles r\u00e9unit des po\u00e8tes, des artistes, autour d&rsquo;une th\u00e9matique commune. Evelyne Guzy a particip\u00e9 \u00e0 <em>De l&rsquo;autre c\u00f4t\u00e9.<\/em><\/p>\n<p><a href=\"http:\/\/evelyneguzy.be\/WordPress3\/wp-content\/uploads\/2011\/11\/192990_206406372704431_100000052086090_841446_4106986_o.jpg\"><img loading=\"lazy\" decoding=\"async\" class=\"alignnone size-medium wp-image-247\" title=\"Couverture De l'autre c\u00f4t\u00e9, avec Evelyne Guzy\" src=\"https:\/\/evelyneguzy.be\/WordPress3\/wp-content\/uploads\/2011\/11\/192990_206406372704431_100000052086090_841446_4106986_o-195x300.jpg\" alt=\"\" width=\"195\" height=\"300\" srcset=\"https:\/\/evelyneguzy.be\/WordPress3\/wp-content\/uploads\/2011\/11\/192990_206406372704431_100000052086090_841446_4106986_o-195x300.jpg 195w, https:\/\/evelyneguzy.be\/WordPress3\/wp-content\/uploads\/2011\/11\/192990_206406372704431_100000052086090_841446_4106986_o-665x1024.jpg 665w, https:\/\/evelyneguzy.be\/WordPress3\/wp-content\/uploads\/2011\/11\/192990_206406372704431_100000052086090_841446_4106986_o.jpg 680w\" sizes=\"auto, (max-width: 195px) 100vw, 195px\" \/><\/a><\/p>\n<p><em><strong>\u00ab\u00a0La Maison des abysses\u00a0\u00bb,\u00a0<\/strong><\/em><strong>De l&rsquo;autre c\u00f4t\u00e9<\/strong><em><strong>,\u00a02011<\/strong><\/em><\/p>\n<p><em>De l&rsquo;autre c\u00f4t\u00e9<\/em>, po\u00e8tes et artistes :\u00a0B\u00e9atrice Libert, Anne-Marielle Wilwerth, Dominique Massaut, Julien Marcland,Oriane Martin, Michel Lamart, Roger Gonnet, Luc-Andr\u00e9 Rey, Pierre Schroven, Milady Renoir, Francine Minguez, Jeanine Baude, Th\u00e9ophile de Giraud, Martine Morillon-Carreau, Philippe Leuckx, Virginie Holaind, Evelyne Guzy, Brigitte Li\u00e9becq, Christiane Bours, Daniel Simon, Claude Albar\u00e8de, Jean-Christophe Ribeyre, Claire Ruwet, Jonathan Eng\u00e9linus, St\u00e9phanie Triest, Yvette Lheureux, David Giannoni, Rio Di Maria.<\/p>\n<p>\u00a0<strong>Le d\u00e9but de \u00ab\u00a0La Maison des abysses\u00a0\u00bb<\/strong><\/p>\n<p>Monde flout\u00e9, brouill\u00e9<\/p>\n<p>Absent<\/p>\n<p>Une maison se noie dans les abysses aqueux<\/p>\n<p>Pas de r\u00e9alit\u00e9, et pourtant<\/p>\n<p>Les fen\u00eatres, des trous b\u00e9ants qui ram\u00e8nent le pass\u00e9 obscur<\/p>\n<p>Obs\u00e9dant<\/p>\n<p>Le ciel est la terre et ce monde de l&rsquo;ab\u00eeme<\/p>\n<p>Angoissant<\/p>\n<p>&nbsp;<\/p>\n<p>Dans l&rsquo;infini des profondeurs, les cimes deviennent racines<\/p>\n<p>L&rsquo;\u00e9l\u00e9vation se noie dans les frondaisons<\/p>\n<p>La terre, la glaise, la boue<\/p>\n<p>Je m&rsquo;enfonce, inexorablement.<\/p>\n<p>&nbsp;<\/p>\n<p>Maman, j&rsquo;ai peur de l&rsquo;eau, j&rsquo;ai peur du lac<\/p>\n<p>Qui sait ce qui se cache de l&rsquo;autre c\u00f4t\u00e9 ?<\/p>\n<p>L&rsquo;obscur vient me hanter<\/p>\n<p>Myst\u00e8re de l&rsquo;agressif, de l&rsquo;hostile<\/p>\n<p>Au fond de moi je couve un monstre marin<\/p>\n","protected":false},"excerpt":{"rendered":"<p>Une fois par an, L&rsquo;Arbre \u00e0 paroles r\u00e9unit des po\u00e8tes, des artistes, autour d&rsquo;une th\u00e9matique commune. Evelyne Guzy a particip\u00e9 \u00e0 De l&rsquo;autre c\u00f4t\u00e9. \u00ab\u00a0La Maison des abysses\u00a0\u00bb,\u00a0De l&rsquo;autre c\u00f4t\u00e9,\u00a02011 De l&rsquo;autre c\u00f4t\u00e9, po\u00e8tes et artistes :\u00a0B\u00e9atrice Libert, Anne-Marielle Wilwerth, &hellip; <a href=\"https:\/\/evelyneguzy.be\/WordPress3\/?page_id=246\">Continuer la lecture <span class=\"meta-nav\">&rarr;<\/span><\/a><\/p>\n","protected":false},"author":1,"featured_media":0,"parent":175,"menu_order":10,"comment_status":"closed","ping_status":"open","template":"","meta":{"footnotes":""},"class_list":["post-246","page","type-page","status-publish","hentry"],"_links":{"self":[{"href":"https:\/\/evelyneguzy.be\/WordPress3\/index.php?rest_route=\/wp\/v2\/pages\/246","targetHints":{"allow":["GET"]}}],"collection":[{"href":"https:\/\/evelyneguzy.be\/WordPress3\/index.php?rest_route=\/wp\/v2\/pages"}],"about":[{"href":"https:\/\/evelyneguzy.be\/WordPress3\/index.php?rest_route=\/wp\/v2\/types\/page"}],"author":[{"embeddable":true,"href":"https:\/\/evelyneguzy.be\/WordPress3\/index.php?rest_route=\/wp\/v2\/users\/1"}],"replies":[{"embeddable":true,"href":"https:\/\/evelyneguzy.be\/WordPress3\/index.php?rest_route=%2Fwp%2Fv2%2Fcomments&post=246"}],"version-history":[{"count":9,"href":"https:\/\/evelyneguzy.be\/WordPress3\/index.php?rest_route=\/wp\/v2\/pages\/246\/revisions"}],"predecessor-version":[{"id":328,"href":"https:\/\/evelyneguzy.be\/WordPress3\/index.php?rest_route=\/wp\/v2\/pages\/246\/revisions\/328"}],"up":[{"embeddable":true,"href":"https:\/\/evelyneguzy.be\/WordPress3\/index.php?rest_route=\/wp\/v2\/pages\/175"}],"wp:attachment":[{"href":"https:\/\/evelyneguzy.be\/WordPress3\/index.php?rest_route=%2Fwp%2Fv2%2Fmedia&parent=246"}],"curies":[{"name":"wp","href":"https:\/\/api.w.org\/{rel}","templated":true}]}}