{"id":249,"date":"2011-11-28T15:30:26","date_gmt":"2011-11-28T14:30:26","guid":{"rendered":"http:\/\/evelyneguzy.be\/WordPress3\/?page_id=249"},"modified":"2013-01-10T16:44:02","modified_gmt":"2013-01-10T15:44:02","slug":"les-rhetoriques-de-la-conspiration","status":"publish","type":"page","link":"https:\/\/evelyneguzy.be\/WordPress3\/?page_id=249","title":{"rendered":"Les Rh\u00e9toriques de la conspiration"},"content":{"rendered":"<p><a href=\"http:\/\/evelyneguzy.be\/WordPress3\/wp-content\/uploads\/2011\/11\/Conspiration.jpg\"><img loading=\"lazy\" decoding=\"async\" class=\"alignnone size-medium wp-image-295\" title=\"Evelyne Guzy dans Rh\u00e9toriques de la Conspiration\" src=\"https:\/\/evelyneguzy.be\/WordPress3\/wp-content\/uploads\/2011\/11\/Conspiration-194x300.jpg\" alt=\"\" width=\"194\" height=\"300\" srcset=\"https:\/\/evelyneguzy.be\/WordPress3\/wp-content\/uploads\/2011\/11\/Conspiration-194x300.jpg 194w, https:\/\/evelyneguzy.be\/WordPress3\/wp-content\/uploads\/2011\/11\/Conspiration-663x1024.jpg 663w\" sizes=\"auto, (max-width: 194px) 100vw, 194px\" \/><\/a><\/p>\n<p><em><strong>\u00ab\u00a0Face au complot, une guerre des saintes ? Analyse d&rsquo;un ethos jihadiste\u00a0\u00bb, sous la direction d\u2019Emmanuelle Danblon et Lo\u00efc Nicolas, CNRS \u00e9ditions, 2010<\/strong><\/em><\/p>\n<p><strong>R\u00e9sum\u00e9 de l&rsquo;article<\/strong><\/p>\n<p>Comment une personne individuelle d\u00e9cline-t-elle sur le plan personnel une pens\u00e9e conspirationniste pour t\u00e9moigner de sa condition propre et, plus particuli\u00e8rement, de son statut de femme ? Afin de r\u00e9pondre \u00e0 cette question en termes rh\u00e9toriques,\u00a0Evelyne Guzy\u00a0un cas dans lequel s&rsquo;expriment les \u00e9motions et le v\u00e9cu personnel d&rsquo;une femme. Cette d\u00e9marche permet de d\u00e9gager les dynamiques propres \u00e0 la preuve \u00e9thique afin d&rsquo;investir, plus largement, l&rsquo;univers topique du texte analys\u00e9.<\/p>\n","protected":false},"excerpt":{"rendered":"<p>\u00ab\u00a0Face au complot, une guerre des saintes ? Analyse d&rsquo;un ethos jihadiste\u00a0\u00bb, sous la direction d\u2019Emmanuelle Danblon et Lo\u00efc Nicolas, CNRS \u00e9ditions, 2010 R\u00e9sum\u00e9 de l&rsquo;article Comment une personne individuelle d\u00e9cline-t-elle sur le plan personnel une pens\u00e9e conspirationniste pour t\u00e9moigner &hellip; <a href=\"https:\/\/evelyneguzy.be\/WordPress3\/?page_id=249\">Continuer la lecture <span class=\"meta-nav\">&rarr;<\/span><\/a><\/p>\n","protected":false},"author":1,"featured_media":0,"parent":175,"menu_order":17,"comment_status":"closed","ping_status":"open","template":"","meta":{"footnotes":""},"class_list":["post-249","page","type-page","status-publish","hentry"],"_links":{"self":[{"href":"https:\/\/evelyneguzy.be\/WordPress3\/index.php?rest_route=\/wp\/v2\/pages\/249","targetHints":{"allow":["GET"]}}],"collection":[{"href":"https:\/\/evelyneguzy.be\/WordPress3\/index.php?rest_route=\/wp\/v2\/pages"}],"about":[{"href":"https:\/\/evelyneguzy.be\/WordPress3\/index.php?rest_route=\/wp\/v2\/types\/page"}],"author":[{"embeddable":true,"href":"https:\/\/evelyneguzy.be\/WordPress3\/index.php?rest_route=\/wp\/v2\/users\/1"}],"replies":[{"embeddable":true,"href":"https:\/\/evelyneguzy.be\/WordPress3\/index.php?rest_route=%2Fwp%2Fv2%2Fcomments&post=249"}],"version-history":[{"count":13,"href":"https:\/\/evelyneguzy.be\/WordPress3\/index.php?rest_route=\/wp\/v2\/pages\/249\/revisions"}],"predecessor-version":[{"id":315,"href":"https:\/\/evelyneguzy.be\/WordPress3\/index.php?rest_route=\/wp\/v2\/pages\/249\/revisions\/315"}],"up":[{"embeddable":true,"href":"https:\/\/evelyneguzy.be\/WordPress3\/index.php?rest_route=\/wp\/v2\/pages\/175"}],"wp:attachment":[{"href":"https:\/\/evelyneguzy.be\/WordPress3\/index.php?rest_route=%2Fwp%2Fv2%2Fmedia&parent=249"}],"curies":[{"name":"wp","href":"https:\/\/api.w.org\/{rel}","templated":true}]}}