{"id":251,"date":"2011-11-28T15:31:20","date_gmt":"2011-11-28T14:31:20","guid":{"rendered":"http:\/\/evelyneguzy.be\/WordPress3\/?page_id=251"},"modified":"2013-01-10T16:46:07","modified_gmt":"2013-01-10T15:46:07","slug":"polemique-et-rhetorique","status":"publish","type":"page","link":"https:\/\/evelyneguzy.be\/WordPress3\/?page_id=251","title":{"rendered":"Pol\u00e9mique et Rh\u00e9torique"},"content":{"rendered":"<p><a href=\"http:\/\/evelyneguzy.be\/WordPress3\/wp-content\/uploads\/2011\/11\/Pol\u00e9mique.jpg\"><img loading=\"lazy\" decoding=\"async\" class=\"alignnone size-medium wp-image-297\" title=\"Evelyne Guzy dans Pol\u00e9mique et Rh\u00e9torique\" src=\"https:\/\/evelyneguzy.be\/WordPress3\/wp-content\/uploads\/2011\/11\/Pol\u00e9mique-e1322498420858-195x300.jpg\" alt=\"\" width=\"195\" height=\"300\" srcset=\"https:\/\/evelyneguzy.be\/WordPress3\/wp-content\/uploads\/2011\/11\/Pol\u00e9mique-e1322498420858-195x300.jpg 195w, https:\/\/evelyneguzy.be\/WordPress3\/wp-content\/uploads\/2011\/11\/Pol\u00e9mique-e1322498420858-668x1024.jpg 668w\" sizes=\"auto, (max-width: 195px) 100vw, 195px\" \/><\/a><\/p>\n<p><em><strong>\u00ab\u201cLa\u00a0Fin du &lsquo;peuple d&rsquo;Isra\u00ebl&rsquo; : une v\u00e9rit\u00e9 coranique.\u201d Analyse de l&rsquo;efficacit\u00e9 d&rsquo;une rh\u00e9torique du combat \u00e0 travers un texte jihadiste\u00a0\u00bb, sous la direction de Luce Albert et Lo\u00efc Nicolas, de Boeck-Duculot, 2010<\/strong><\/em><\/p>\n<p><strong>Quatri\u00e8me de couverture<\/strong><\/p>\n<p>Qu\u2019on tente de l\u2019\u00e9vacuer, de la dissimuler derri\u00e8re une \u00e9vidence fictive ou, au contraire, qu\u2019on la mette en sc\u00e8ne ostensiblement \u00e0 des fins strat\u00e9giques, la pol\u00e9mique est au c\u0153ur de toute entreprise oratoire. Elle prescrit ses r\u00e8gles et ses armes, impose ses conditions, son terrain d\u2019action ou de r\u00e9action : un mot de trop, un tour mal pes\u00e9, et tout le projet rh\u00e9torique se trouve mis en \u00e9chec faute d\u2019une entente p\u00e9renne sur les enjeux et les fins du combat. Horizon possible, \u00e9ventualit\u00e9, ressource circonstancielle, la pol\u00e9mique reste disponible \u00e0 la crois\u00e9e des genres pour coordonner et ritualiser l\u2019\u00e9change des coups autant que le degr\u00e9 de leur violence.<\/p>\n<p>N\u00e9gliger sa pertinence, son importance topique n\u2019a jamais pour effet que de masquer ou de r\u00e9cuser le principe selon lequel \u00e0 l\u2019origine et aux fondements de tout discours r\u00e9sident une cause \u00e0 gagner, un contradicteur \u00e0 \u00e9vincer, des arguments \u00e0 contester et, en fin de compte, un auditeur \u00e0 persuader de la sup\u00e9riorit\u00e9 d\u2019une vision du monde inscrite dans une hi\u00e9rarchie des valeurs et des pr\u00e9f\u00e9rences. Provocation, incitation \u00e0 la r\u00e9ponse, une telle parole invite \u00e0 la surench\u00e8re, \u00e0 la contre-attaque, \u00e0 la pointe, \u00e0 la recherche de l\u2019argument imparable \u2013 cette munition discursive \u2013 qui viendrait enfermer dans ses formes la bataille des mots, et clore le rapport de force entre des protagonistes plus ou moins bien qualifi\u00e9s pour soutenir cette situation incertaine sans vaciller.<\/p>\n<p>L\u2019ouvrage qu\u2019on va lire se propose, entre r\u00e9flexions th\u00e9oriques et \u00e9tudes de cas, d\u2019analyser le ph\u00e9nom\u00e8ne pol\u00e9mique en diachronie (fronti\u00e8res, usages, grammaire) afin de repenser sa d\u00e9finition et ses relations profondes \u00e0 la persuasion, donc \u00e0 la rh\u00e9torique.<\/p>\n<p>&nbsp;<\/p>\n","protected":false},"excerpt":{"rendered":"<p>\u00ab\u201cLa\u00a0Fin du &lsquo;peuple d&rsquo;Isra\u00ebl&rsquo; : une v\u00e9rit\u00e9 coranique.\u201d Analyse de l&rsquo;efficacit\u00e9 d&rsquo;une rh\u00e9torique du combat \u00e0 travers un texte jihadiste\u00a0\u00bb, sous la direction de Luce Albert et Lo\u00efc Nicolas, de Boeck-Duculot, 2010 Quatri\u00e8me de couverture Qu\u2019on tente de l\u2019\u00e9vacuer, de &hellip; <a href=\"https:\/\/evelyneguzy.be\/WordPress3\/?page_id=251\">Continuer la lecture <span class=\"meta-nav\">&rarr;<\/span><\/a><\/p>\n","protected":false},"author":1,"featured_media":0,"parent":175,"menu_order":18,"comment_status":"closed","ping_status":"open","template":"","meta":{"footnotes":""},"class_list":["post-251","page","type-page","status-publish","hentry"],"_links":{"self":[{"href":"https:\/\/evelyneguzy.be\/WordPress3\/index.php?rest_route=\/wp\/v2\/pages\/251","targetHints":{"allow":["GET"]}}],"collection":[{"href":"https:\/\/evelyneguzy.be\/WordPress3\/index.php?rest_route=\/wp\/v2\/pages"}],"about":[{"href":"https:\/\/evelyneguzy.be\/WordPress3\/index.php?rest_route=\/wp\/v2\/types\/page"}],"author":[{"embeddable":true,"href":"https:\/\/evelyneguzy.be\/WordPress3\/index.php?rest_route=\/wp\/v2\/users\/1"}],"replies":[{"embeddable":true,"href":"https:\/\/evelyneguzy.be\/WordPress3\/index.php?rest_route=%2Fwp%2Fv2%2Fcomments&post=251"}],"version-history":[{"count":8,"href":"https:\/\/evelyneguzy.be\/WordPress3\/index.php?rest_route=\/wp\/v2\/pages\/251\/revisions"}],"predecessor-version":[{"id":299,"href":"https:\/\/evelyneguzy.be\/WordPress3\/index.php?rest_route=\/wp\/v2\/pages\/251\/revisions\/299"}],"up":[{"embeddable":true,"href":"https:\/\/evelyneguzy.be\/WordPress3\/index.php?rest_route=\/wp\/v2\/pages\/175"}],"wp:attachment":[{"href":"https:\/\/evelyneguzy.be\/WordPress3\/index.php?rest_route=%2Fwp%2Fv2%2Fmedia&parent=251"}],"curies":[{"name":"wp","href":"https:\/\/api.w.org\/{rel}","templated":true}]}}