{"id":253,"date":"2011-11-28T15:32:25","date_gmt":"2011-11-28T14:32:25","guid":{"rendered":"http:\/\/evelyneguzy.be\/WordPress3\/?page_id=253"},"modified":"2020-01-31T15:19:04","modified_gmt":"2020-01-31T14:19:04","slug":"bela","status":"publish","type":"page","link":"https:\/\/evelyneguzy.be\/WordPress3\/?page_id=253","title":{"rendered":"Bela"},"content":{"rendered":"<p><a href=\"http:\/\/evelyneguzy.be\/WordPress3\/wp-content\/uploads\/2011\/11\/billetsdauteurombrerose.png\"><img loading=\"lazy\" decoding=\"async\" class=\"alignnone size-full wp-image-304\" title=\"Evelyne Guzy et les billets d'auteur Bela\" src=\"\/WordPress3\/wp-content\/uploads\/2011\/11\/billetsdauteurombrerose.png\" alt=\"\" width=\"300\" height=\"99\"\/><\/a><\/p>\n<p>Le site BELA (<a href=\"http:\/\/www.bela.be\/\">www.bela.be<\/a>) a \u00e9t\u00e9 cr\u00e9\u00e9 \u00e0 Bruxelles par l&rsquo;association Maison des auteurs, avec le soutien de deux soci\u00e9t\u00e9s d&rsquo;auteurs, la SACD et la SCAM.&nbsp;BELA est un <strong>projet collectif<\/strong>, n\u00e9 \u00e0 l&rsquo;initiative des auteurs. Le site accueille des cr\u00e9ateurs de diff\u00e9rents domaines. Il propose r\u00e9guli\u00e8rement a des auteurs belges de publier des billets li\u00e9s \u00e0 l&rsquo;actualit\u00e9. Voici&nbsp;ceux d&rsquo;<a href=\"http:\/\/www.bela.be\/auteur\/evelyne-guzy\/dans-le-belazine\" target=\"_blank\" rel=\"noopener noreferrer\">Evelyne Guzy dans Bela<\/a>.<\/p>\n<p>&nbsp;<\/p>\n<p>&nbsp;<\/p>\n<p>&nbsp;<\/p>\n","protected":false},"excerpt":{"rendered":"<p>Le site BELA (www.bela.be) a \u00e9t\u00e9 cr\u00e9\u00e9 \u00e0 Bruxelles par l&rsquo;association Maison des auteurs, avec le soutien de deux soci\u00e9t\u00e9s d&rsquo;auteurs, la SACD et la SCAM.&nbsp;BELA est un projet collectif, n\u00e9 \u00e0 l&rsquo;initiative des auteurs. Le site accueille des cr\u00e9ateurs &hellip; <a href=\"https:\/\/evelyneguzy.be\/WordPress3\/?page_id=253\">Continuer la lecture <span class=\"meta-nav\">&rarr;<\/span><\/a><\/p>\n","protected":false},"author":1,"featured_media":0,"parent":175,"menu_order":15,"comment_status":"closed","ping_status":"open","template":"","meta":{"footnotes":""},"class_list":["post-253","page","type-page","status-publish","hentry"],"_links":{"self":[{"href":"https:\/\/evelyneguzy.be\/WordPress3\/index.php?rest_route=\/wp\/v2\/pages\/253","targetHints":{"allow":["GET"]}}],"collection":[{"href":"https:\/\/evelyneguzy.be\/WordPress3\/index.php?rest_route=\/wp\/v2\/pages"}],"about":[{"href":"https:\/\/evelyneguzy.be\/WordPress3\/index.php?rest_route=\/wp\/v2\/types\/page"}],"author":[{"embeddable":true,"href":"https:\/\/evelyneguzy.be\/WordPress3\/index.php?rest_route=\/wp\/v2\/users\/1"}],"replies":[{"embeddable":true,"href":"https:\/\/evelyneguzy.be\/WordPress3\/index.php?rest_route=%2Fwp%2Fv2%2Fcomments&post=253"}],"version-history":[{"count":11,"href":"https:\/\/evelyneguzy.be\/WordPress3\/index.php?rest_route=\/wp\/v2\/pages\/253\/revisions"}],"predecessor-version":[{"id":1387,"href":"https:\/\/evelyneguzy.be\/WordPress3\/index.php?rest_route=\/wp\/v2\/pages\/253\/revisions\/1387"}],"up":[{"embeddable":true,"href":"https:\/\/evelyneguzy.be\/WordPress3\/index.php?rest_route=\/wp\/v2\/pages\/175"}],"wp:attachment":[{"href":"https:\/\/evelyneguzy.be\/WordPress3\/index.php?rest_route=%2Fwp%2Fv2%2Fmedia&parent=253"}],"curies":[{"name":"wp","href":"https:\/\/api.w.org\/{rel}","templated":true}]}}