{"id":37,"date":"2011-11-21T17:26:23","date_gmt":"2011-11-21T16:26:23","guid":{"rendered":"http:\/\/evelyneguzy.be\/WordPress3\/?page_id=37"},"modified":"2022-12-10T19:28:27","modified_gmt":"2022-12-10T18:28:27","slug":"dans-le-sang","status":"publish","type":"page","link":"https:\/\/evelyneguzy.be\/WordPress3\/?page_id=37","title":{"rendered":"Dans le Sang"},"content":{"rendered":"<h2><a href=\"http:\/\/evelyneguzy.be\/WordPress3\/wp-content\/uploads\/2011\/11\/cover-dans-le-sang-e1321961507642.jpg\"><img loading=\"lazy\" decoding=\"async\" class=\"alignnone  wp-image-76\" title=\"cover dans le sang\" src=\"https:\/\/evelyneguzy.be\/WordPress3\/wp-content\/uploads\/2011\/11\/cover-dans-le-sang-e1321961507642-183x300.jpg\" alt=\"\" width=\"303\" height=\"485\" \/><\/a><\/h2>\n<h2><em>Bernard Gilson Editeur, 2009<\/em><\/h2>\n<h2>R\u00e9sum\u00e9<\/h2>\n<p>Sur fond de terrorisme, <em>Dans le Sang<\/em>, invite le lecteur \u00e0 inscrire ses pas dans ceux de David Gozlan, un jeune volontaire qui travaille au sein d\u2019une ONG. David d\u00e9couvre l\u2019Ismalie au milieu du vingt et uni\u00e8me si\u00e8cle. Dans ce pays divis\u00e9, le Nord aspire \u00e0 la d\u00e9mocratie, tout en subissant une violente vague d\u2019attentats-suicides venue du Sud islamiste. David se penche sur le sort de jeunes kamikazes repentis. Accueilli dans la famille des El Zibah, il fait la connaissance de Omar, le fils engag\u00e9 corps et \u00e2me au sein d\u2019un mouvement radical. Le p\u00e9riple initiatique de David l\u2019am\u00e8ne \u00e0 sonder ses<br \/>\npropres limites et celles du monde qui l\u2019entoure.<\/p>\n<p>\u00ab <em>Voici un \u00e9crivain. <\/em>Dans le sang<em> d\u2019Evelyne Guzy d\u00e9bute avec une vingtaine de lignes titr\u00e9es tout simplement \u201cLes mouches\u201d, et nous voil\u00e0 plong\u00e9s dans un univers carc\u00e9ral de prison orientale tels que les r\u00e9cits de voyageurs nous le laissent imaginer. Tout est dit, en quelques mots, une description juste, des sensations fortes<\/em> \u00bb (Nicole Widart, <em>Le Carnet et les Instants<\/em>).<\/p>\n<h2>Extraits<\/h2>\n<h3><strong>Les Mouches<\/strong><\/h3>\n<p>Au plafond, trois mouches se disputent un centim\u00e8tre d\u2019espace. La tache brune les fascine. Elles virevoltent aux alentours, s\u2019approchent et s\u2019\u00e9loignent, se toisent et se narguent. Au-del\u00e0, comme un d\u00e9fi \u00e0 l\u2019exploration, s\u2019\u00e9tendent trois m\u00e8tres carr\u00e9s d\u2019une surface blanche, jusqu\u2019alors inexplor\u00e9e.<\/p>\n<p>Leurs allers-retours me donnent mal \u00e0 la t\u00eate. Pourquoi se disputent-elles ce lieu minuscule alors que le vaste univers de la pi\u00e8ce s\u2019offre \u00e0 elles\u00a0? Ces mouches ont quelque chose d\u2019humain. Et leur monde se referme sur moi.<\/p>\n<p>Comme Don Quichotte, j\u2019ai atterri, pr\u00eat \u00e0 affronter moutons et moulins \u00e0 vent. Plus dangereux encore, j\u2019ai rencontr\u00e9 des hommes. Avec aussi peu de cervelle que ces insectes qui m\u2019obs\u00e8dent. Ext\u00e9nu\u00e9 et sur les nerfs, voil\u00e0 comment je me sens ce 15 juillet, jour de mon arriv\u00e9e en Ismalie.<\/p>\n<p>Autour de moi, tout suinte une crasse ind\u00e9finissable. Sol jonch\u00e9 de papiers, m\u00e9gots et objets non identifiables. Drap gris\u00e2tre. Graisse et s\u00e9cr\u00e9tions diverses m\u00e9lang\u00e9es. Odeur de merde arros\u00e9e de pisse. Inutile de m\u2019appesantir sur le d\u00e9cor, j\u2019ai pr\u00e9f\u00e9r\u00e9 lever les yeux au ciel. Je n\u2019y ai pas trouv\u00e9 Dieu, mais les mouches. Chacun sa destin\u00e9e.<\/p>\n<p>Je tente de remettre mes id\u00e9es en place. Le souvenir du pass\u00e9 r\u00e9cent augmente mon angoisse. \u00ab\u00a0Inimaginable.\u00a0\u00bb Cette situation est tout bonnement inimaginable. C\u2019est le seul mot qui me vient en t\u00eate.<\/p>\n<p>Il faut que je dorme.<\/p>\n<h3><strong>L\u2019Exil<\/strong><\/h3>\n<p>L\u2019exil est une odeur. Celle des bougainvilliers qui n\u2019en d\u00e9gagent aucune, en Europe du Nord, tant ils sont artificiels. Celle des oliviers, que personne ici ne penserait \u00e0 cultiver, m\u00eame en serre d\u2019apparat. Pourtant quoi de plus doux que leurs petites feuilles moelleuses, quoi de plus ravissant que le gris de leur tronc, que l\u2019\u00e9quilibre de leur<br \/>\nfrondaison. L\u2019exil est une pesanteur. Celle de cette chaleur que l\u2019on recherche partout, tout le temps, et qui l\u00e0-bas vous prot\u00e9geait. Celle de cette pluie qui vous tombe sur les \u00e9paules, en m\u00eame temps que le poids du monde et que cette nostalgie, infinie, d\u2019une terre \u00e0 jamais perdue, presque de sa propre volont\u00e9. Remords inextinguible\u00a0: \u00ab\u00a0Nous aurions d\u00fb la garder, pour nos enfants.\u00a0\u00bb Logique imparable\u00a0: \u00ab\u00a0Mais en restant, nous serions d\u00e9j\u00e0 morts.\u00a0\u00bb La vie ou la terre\u00a0? Mais qui sommes-nous, peuple sans terre\u00a0? Que reste-t-il de notre identit\u00e9 maintenant que nous vivons ici, cach\u00e9s. Des \u00e9trangers pour nos propres enfants, qui tra\u00eenent inconsciemment cette culpabilit\u00e9 des racines. La culpabilit\u00e9, notre racine.<\/p>\n","protected":false},"excerpt":{"rendered":"<p>Bernard Gilson Editeur, 2009 R\u00e9sum\u00e9 Sur fond de terrorisme, Dans le Sang, invite le lecteur \u00e0 inscrire ses pas dans ceux de David Gozlan, un jeune volontaire qui travaille au sein d\u2019une ONG. David d\u00e9couvre l\u2019Ismalie au milieu du vingt &hellip; <a href=\"https:\/\/evelyneguzy.be\/WordPress3\/?page_id=37\">Continuer la lecture <span class=\"meta-nav\">&rarr;<\/span><\/a><\/p>\n","protected":false},"author":1,"featured_media":41,"parent":33,"menu_order":1,"comment_status":"closed","ping_status":"open","template":"","meta":{"footnotes":""},"class_list":["post-37","page","type-page","status-publish","has-post-thumbnail","hentry"],"_links":{"self":[{"href":"https:\/\/evelyneguzy.be\/WordPress3\/index.php?rest_route=\/wp\/v2\/pages\/37","targetHints":{"allow":["GET"]}}],"collection":[{"href":"https:\/\/evelyneguzy.be\/WordPress3\/index.php?rest_route=\/wp\/v2\/pages"}],"about":[{"href":"https:\/\/evelyneguzy.be\/WordPress3\/index.php?rest_route=\/wp\/v2\/types\/page"}],"author":[{"embeddable":true,"href":"https:\/\/evelyneguzy.be\/WordPress3\/index.php?rest_route=\/wp\/v2\/users\/1"}],"replies":[{"embeddable":true,"href":"https:\/\/evelyneguzy.be\/WordPress3\/index.php?rest_route=%2Fwp%2Fv2%2Fcomments&post=37"}],"version-history":[{"count":25,"href":"https:\/\/evelyneguzy.be\/WordPress3\/index.php?rest_route=\/wp\/v2\/pages\/37\/revisions"}],"predecessor-version":[{"id":1783,"href":"https:\/\/evelyneguzy.be\/WordPress3\/index.php?rest_route=\/wp\/v2\/pages\/37\/revisions\/1783"}],"up":[{"embeddable":true,"href":"https:\/\/evelyneguzy.be\/WordPress3\/index.php?rest_route=\/wp\/v2\/pages\/33"}],"wp:featuredmedia":[{"embeddable":true,"href":"https:\/\/evelyneguzy.be\/WordPress3\/index.php?rest_route=\/wp\/v2\/media\/41"}],"wp:attachment":[{"href":"https:\/\/evelyneguzy.be\/WordPress3\/index.php?rest_route=%2Fwp%2Fv2%2Fmedia&parent=37"}],"curies":[{"name":"wp","href":"https:\/\/api.w.org\/{rel}","templated":true}]}}