{"id":66,"date":"2011-11-21T18:24:35","date_gmt":"2011-11-21T17:24:35","guid":{"rendered":"http:\/\/evelyneguzy.be\/WordPress3\/?page_id=66"},"modified":"2026-02-18T14:29:58","modified_gmt":"2026-02-18T13:29:58","slug":"bio","status":"publish","type":"page","link":"https:\/\/evelyneguzy.be\/WordPress3\/?page_id=66","title":{"rendered":"En bref&#8230;"},"content":{"rendered":"<div class=\"wp-block-image\">\n<figure class=\"alignleft\"><a href=\"https:\/\/evelyneguzy.be\/WordPress3\/wp-content\/uploads\/2020\/10\/DSC_6208-25-septembre-2020-\u00a9-Lara-Herbinia-copie-scaled.jpg\"><img loading=\"lazy\" decoding=\"async\" width=\"200\" height=\"300\" src=\"https:\/\/evelyneguzy.be\/WordPress3\/wp-content\/uploads\/2020\/10\/DSC_6208-25-septembre-2020-\u00a9-Lara-Herbinia-copie-200x300.jpg\" alt=\"Portrait 2020\" class=\"wp-image-1424\" srcset=\"https:\/\/evelyneguzy.be\/WordPress3\/wp-content\/uploads\/2020\/10\/DSC_6208-25-septembre-2020-\u00a9-Lara-Herbinia-copie-200x300.jpg 200w, https:\/\/evelyneguzy.be\/WordPress3\/wp-content\/uploads\/2020\/10\/DSC_6208-25-septembre-2020-\u00a9-Lara-Herbinia-copie-681x1024.jpg 681w, https:\/\/evelyneguzy.be\/WordPress3\/wp-content\/uploads\/2020\/10\/DSC_6208-25-septembre-2020-\u00a9-Lara-Herbinia-copie-768x1154.jpg 768w, https:\/\/evelyneguzy.be\/WordPress3\/wp-content\/uploads\/2020\/10\/DSC_6208-25-septembre-2020-\u00a9-Lara-Herbinia-copie-1022x1536.jpg 1022w, https:\/\/evelyneguzy.be\/WordPress3\/wp-content\/uploads\/2020\/10\/DSC_6208-25-septembre-2020-\u00a9-Lara-Herbinia-copie-1362x2048.jpg 1362w, https:\/\/evelyneguzy.be\/WordPress3\/wp-content\/uploads\/2020\/10\/DSC_6208-25-septembre-2020-\u00a9-Lara-Herbinia-copie-scaled.jpg 1703w\" sizes=\"auto, (max-width: 200px) 100vw, 200px\" \/><\/a><figcaption class=\"wp-element-caption\">\u00a9 Lara Herbinia<\/figcaption><\/figure>\n<\/div>\n\n\n<p><span lang=\"FR\">Evelyne Guzy vit \u00e0 Bruxelles. Apr\u00e8s des \u00e9tudes de journalisme et une agr\u00e9gation \u2013 compl\u00e9t\u00e9es plus tard par une formation \u00e0 la recherche \u2013, elle a consacr\u00e9 l\u2019essentiel de sa carri\u00e8re \u00e0 l\u2019\u00e9criture et \u00e0 la communication : auteur de brochures d\u2019information sur des th\u00e8mes d\u2019int\u00e9r\u00eat citoyen, \u00e9ditrice, <i>ghost writer<\/i> \u00e0 l\u2019occasion, coach dans ses deux sp\u00e9cialit\u00e9s.&nbsp;<\/span><\/p>\n\n\n\n<p>Elle a dirig\u00e9 l\u2019essai <em>Attentats-suicides. Le cas isra\u00e9lo-palestinien <\/em>(Pr\u00e9face de Pierre Mertens \u2013 Luc Pire, 2004). Dans&nbsp;le domaine de la fiction, elle a publi\u00e9 une histoire urbaine, <em>Bruxelles-les-Eaux<\/em> (Maelstr\u00f6m, 2010), deux recueils de nouvelles dont <em>Belgiques. Ce qui reste quand on a tout oubli\u00e9&#8230;<\/em> (Ker \u00e9ditions, 2023) et trois romans : <em>Dans le sang<\/em> (Bernard Gilson \u00c9diteur, 2009),&nbsp;<em>Le martyr de l&rsquo;Etoile<\/em> (Luc Pire, 2012) et <em>La Mal\u00e9diction des Mots<\/em> (M.E.O., 2021). Son ouvrage le plus r\u00e9cent, <em>Danser, encore. Histoires de renaissances<\/em>, est paru chez Edern \u00e9ditions en mars 2025.<\/p>\n\n\n\n<p>Evelyne Guzy a contribu\u00e9 \u00e0 des ouvrages collectifs et<span style=\"font-size: inherit;\">&nbsp;a assur\u00e9 une chronique consacr\u00e9e aux \u00e9crivains belges sur la radio bruxelloise BXFM 104.3. Elle collabore \u00e0 la revue litt\u00e9raire <\/span><i style=\"font-size: inherit;\">Marginales <\/i>et a figur\u00e9 dans l&rsquo;avant-derni\u00e8re s\u00e9lection du prix Victor Rossel de litt\u00e9rature 2021 pour <em>La&nbsp;Mal\u00e9diction&nbsp;des Mots<\/em>. Les th\u00e8mes de la violence extr\u00eame, de la m\u00e9moire et de la r\u00e9silience traversent ses \u00e9crits.<\/p>\n\n\n\n<p><a href=\"https:\/\/fr.wikipedia.org\/wiki\/\u00c9velyne_Guzy\">Lien Wikipedia.<\/a><\/p>\n\n\n\n<p><\/p>\n","protected":false},"excerpt":{"rendered":"<p>Evelyne Guzy vit \u00e0 Bruxelles. Apr\u00e8s des \u00e9tudes de journalisme et une agr\u00e9gation \u2013 compl\u00e9t\u00e9es plus tard par une formation \u00e0 la recherche \u2013, elle a consacr\u00e9 l\u2019essentiel de sa carri\u00e8re \u00e0 l\u2019\u00e9criture et \u00e0 la communication : auteur de &hellip; <a href=\"https:\/\/evelyneguzy.be\/WordPress3\/?page_id=66\">Continuer la lecture <span class=\"meta-nav\">&rarr;<\/span><\/a><\/p>\n","protected":false},"author":1,"featured_media":0,"parent":93,"menu_order":0,"comment_status":"closed","ping_status":"open","template":"","meta":{"footnotes":""},"class_list":["post-66","page","type-page","status-publish","hentry"],"_links":{"self":[{"href":"https:\/\/evelyneguzy.be\/WordPress3\/index.php?rest_route=\/wp\/v2\/pages\/66","targetHints":{"allow":["GET"]}}],"collection":[{"href":"https:\/\/evelyneguzy.be\/WordPress3\/index.php?rest_route=\/wp\/v2\/pages"}],"about":[{"href":"https:\/\/evelyneguzy.be\/WordPress3\/index.php?rest_route=\/wp\/v2\/types\/page"}],"author":[{"embeddable":true,"href":"https:\/\/evelyneguzy.be\/WordPress3\/index.php?rest_route=\/wp\/v2\/users\/1"}],"replies":[{"embeddable":true,"href":"https:\/\/evelyneguzy.be\/WordPress3\/index.php?rest_route=%2Fwp%2Fv2%2Fcomments&post=66"}],"version-history":[{"count":56,"href":"https:\/\/evelyneguzy.be\/WordPress3\/index.php?rest_route=\/wp\/v2\/pages\/66\/revisions"}],"predecessor-version":[{"id":2314,"href":"https:\/\/evelyneguzy.be\/WordPress3\/index.php?rest_route=\/wp\/v2\/pages\/66\/revisions\/2314"}],"up":[{"embeddable":true,"href":"https:\/\/evelyneguzy.be\/WordPress3\/index.php?rest_route=\/wp\/v2\/pages\/93"}],"wp:attachment":[{"href":"https:\/\/evelyneguzy.be\/WordPress3\/index.php?rest_route=%2Fwp%2Fv2%2Fmedia&parent=66"}],"curies":[{"name":"wp","href":"https:\/\/api.w.org\/{rel}","templated":true}]}}