{"id":796,"date":"2014-03-30T11:10:29","date_gmt":"2014-03-30T09:10:29","guid":{"rendered":"http:\/\/evelyneguzy.be\/WordPress3\/?page_id=796"},"modified":"2020-01-31T15:24:46","modified_gmt":"2020-01-31T14:24:46","slug":"chroniques-bxfm","status":"publish","type":"page","link":"https:\/\/evelyneguzy.be\/WordPress3\/?page_id=796","title":{"rendered":"Chroniques"},"content":{"rendered":"<p><a href=\"http:\/\/evelyneguzy.be\/WordPress3\/wp-content\/uploads\/2014\/03\/bannierepress1.jpg\"><img loading=\"lazy\" decoding=\"async\" class=\"alignleft size-full wp-image-812\" title=\"bannierepress BXFM\" src=\"\/WordPress3\/wp-content\/uploads\/2014\/03\/bannierepress1-e1396172312986.jpg\" alt=\"\" width=\"1510\" height=\"217\" srcset=\"https:\/\/evelyneguzy.be\/WordPress3\/wp-content\/uploads\/2014\/03\/bannierepress1-e1396172312986.jpg 1510w, https:\/\/evelyneguzy.be\/WordPress3\/wp-content\/uploads\/2014\/03\/bannierepress1-e1396172312986-300x43.jpg 300w, https:\/\/evelyneguzy.be\/WordPress3\/wp-content\/uploads\/2014\/03\/bannierepress1-e1396172312986-1024x147.jpg 1024w\" sizes=\"auto, (max-width: 1510px) 100vw, 1510px\" \/><\/a><a href=\"http:\/\/evelyneguzy.be\/WordPress3\/wp-content\/uploads\/2014\/03\/IMG_60991.jpg\"><img loading=\"lazy\" decoding=\"async\" class=\"alignright size-full wp-image-1224\" title=\"IMG_6099\" src=\"\/WordPress3\/wp-content\/uploads\/2014\/03\/IMG_60991.jpg\" alt=\"\" width=\"117\" height=\"116\"\/><\/a><\/p>\n<p>En 2014, tous les lundis \u00e0 12.30 sur la radio bruxelloise BXFM 104.3, Evelyne Guzy a d\u00e9vor\u00e9 des livres : des romans d\u2019\u00e9crivains belges, des ouvrages \u00e0 la mode de Bruxelles et des Bruxellois.<\/p>\n<div>&nbsp;<\/div>\n","protected":false},"excerpt":{"rendered":"<p>En 2014, tous les lundis \u00e0 12.30 sur la radio bruxelloise BXFM 104.3, Evelyne Guzy a d\u00e9vor\u00e9 des livres : des romans d\u2019\u00e9crivains belges, des ouvrages \u00e0 la mode de Bruxelles et des Bruxellois. &nbsp;<\/p>\n","protected":false},"author":1,"featured_media":0,"parent":0,"menu_order":9,"comment_status":"closed","ping_status":"open","template":"","meta":{"footnotes":""},"class_list":["post-796","page","type-page","status-publish","hentry"],"_links":{"self":[{"href":"https:\/\/evelyneguzy.be\/WordPress3\/index.php?rest_route=\/wp\/v2\/pages\/796","targetHints":{"allow":["GET"]}}],"collection":[{"href":"https:\/\/evelyneguzy.be\/WordPress3\/index.php?rest_route=\/wp\/v2\/pages"}],"about":[{"href":"https:\/\/evelyneguzy.be\/WordPress3\/index.php?rest_route=\/wp\/v2\/types\/page"}],"author":[{"embeddable":true,"href":"https:\/\/evelyneguzy.be\/WordPress3\/index.php?rest_route=\/wp\/v2\/users\/1"}],"replies":[{"embeddable":true,"href":"https:\/\/evelyneguzy.be\/WordPress3\/index.php?rest_route=%2Fwp%2Fv2%2Fcomments&post=796"}],"version-history":[{"count":20,"href":"https:\/\/evelyneguzy.be\/WordPress3\/index.php?rest_route=\/wp\/v2\/pages\/796\/revisions"}],"predecessor-version":[{"id":1394,"href":"https:\/\/evelyneguzy.be\/WordPress3\/index.php?rest_route=\/wp\/v2\/pages\/796\/revisions\/1394"}],"wp:attachment":[{"href":"https:\/\/evelyneguzy.be\/WordPress3\/index.php?rest_route=%2Fwp%2Fv2%2Fmedia&parent=796"}],"curies":[{"name":"wp","href":"https:\/\/api.w.org\/{rel}","templated":true}]}}