{"id":822,"date":"2014-03-30T11:49:20","date_gmt":"2014-03-30T09:49:20","guid":{"rendered":"http:\/\/evelyneguzy.be\/WordPress3\/?page_id=822"},"modified":"2014-03-30T11:49:20","modified_gmt":"2014-03-30T09:49:20","slug":"antoine-wauters-nos-meres","status":"publish","type":"page","link":"https:\/\/evelyneguzy.be\/WordPress3\/?page_id=822","title":{"rendered":"Antoine Wauters, Nos M\u00e8res"},"content":{"rendered":"<h1><strong>Le 17\/2\/14\u00a0: Antoine Wauters,\u00a0<em>Nos M\u00e8res<\/em>, Verdier. Roman<\/strong><\/h1>\n<p><strong><\/strong><strong><img decoding=\"async\" class=\"alignleft\" title=\"Cover Nos M\u00e8res d'Antoine Wauters\" src=\"http:\/\/terresdefemmes.blogs.com\/.a\/6a00d8345167db69e201a5108e6d79970c-250wi\" alt=\"\" width=\"250\" \/>Antoine Wauters<\/strong>\u00a0est un jeune auteur de 33 ans, philosophe de formation. Comme po\u00e8te, il a emport\u00e9 plusieurs prix. Il travaille aussi dans l\u2019\u00e9dition et pour le cin\u00e9ma.\u00a0<em>Nos M\u00e8r<\/em>es est son premier roman.<\/p>\n<p><strong><em>Nos m\u00e8res<\/em><\/strong>\u00a0d\u00e9bute dans un pays en guerre, sans doute le Liban. Un enfant \u2013 ou des enfants\u00a0? \u2013 vivent le ventre vide, sans p\u00e8re, \u00e9touff\u00e9s par des m\u00e8res cruelles et aimantes. Jean, le h\u00e9ros de cette histoire, s\u2019invente des fr\u00e8res qui rompent sa solitude. Sa m\u00e8re le prot\u00e8ge et le pers\u00e9cute, l\u2019\u00e9touffe, l\u2019isole. Il veut la pr\u00e9server. Du deuil, des bombes, d\u2019elle-m\u00eame. Pourtant, il est envoy\u00e9 \u00e0 l\u2019orphelinat. Plus tard, on retrouve Jean, dans un pays, pour lui lointain et gris, avec une m\u00e8re, une autre, qui lutte contre ses propres d\u00e9mons. Gr\u00e2ce \u00e0 l\u2019amour et aux livres, il apprend \u00e0 devenir qui il est et \u00e0 accepter le monde tel qu\u2019il est.\u00a0<em>Nos M\u00e8res<\/em>\u00a0est un livre sur la r\u00e9surrection.<\/p>\n<p><em>Nos m\u00e8res<\/em>\u00a0est une\u00a0<strong>v\u00e9ritable \u0153uvre de cr\u00e9ation litt\u00e9raire<\/strong>. Antoine Wauters y invente une nouvelle fa\u00e7on de dire et de conter. Son coup de g\u00e9nie se per\u00e7oit d\u00e8s la lecture du titre. \u00ab\u00a0Nos m\u00e8res\u00a0\u00bb ne parle pas seulement de \u00ab\u00a0la\u00a0\u00bb m\u00e8re de Jean, ni m\u00eame de \u00ab\u00a0ses\u00a0\u00bb m\u00e8res, naturelle et adoptive, mais \u00ab\u00a0des m\u00e8res\u00a0\u00bb en g\u00e9n\u00e9ral, la mienne, la v\u00f4tre. Le propos de Wauters nous englobe et devient ainsi\u00a0<strong>universel<\/strong>, nous touchant tous au plus profond. Il nous offre une<strong>\u00a0\u00e9criture<\/strong>\u00a0rythm\u00e9e, imag\u00e9e, po\u00e9tique, qui r\u00e9sonne comme un v\u00e9ritable hymne \u00e0 la beaut\u00e9. Sous un premier abord noir, le livre v\u00e9hicule\u00a0<strong>une vision optimiste de la r\u00e9alit\u00e9<\/strong>, une foi en l\u2019Homme et en ses potentialit\u00e9s qui nourrit le lecteur d\u2019une belle \u00e9nergie.<\/p>\n<p><em>Nos M\u00e8res<\/em>\u00a0d\u2019Antoine Wauters n\u2019a rien d\u2019autobiographique. C\u2019est tout le\u00a0 contraire du livre dont nous allons parler\u00a0<strong>la semaine prochaine<\/strong>\u00a0:\u00a0<em>Max, en apparence<\/em>\u00a0de Nathalie Skowronek, paru chez Arl\u00e9a. Rappelons que ces deux livres feront l\u2019objet d\u2019une rencontre intitul\u00e9e \u00ab\u00a0<strong>Histoires de famille<\/strong>\u00a0\u00bb, dans le cadre de la Foire du livre, le jeudi 20 \u00e0 18 heures.<\/p>\n<p><strong>Du 20 au 24 f\u00e9vrier, La Foire du livre de Bruxelles<\/strong>\u00a0aborde en effet le th\u00e8me de \u00ab\u00a0L\u2019Histoire avec sa grande hache\u00a0\u00bb. Plusieurs rencontres avec des historiens seront consacr\u00e9es \u00e0 la Guerre 14-18, mais on parlera aussi des guerres en g\u00e9n\u00e9ral et de leurs traces dans le destin de chacun. Et cette ann\u00e9e, pour profiter \u00e0 fond de l\u2019\u00e9v\u00e9nement, vous disposez d\u2019un nouvel outil : une application \u201cFoire du livre de Bruxelles\u201d est disponible gratuitement sur l\u2019App Store et Android Market.<\/p>\n","protected":false},"excerpt":{"rendered":"<p>Le 17\/2\/14\u00a0: Antoine Wauters,\u00a0Nos M\u00e8res, Verdier. Roman Antoine Wauters\u00a0est un jeune auteur de 33 ans, philosophe de formation. Comme po\u00e8te, il a emport\u00e9 plusieurs prix. Il travaille aussi dans l\u2019\u00e9dition et pour le cin\u00e9ma.\u00a0Nos M\u00e8res est son premier roman. Nos &hellip; <a href=\"https:\/\/evelyneguzy.be\/WordPress3\/?page_id=822\">Continuer la lecture <span class=\"meta-nav\">&rarr;<\/span><\/a><\/p>\n","protected":false},"author":1,"featured_media":0,"parent":796,"menu_order":3,"comment_status":"closed","ping_status":"open","template":"","meta":{"footnotes":""},"class_list":["post-822","page","type-page","status-publish","hentry"],"_links":{"self":[{"href":"https:\/\/evelyneguzy.be\/WordPress3\/index.php?rest_route=\/wp\/v2\/pages\/822","targetHints":{"allow":["GET"]}}],"collection":[{"href":"https:\/\/evelyneguzy.be\/WordPress3\/index.php?rest_route=\/wp\/v2\/pages"}],"about":[{"href":"https:\/\/evelyneguzy.be\/WordPress3\/index.php?rest_route=\/wp\/v2\/types\/page"}],"author":[{"embeddable":true,"href":"https:\/\/evelyneguzy.be\/WordPress3\/index.php?rest_route=\/wp\/v2\/users\/1"}],"replies":[{"embeddable":true,"href":"https:\/\/evelyneguzy.be\/WordPress3\/index.php?rest_route=%2Fwp%2Fv2%2Fcomments&post=822"}],"version-history":[{"count":1,"href":"https:\/\/evelyneguzy.be\/WordPress3\/index.php?rest_route=\/wp\/v2\/pages\/822\/revisions"}],"predecessor-version":[{"id":823,"href":"https:\/\/evelyneguzy.be\/WordPress3\/index.php?rest_route=\/wp\/v2\/pages\/822\/revisions\/823"}],"up":[{"embeddable":true,"href":"https:\/\/evelyneguzy.be\/WordPress3\/index.php?rest_route=\/wp\/v2\/pages\/796"}],"wp:attachment":[{"href":"https:\/\/evelyneguzy.be\/WordPress3\/index.php?rest_route=%2Fwp%2Fv2%2Fmedia&parent=822"}],"curies":[{"name":"wp","href":"https:\/\/api.w.org\/{rel}","templated":true}]}}