{"id":824,"date":"2014-03-30T11:52:42","date_gmt":"2014-03-30T09:52:42","guid":{"rendered":"http:\/\/evelyneguzy.be\/WordPress3\/?page_id=824"},"modified":"2014-03-30T11:53:06","modified_gmt":"2014-03-30T09:53:06","slug":"nathalie-skowronek-max-en-apparence-demarbaix-et-de-mark","status":"publish","type":"page","link":"https:\/\/evelyneguzy.be\/WordPress3\/?page_id=824","title":{"rendered":"Nathalie Skowronek, Max en apparence &#038; Demarbaix et De Mark"},"content":{"rendered":"<h1><strong>Le 24\/2\/14\u00a0: Nathalie Skowronek,\u00a0<em>Max, en apparence<\/em>, Arl\u00e9a. Roman<\/strong><\/h1>\n<p><img decoding=\"async\" class=\"alignleft\" title=\"Cover Nathalie Skowronek Max en apparence\" src=\"http:\/\/www.arlea.fr\/IMG\/arton924.jpg\" alt=\"\" width=\"250\" \/>De\u00a0<strong>Nathalie Skowronek<\/strong>, nous savons qu\u2019elle est n\u00e9e en 1973, \u00e0 Bruxelles. Et en fouillant un peu, qu\u2019elle a travaill\u00e9 dans l\u2019\u00e9dition. Pour en apprendre plus, il faut lire ses livres\u00a0: c\u2019est \u00e0 la recherche d\u2019elle-m\u00eame qu\u2019elle les consacre, et nous participons \u00e0 cette qu\u00eate, qui devient la n\u00f4tre. Dans son premier ouvrage,\u00a0<em>Karen et moi<\/em>, elle se raconte au travers de l\u2019auteur danoise de\u00a0<em>La Ferme africaine,<\/em>\u00a0Karen Blixen. Dans\u00a0<em>Max, en apparence<\/em>, par-del\u00e0 l\u2019histoire de son grand-p\u00e8re, elle nous d\u00e9voile ses propres failles et celles de sa famille, meurtrie par la shoah.<\/p>\n<p>La narratrice de\u00a0<em>Max, en apparence<\/em><strong>\u00a0<\/strong>s\u2019est en effet donn\u00e9 pour mission de rassembler les \u00e9l\u00e9ments \u00e9pars de la m\u00e9moire familiale. \u00c9cras\u00e9e par son sujet, elle refuse de se mettre dans la peau de ses personnages, de faire comme si elle avait v\u00e9cu le pire. Elle tente donc de nous livrer un r\u00e9cit honn\u00eate, qui \u00e9vite la surinterpr\u00e9tation. Ce\u00a0<strong>refus de la fiction<\/strong>\u00a0nous \u00e9meut en m\u00eame temps qu\u2019il nous questionne\u00a0:\u00a0<em>Max, en apparence<\/em><strong>\u00a0<\/strong>est-il vraiment un roman ?<\/p>\n<p><strong><em>Max, en apparence<\/em><\/strong>\u00a0se r\u00e9sume \u00e0 une question\u00a0: Qui est vraiment Max ? Ce rescap\u00e9 des camps nazis ne laisse transpara\u00eetre de cette exp\u00e9rience que le num\u00e9ro tatou\u00e9 sur son bras. Un num\u00e9ro qui obs\u00e8de sa petite fille, d\u00e8s l\u2019enfance, et qu\u2019elle a pourtant oubli\u00e9. Un \u00e9t\u00e9, son grand-p\u00e8re avait commenc\u00e9 \u00e0 lui raconter, mais elle ne l\u2019avait pas assez \u00e9cout\u00e9. Et il s\u2019\u00e9tait arr\u00eat\u00e9, au milieu d\u2019une phrase. Aujourd\u2019hui, Epinglette, comme il l\u2019appelait, est r\u00e9duite \u00e0 aligner des hypoth\u00e8ses. Car si Max a surv\u00e9cu \u00e0 l\u2019enfer, c\u2019est sur le terrain m\u00eame de ses anciens bourreaux qu\u2019il d\u00e9cide de faire fortune, leur soustrayant autant d\u2019argent qu\u2019il peut. Cet homme s\u00e9duisant, fr\u00e9quentant la haute soci\u00e9t\u00e9 berlinoise, se sp\u00e9cialisera en effet dans le commerce de marchandises entre l\u2019Est et l\u2019Ouest, du temps o\u00f9 le rideau de fer semblait infranchissable. Sa belle assurance cache une part d\u2019angoisse, dont ont h\u00e9rit\u00e9 ses descendants. Max est un \u00eatre humain, comme nous, avec ses zones d\u2019ombre et de lumi\u00e8re. Et, finalement, la qu\u00eate de son grand-p\u00e8re apprendra \u00e0 Epinglette \u00e0 \u00ab\u00a0d\u00e9tacher les morts des vivants\u00a0\u00bb. Un premier pas, peut-\u00eatre, pour se lib\u00e9rer du pass\u00e9.<\/p>\n<p><img decoding=\"async\" class=\"alignleft\" title=\"Cover Histoire de Bruxelles \u00e0 travers ses grands sportifs\" src=\"http:\/\/www.180editions.com\/img\/collection\/update-14-03\/sportif-big.jpg\" alt=\"\" width=\"250\" \/>En premi\u00e8re partie d\u2019\u00e9mission, nous avons interview\u00e9\u00a0<strong>Demarbaix<\/strong>\u00a0pour son livre illustr\u00e9 par\u00a0<strong>De Marck<\/strong>,\u00a0<strong><em>Histoires de Bruxelles \u00e0 travers ses grands sportifs<\/em><\/strong>, paru chez\u00a0<strong>180\u00b0 Editions<\/strong>. Savez-vous que, depuis 1948, une centaine de champions bruxellois ont particip\u00e9 aux Jeux olympiques ? Le livre rec\u00e8le de nombreuses anecdotes sur nos sportifs et leurs quartiers. On y \u00e9voque, par exemple, Paul Van Himst, Eddy Merckx ou Vincent Kompany. Vous trouvez des infos sur Demarbaix sur www.cehibrux.be et www.pagesdhistoire.be.<\/p>\n<p>Pour terminer, j\u2019aimerais vous parler d\u2019un beau projet, celui de la\u00a0<strong>Fondation Laure Nobels<\/strong>, qui\u00a0 soutient la publication d\u2019\u0153uvres de jeunes de 14 \u00e0 23 ans. Laure Nobels est d\u00e9c\u00e9d\u00e9e \u00e0 l\u2019\u00e2ge de 16 ans. Elle avait \u00e9crit un roman et trois nouvelles. Ses parents ont d\u00e9cid\u00e9 de perp\u00e9tuer sa passion de l\u2019\u00e9criture. Donc, si vous connaissez un jeune talent, vous pouvez vous renseigner sur le site :\u00a0<span style=\"color: #000000;\"><a href=\"http:\/\/www.fondationlaurenobels.be\/\"><span style=\"color: #000000;\">www.fondationlaurenobels.be<\/span><\/a>.<\/span>\u00a0Peut-\u00eatre son livre fera-t-il l\u2019objet d\u2019une \u00e9mission\u00a0?<\/p>\n<p>Notre prochaine chronique aura lieu le 10 mars. Nous aborderons un livre dr\u00f4le, celui de\u00a0<strong>Nadine Monfils,\u00a0<em>M\u00e9m\u00e9 goes to Hollywood<\/em><\/strong>, paru chez Belfond.<\/p>\n","protected":false},"excerpt":{"rendered":"<p>Le 24\/2\/14\u00a0: Nathalie Skowronek,\u00a0Max, en apparence, Arl\u00e9a. Roman De\u00a0Nathalie Skowronek, nous savons qu\u2019elle est n\u00e9e en 1973, \u00e0 Bruxelles. Et en fouillant un peu, qu\u2019elle a travaill\u00e9 dans l\u2019\u00e9dition. Pour en apprendre plus, il faut lire ses livres\u00a0: c\u2019est \u00e0 &hellip; <a href=\"https:\/\/evelyneguzy.be\/WordPress3\/?page_id=824\">Continuer la lecture <span class=\"meta-nav\">&rarr;<\/span><\/a><\/p>\n","protected":false},"author":1,"featured_media":0,"parent":796,"menu_order":4,"comment_status":"closed","ping_status":"open","template":"","meta":{"footnotes":""},"class_list":["post-824","page","type-page","status-publish","hentry"],"_links":{"self":[{"href":"https:\/\/evelyneguzy.be\/WordPress3\/index.php?rest_route=\/wp\/v2\/pages\/824","targetHints":{"allow":["GET"]}}],"collection":[{"href":"https:\/\/evelyneguzy.be\/WordPress3\/index.php?rest_route=\/wp\/v2\/pages"}],"about":[{"href":"https:\/\/evelyneguzy.be\/WordPress3\/index.php?rest_route=\/wp\/v2\/types\/page"}],"author":[{"embeddable":true,"href":"https:\/\/evelyneguzy.be\/WordPress3\/index.php?rest_route=\/wp\/v2\/users\/1"}],"replies":[{"embeddable":true,"href":"https:\/\/evelyneguzy.be\/WordPress3\/index.php?rest_route=%2Fwp%2Fv2%2Fcomments&post=824"}],"version-history":[{"count":2,"href":"https:\/\/evelyneguzy.be\/WordPress3\/index.php?rest_route=\/wp\/v2\/pages\/824\/revisions"}],"predecessor-version":[{"id":826,"href":"https:\/\/evelyneguzy.be\/WordPress3\/index.php?rest_route=\/wp\/v2\/pages\/824\/revisions\/826"}],"up":[{"embeddable":true,"href":"https:\/\/evelyneguzy.be\/WordPress3\/index.php?rest_route=\/wp\/v2\/pages\/796"}],"wp:attachment":[{"href":"https:\/\/evelyneguzy.be\/WordPress3\/index.php?rest_route=%2Fwp%2Fv2%2Fmedia&parent=824"}],"curies":[{"name":"wp","href":"https:\/\/api.w.org\/{rel}","templated":true}]}}