{"id":830,"date":"2014-03-30T11:58:33","date_gmt":"2014-03-30T09:58:33","guid":{"rendered":"http:\/\/evelyneguzy.be\/WordPress3\/?page_id=830"},"modified":"2014-03-30T13:03:53","modified_gmt":"2014-03-30T11:03:53","slug":"giuseppe-santoloquido-voyage-corsaire-fatoumata-sidibe-les-masques-parlent-aussi","status":"publish","type":"page","link":"https:\/\/evelyneguzy.be\/WordPress3\/?page_id=830","title":{"rendered":"Giuseppe Santoloquido, Voyage corsaire &#038; Fatoumata Sidib\u00e9"},"content":{"rendered":"<h1><strong>Le 17\/3\/14\u00a0: Giuseppe Santoliquido,\u00a0<em>Voyage corsaire<\/em>, Ker \u00e9ditions. Nouvelles<\/strong><\/h1>\n<p><strong><img loading=\"lazy\" decoding=\"async\" class=\"alignleft\" title=\"Cover Giuseppe Santoliquido Voyage corsaire\" src=\"http:\/\/www.ecrivainsbelges.be\/parutions\/santoliquido-voyage.jpg\" alt=\"\" width=\"250\" height=\"336\" \/>Ker \u00e9ditions<\/strong>\u00a0est une nouvelle maison d\u2019\u00e9dition belge. Elle a pour ambition de s\u2019imposer comme maison litt\u00e9raire de qualit\u00e9 en francophonie. C\u2019est pourquoi elle publie peu de livres, mais des ouvrages auxquels elle croit et qu\u2019elle s\u2019engage \u00e0 d\u00e9fendre. Le choix se fonde \u00e0 la fois sur le style de l\u2019auteur et l\u2019univers qu\u2019il est capable de cr\u00e9er et de partager avec ses lecteurs. Et c\u2019est un v\u00e9ritable continent que nous r\u00e9v\u00e8le Guiseppe Santoloquido dans son livre publi\u00e9 chez Ker\u00a0: celui d\u2019une Afrique r\u00eav\u00e9e\u2026<\/p>\n<p>Contrairement \u00e0 ce que laisse penser son nom,<strong>\u00a0Giuseppe Santoliquido<\/strong>\u00a0est \u00e9crivain belge, \u00a0d\u2019origine\u00a0<a href=\"http:\/\/fr.wikipedia.org\/wiki\/Italie\">italienne<\/a>\u00a0bien s\u00fbr. Il est aussi politologue, et on l\u2019entend parfois dans les medias lorsqu\u2019il s\u2019agit de commenter l\u2019actualit\u00e9 italienne. Il partage son temps entre la Belgique, l\u2019Italie et l\u2019Afrique. Son premier roman,\u00a0<em>L\u2019audition du docteur Fernando Gasparri<\/em>\u00a0a \u00e9t\u00e9 publi\u00e9 en 2011 \u00e0 La Renaissance du livre.\u00a0<em>Voyage corsaire<\/em>\u00a0est son deuxi\u00e8me livre de fiction.<\/p>\n<p><strong><em>Voyage corsaire\u00a0<\/em><\/strong>est un ouvrage nimb\u00e9 de myst\u00e8re. Il nous plonge dans un \u00e9tat quasi hypnotique, nous nous retrouvons sans rep\u00e8res. Nous y rencontrons un \u00e9crivain, en mal d\u2019inspiration, qui se r\u00e9veille et d\u00e9couvre, face au miroir, son visage sublim\u00e9\u00a0: qui est cet \u00eatre qui lui ressemble en plus beau, en plus blond\u00a0? Celui m\u00eame qui se mettra \u00e0 \u00e9crire le r\u00e9cit d\u2019un voyage au Cameroun, o\u00f9 il n\u2019a jamais \u00e9t\u00e9, comme s\u2019il y avait longuement s\u00e9journ\u00e9. Il y rencontre Pasolini, \u00e0 un \u00e2ge que l\u2019\u00e9crivain et cin\u00e9aste n\u2019a jamais v\u00e9cu, puisqu\u2019il a \u00e9t\u00e9 assassin\u00e9 sans avoir eu l\u2019occasion de vieillir. Il y c\u00f4toie aussi un vieil homme mourant, qui soumet sa vie \u00e0 son propre jugement, selon le rite camerounais, nous menant ainsi \u00e0 une m\u00e9ditation profonde sur le sens de l\u2019existence. Ces deux histoires vous semblent sans rapport\u00a0? Ne vous y trompez pas\u00a0: dans l\u2019univers que construit Santoliquido, tout ce qui para\u00eet sans lien se tient. Car ce qu\u2019il nous donne \u00e0 percevoir, c\u2019est la fronti\u00e8re factice \u00e9rig\u00e9e entre le r\u00eave et la r\u00e9alit\u00e9, le r\u00e9el et la fiction, le rationnel et l\u2019irrationnel, et m\u00eame entre les territoires o\u00f9 habitent les hommes.<\/p>\n<p><img loading=\"lazy\" decoding=\"async\" class=\"alignleft\" title=\"Cover Fatoumata Sidib\u00e9 Les Masques parlent aussi\" src=\"http:\/\/www.fatoumatasidibe.com\/wp-content\/uploads\/2014\/02\/Livre-2.png\" alt=\"\" width=\"250\" height=\"407\" \/>Vous l\u2019avez compris, le\u00a0<em>Voyage corsaire<\/em>\u00a0nous incite \u00e0 rechercher l\u2019\u00e2me v\u00e9ritable de l\u2019Afrique, si ce n\u2019est de l\u2019Humain. J\u2019ai d\u00e9couvert un autre livre, un livre d\u2019Art, qui proc\u00e8de de la m\u00eame qu\u00eate. On le trouve notamment chez Tropismes, la belle librairie de la galerie des Princes. Il s\u2019intitule\u00a0<strong><em>Les Masques parlent aussi<\/em>\u00a0<\/strong>et<strong>\u00a0<\/strong>est paru chez Saran. L\u2019auteur,<strong>Fatoumata Sidib\u00e9<\/strong>\u00a0est une femme engag\u00e9e politiquement. N\u00e9e au Mali, elle est Belge et vit \u00e0 Bruxelles. Elle nous pr\u00e9sente ici une monographie de ses \u0153uvres, auxquelles r\u00e9pondent, comme en \u00e9cho, ses po\u00e8mes. L\u2019artiste peint obsessionnellement des masques, tous diff\u00e9rents, certes, mais du m\u00eame format. Qui sait quels visages ils dissimulent\u00a0?<\/p>\n<p>Si vous avez du temps libre cette semaine, des spectacles, des ateliers et des expositions sont organis\u00e9s dans toute la F\u00e9d\u00e9rarion Wallonie-Bruxelles dans le cadre de\u00a0<strong>La Langue fran\u00e7aise en f\u00eate<\/strong>. Le th\u00e8me de cette ann\u00e9e, \u00ab\u00a0Les mots d\u00e9collent\u00a0\u00bb, nous invite \u00e0 jongler avec le langage. Vous trouverez toutes les infos sur un site d\u00e9di\u00e9 :<strong>www.lalanguefrancaiseenfete.be<\/strong>.<\/p>\n<p>La semaine prochaine, nous aborderons l\u2019univers dr\u00f4le et d\u00e9jant\u00e9 de Patrick Delperdange avec son nouveau livre intitul\u00e9\u00a0<strong><em>Patrick Delperdange est un sale type<\/em><\/strong>, publi\u00e9 chez Onlit Books, une maison d\u2019\u00e9dition belge num\u00e9rique.<\/p>\n","protected":false},"excerpt":{"rendered":"<p>Le 17\/3\/14\u00a0: Giuseppe Santoliquido,\u00a0Voyage corsaire, Ker \u00e9ditions. Nouvelles Ker \u00e9ditions\u00a0est une nouvelle maison d\u2019\u00e9dition belge. Elle a pour ambition de s\u2019imposer comme maison litt\u00e9raire de qualit\u00e9 en francophonie. C\u2019est pourquoi elle publie peu de livres, mais des ouvrages auxquels elle &hellip; <a href=\"https:\/\/evelyneguzy.be\/WordPress3\/?page_id=830\">Continuer la lecture <span class=\"meta-nav\">&rarr;<\/span><\/a><\/p>\n","protected":false},"author":1,"featured_media":0,"parent":796,"menu_order":6,"comment_status":"closed","ping_status":"open","template":"","meta":{"footnotes":""},"class_list":["post-830","page","type-page","status-publish","hentry"],"_links":{"self":[{"href":"https:\/\/evelyneguzy.be\/WordPress3\/index.php?rest_route=\/wp\/v2\/pages\/830","targetHints":{"allow":["GET"]}}],"collection":[{"href":"https:\/\/evelyneguzy.be\/WordPress3\/index.php?rest_route=\/wp\/v2\/pages"}],"about":[{"href":"https:\/\/evelyneguzy.be\/WordPress3\/index.php?rest_route=\/wp\/v2\/types\/page"}],"author":[{"embeddable":true,"href":"https:\/\/evelyneguzy.be\/WordPress3\/index.php?rest_route=\/wp\/v2\/users\/1"}],"replies":[{"embeddable":true,"href":"https:\/\/evelyneguzy.be\/WordPress3\/index.php?rest_route=%2Fwp%2Fv2%2Fcomments&post=830"}],"version-history":[{"count":4,"href":"https:\/\/evelyneguzy.be\/WordPress3\/index.php?rest_route=\/wp\/v2\/pages\/830\/revisions"}],"predecessor-version":[{"id":854,"href":"https:\/\/evelyneguzy.be\/WordPress3\/index.php?rest_route=\/wp\/v2\/pages\/830\/revisions\/854"}],"up":[{"embeddable":true,"href":"https:\/\/evelyneguzy.be\/WordPress3\/index.php?rest_route=\/wp\/v2\/pages\/796"}],"wp:attachment":[{"href":"https:\/\/evelyneguzy.be\/WordPress3\/index.php?rest_route=%2Fwp%2Fv2%2Fmedia&parent=830"}],"curies":[{"name":"wp","href":"https:\/\/api.w.org\/{rel}","templated":true}]}}