{"id":834,"date":"2014-03-30T12:01:00","date_gmt":"2014-03-30T10:01:00","guid":{"rendered":"http:\/\/evelyneguzy.be\/WordPress3\/?page_id=834"},"modified":"2014-03-30T12:01:00","modified_gmt":"2014-03-30T10:01:00","slug":"patrick-delperdange-patrick-delperdange-est-un-sale-type","status":"publish","type":"page","link":"https:\/\/evelyneguzy.be\/WordPress3\/?page_id=834","title":{"rendered":"Patrick Delperdange, Patrick Delperdange est un sale type"},"content":{"rendered":"<h1><strong>Le 24\/3\/2014\u00a0: Patrick Delperdange,\u00a0<em>Patrick Delperdange est un sale type<\/em>, Onlit Books. Polar<\/strong><\/h1>\n<p><img decoding=\"async\" class=\"alignleft\" title=\"Cover Patrick Delperdange est un sale type\" src=\"http:\/\/cdn.shopify.com\/s\/files\/1\/0322\/5465\/products\/TESTMONO4.png?v=1389134645\" alt=\"\" width=\"250\" \/>L\u2019imagination foisonnante de Patrick Delperdange, suscite, semblerait-il, l\u2019envie d\u2019\u00e9crivains moins chanceux que lui. C\u2019est sur ce ressort que repose\u00a0<strong><em>Patrick Delperdange est un sale type<\/em><\/strong>, une autofiction, c\u2019est-\u00e0-dire un livre dont l\u2019auteur se place lui-m\u00eame au centre de l\u2019intrigue. Delperdange a \u2013 c\u2019est vrai \u2013 emport\u00e9 le Prix Simenon en 1987 pour<strong><\/strong><em>Monk<\/em>, \u00e9dit\u00e9 chez Le Cri. Parmi les candidats malheureux \u2013\u00a0et l\u00e0, j\u2019ai de s\u00e9rieux doutes \u2013\u00a0un certain Barnab\u00e9 Rudge. Beau joueur, il t\u00e9l\u00e9phone \u00e0 Patrick vingt ans apr\u00e8s, et lui offre une Porsche Cayenne, rien de moins. Dans la bo\u00eete \u00e0 gants, un revolver se dissimule cependant\u2026 Nous voil\u00e0 donc lanc\u00e9s dans une enqu\u00eate \u00e0 travers Bruxelles et ses caf\u00e9s, de la Maison du Peuple \u00e0 l\u2019Ultime Atome. Delperdange nous embarque avec humour dans l\u2019histoire improbable de son double, sans cesse pi\u00e9g\u00e9 par son besoin d\u2019\u00eatre reconnu et son d\u00e9sir de s\u00e9duire. Nous sommes dans l\u2019autod\u00e9rision la plus totale, et c\u2019est un v\u00e9ritable d\u00e9lice pour le lecteur\u00a0!<\/p>\n<p>Quel est cet auteur qui se qualifie lui-m\u00eame de sale type\u00a0?<strong>\u00a0Patrick Delperdange\u00a0<\/strong>est un personnage atypique, c\u2019est s\u00fbr<strong>.\u00a0<\/strong>Ecrivain bruxellois prolixe, il s\u2019est distingu\u00e9 dans le domaine de la litt\u00e9rature jeunesse, dans le sc\u00e9nario de bande dessin\u00e9e, le polar et le roman. Je garde un souvenir particuli\u00e8rement marquant de\u00a0<em>Chants des\u00a0<\/em>gorges, paru chez Sabine Wespieser en 2005. Un livre cruel, perturbant, qui nous met dans la peau d\u2019un enfant assassin. Je vous l\u2019ai dit, Patrick Delperdange est un sale type\u2026<\/p>\n<p>Son livre d\u00e9jant\u00e9 est port\u00e9 par une maison d\u2019\u00e9dition qui n\u2019a pas froid aux yeux.\u00a0<strong>Onlit Books\u00a0<\/strong>est un \u00e9diteur belge, n\u00e9 en 2006, qui a commenc\u00e9 par ne publier que sous la forme num\u00e9rique\u00a0: une exp\u00e9rience os\u00e9e\u2026 et apparemment r\u00e9ussie. Onlit se consacre \u00e0 la cr\u00e9ation litt\u00e9raire contemporaine, via une revue en ligne d\u00e9di\u00e9e aux formats courts, et un catalogue de fictions.\u00a0Les textes, scind\u00e9s en brefs chapitres, s\u2019adaptent parfaitement \u00e0 la lecture sur tablette. Les quatre derniers ouvrages de Onlit, dont celui de Patrick Delperdange, sont \u00e9galement sortis sur papier. Onlit Books est soutenu par la F\u00e9d\u00e9ration Wallonie-Bruxelles, dont on va reparler\u2026 (<strong>www.onlit.net<\/strong>.)<\/p>\n<p>Lorsqu\u2019on assure une chronique consacr\u00e9e \u00e0 la litt\u00e9rature belge, on se pose l\u00e9gitimement la question de la place de nos lettres dans les \u00e9coles. Eh, bien, il semble que nos auteurs b\u00e9n\u00e9ficient d\u2019un vent favorable qui va faire tomber leurs plus belles pages sur les pupitres des \u00e9l\u00e8ves. Une recommandation, sign\u00e9e par nos ministres de l\u2019Enseignement et de la Culture et distribu\u00e9e dans toutes les \u00e9coles de la\u00a0<strong>F\u00e9d\u00e9ration Wallonie-Bruxelles<\/strong>,<strong>\u00a0<\/strong>insiste sur la<strong>\u00a0<\/strong>n\u00e9cessit\u00e9 d\u2019enseigner notre litt\u00e9rature, en tant que belge, aux jeunes citoyens francophones. C\u2019est, selon moi, un pas fondamental : lire un livre dont l\u2019auteur nous est proche ou qui se d\u00e9roule dans un lieu que nous connaissons, donne un autre sens \u00e0 l\u2019histoire. Et suscite un plaisir tout particulier que, j\u2019esp\u00e8re, nous partageons ensemble chaque semaine.<\/p>\n<p>La semaine prochaine nous parlerons d\u2019un autre de nos auteurs,\u00a0<strong>Anne Versailles<\/strong>, et de son\u00a0<strong><em>Viola<\/em><\/strong>, publi\u00e9 \u00e0\u00a0<strong>L\u2019Arbre \u00e0 paroles<\/strong>.<\/p>\n","protected":false},"excerpt":{"rendered":"<p>Le 24\/3\/2014\u00a0: Patrick Delperdange,\u00a0Patrick Delperdange est un sale type, Onlit Books. Polar L\u2019imagination foisonnante de Patrick Delperdange, suscite, semblerait-il, l\u2019envie d\u2019\u00e9crivains moins chanceux que lui. C\u2019est sur ce ressort que repose\u00a0Patrick Delperdange est un sale type, une autofiction, c\u2019est-\u00e0-dire un &hellip; <a href=\"https:\/\/evelyneguzy.be\/WordPress3\/?page_id=834\">Continuer la lecture <span class=\"meta-nav\">&rarr;<\/span><\/a><\/p>\n","protected":false},"author":1,"featured_media":0,"parent":796,"menu_order":7,"comment_status":"closed","ping_status":"open","template":"","meta":{"footnotes":""},"class_list":["post-834","page","type-page","status-publish","hentry"],"_links":{"self":[{"href":"https:\/\/evelyneguzy.be\/WordPress3\/index.php?rest_route=\/wp\/v2\/pages\/834","targetHints":{"allow":["GET"]}}],"collection":[{"href":"https:\/\/evelyneguzy.be\/WordPress3\/index.php?rest_route=\/wp\/v2\/pages"}],"about":[{"href":"https:\/\/evelyneguzy.be\/WordPress3\/index.php?rest_route=\/wp\/v2\/types\/page"}],"author":[{"embeddable":true,"href":"https:\/\/evelyneguzy.be\/WordPress3\/index.php?rest_route=\/wp\/v2\/users\/1"}],"replies":[{"embeddable":true,"href":"https:\/\/evelyneguzy.be\/WordPress3\/index.php?rest_route=%2Fwp%2Fv2%2Fcomments&post=834"}],"version-history":[{"count":2,"href":"https:\/\/evelyneguzy.be\/WordPress3\/index.php?rest_route=\/wp\/v2\/pages\/834\/revisions"}],"predecessor-version":[{"id":836,"href":"https:\/\/evelyneguzy.be\/WordPress3\/index.php?rest_route=\/wp\/v2\/pages\/834\/revisions\/836"}],"up":[{"embeddable":true,"href":"https:\/\/evelyneguzy.be\/WordPress3\/index.php?rest_route=\/wp\/v2\/pages\/796"}],"wp:attachment":[{"href":"https:\/\/evelyneguzy.be\/WordPress3\/index.php?rest_route=%2Fwp%2Fv2%2Fmedia&parent=834"}],"curies":[{"name":"wp","href":"https:\/\/api.w.org\/{rel}","templated":true}]}}