{"id":898,"date":"2014-05-05T15:00:30","date_gmt":"2014-05-05T13:00:30","guid":{"rendered":"http:\/\/evelyneguzy.be\/WordPress3\/?page_id=898"},"modified":"2014-05-05T15:00:30","modified_gmt":"2014-05-05T13:00:30","slug":"valerie-cohen-alice-et-lhomme-perle-corinne-hoex-decollations","status":"publish","type":"page","link":"https:\/\/evelyneguzy.be\/WordPress3\/?page_id=898","title":{"rendered":"Val\u00e9rie Cohen, Alice et l\u2019homme-perle &#038;  Corinne Hoex, D\u00e9collations"},"content":{"rendered":"<h1><strong>Le 5\/5\/14\u00a0: Val\u00e9rie Cohen, <em>Alice et l\u2019homme-perle<\/em>, Luce Wilquin. Roman\u00a0<\/strong><\/h1>\n<p>Dimanche prochain, c\u2019est la F\u00eate des m\u00e8res, je vous ai donc s\u00e9lectionn\u00e9 deux livres de femmes, tout \u00e0 fait diff\u00e9rents. L\u2019un est destin\u00e9 aux adeptes du rose, l\u2019autre \u00e0 celles du rouge\u2026<\/p>\n<p><img decoding=\"async\" class=\"alignleft\" title=\"Val\u00e9rie Cohen\" src=\"http:\/\/static.wixstatic.com\/media\/2d8fad_d6e0884488904858bc02d65499dd8fa8.jpg_srz_224_299_75_22_0.50_1.20_0.00_jpg_srz\" alt=\"\" width=\"250\" \/>Si votre maman aime le rose, <strong><em>Alice et l\u2019homme-perle<\/em><\/strong> lui ira \u00e0 ravir. Ce livre nous raconte l\u2019histoire d\u2019une grand-m\u00e8re, un brin m\u00e9lancolique, qui chaque jeudi se rend en secret \u00e0 l\u2019a\u00e9roport d\u2019Orly pour y observer les passagers. Elle vit dans une r\u00e9sidence pour retrait\u00e9s nantis, souvent un peu excentriques, o\u00f9 elle s\u2019est construit de solides amiti\u00e9s. Elle semble s&rsquo;en satisfaire, jusqu\u2019au jour o\u00f9 elle se surprend \u00e0 avoir oubli\u00e9 la couleur des yeux d\u2019un ancien amant\u2026 un homme-perle, apparemment, de ceux qui laissent en leurs amours pass\u00e9es des traces ind\u00e9l\u00e9biles\u2026<\/p>\n<p><strong>\u00a0<\/strong><strong>Val\u00e9rie Cohen <\/strong>signe ici un troisi\u00e8me roman frais et optimiste. Comme le pr\u00e9c\u00e9dent,<strong> <\/strong>il est paru aux <strong>\u00e9ditions Luce Wilquin<\/strong>. Cette \u00e9ditrice promotionne avec t\u00e9nacit\u00e9 des auteurs belges, essentiellement de fiction, qu&rsquo;elle entoure de ses conseils. Parmi eux, Genevi\u00e8ve Damas, par exemple, qui a emport\u00e9 le prix Rossel pour <em>Si tu passes la rivi\u00e8re<\/em>, alors que la maison f\u00eatait ses 20 ans, en 2011.<\/p>\n<p><strong><img decoding=\"async\" class=\"alignleft\" title=\"Corinne Hoex\" src=\"http:\/\/www.lagedhomme.com\/boutique\/images_produits\/c_hoex_decollations_270-z.jpg\" alt=\"\" width=\"250\" \/>Corinne Hoex, <em>D\u00e9collations<\/em>, L\u2019Age d\u2019Homme (La Petite Belgique). Fantaisie<\/strong><\/p>\n<p>Si votre maman pr\u00e9f\u00e8re le rouge, elle s\u2019enthousiasmera pour le livre de <strong>Corinne Hoex<\/strong>, <em>D\u00e9collations<\/em>, paru \u00e0 l\u2019Age d\u2019Homme. Comme Val\u00e9rie Cohen, Corinne Hoex vit \u00e0 <a href=\"http:\/\/fr.wikipedia.org\/wiki\/Bruxelles\">Bruxelles<\/a>. Elle a publi\u00e9 plusieurs \u00e9tudes sur les arts et traditions populaires, avant de se lancer, en <a href=\"http:\/\/fr.wikipedia.org\/wiki\/2001_en_litt%C3%A9rature\">2001<\/a>, dans l\u2019\u00e9criture de <a href=\"http:\/\/fr.wikipedia.org\/wiki\/Roman_(litt%C3%A9rature)\">romans<\/a> et de po\u00e9sie, principalement. Son \u0153uvre a \u00e9t\u00e9 de nombreuses fois prim\u00e9e.<\/p>\n<p>Avec <strong><em>D\u00e9collations<\/em><\/strong> \u2013 au pluriel \u2013 Corinne Hoex ne fait pas dans la dentelle\u00a0! \u00ab\u00a0D\u00e9collation\u00a0\u00bb signifie en effet \u00ab\u00a0d\u00e9capitation\u00a0\u00bb, et le livre nous plonge dans une atmosph\u00e8re de d\u00e9licieuse cruaut\u00e9 adolescente, hors de tout clich\u00e9 sur la douceur des femmes. On y devine l\u2019histoire d\u2019une jeune fille qui refuse de se prendre la t\u00eate face \u00e0 des adultes qui tentent de lui bourrer le cr\u00e2ne. Et si r\u00e9ellement, comme ils le lui disent, elle n\u2019avait pas de t\u00eate\u00a0? Forte de cette hypoth\u00e8se, Corinne Hoex nous entra\u00eene dans un univers de fantasmes. En magicienne des mots, elle joue avec les variations autour du mot \u00ab\u00a0t\u00eate\u00a0\u00bb, dans un texte \u00e0 la fois dr\u00f4le et savant, truff\u00e9 de calembours. Mais, au-del\u00e0 de ce brillant exercice de style, elle nous pose, en filigrane, une question existentielle\u00a0: notre t\u00eate peut-elle vivre sans notre corps et vice-versa\u00a0?<\/p>\n<p>La semaine prochaine, nous parlerons des <strong>\u00e9ditions Maelstr\u00f6m<\/strong> <strong>reEvolution<\/strong> et du livre d\u2019un de leurs auteurs, <strong>Serge No\u00ebl, <em>Aux premi\u00e8res heures d\u2019un jour nouveau<\/em><\/strong>. Mais avant cela, je vous invite \u00e0 d\u00e9couvrir une des activit\u00e9s majeures de cet \u00e9diteur belge\u00a0: le <strong>FiEstival<\/strong>, un festival international annuel de po\u00e9sie, performances, danse et musique. Plus de 50 artistes de tous pays sont l\u00e0, pour vous, <strong>\u00e0 l\u2019Espace Senghor <\/strong>ou<strong> \u00e0 la Boutique maelstr\u00d6m 4 1 4, du 15 au 18 mai<\/strong>. Vous trouvez toutes les infos sur le site d\u00e9di\u00e9\u00a0: <a href=\"http:\/\/www.fiestival.net\"><strong>www.fiestival.net<\/strong><\/a><strong>.<\/strong><\/p>\n","protected":false},"excerpt":{"rendered":"<p>Le 5\/5\/14\u00a0: Val\u00e9rie Cohen, Alice et l\u2019homme-perle, Luce Wilquin. Roman\u00a0 Dimanche prochain, c\u2019est la F\u00eate des m\u00e8res, je vous ai donc s\u00e9lectionn\u00e9 deux livres de femmes, tout \u00e0 fait diff\u00e9rents. L\u2019un est destin\u00e9 aux adeptes du rose, l\u2019autre \u00e0 celles &hellip; <a href=\"https:\/\/evelyneguzy.be\/WordPress3\/?page_id=898\">Continuer la lecture <span class=\"meta-nav\">&rarr;<\/span><\/a><\/p>\n","protected":false},"author":1,"featured_media":0,"parent":796,"menu_order":10,"comment_status":"closed","ping_status":"open","template":"","meta":{"footnotes":""},"class_list":["post-898","page","type-page","status-publish","hentry"],"_links":{"self":[{"href":"https:\/\/evelyneguzy.be\/WordPress3\/index.php?rest_route=\/wp\/v2\/pages\/898","targetHints":{"allow":["GET"]}}],"collection":[{"href":"https:\/\/evelyneguzy.be\/WordPress3\/index.php?rest_route=\/wp\/v2\/pages"}],"about":[{"href":"https:\/\/evelyneguzy.be\/WordPress3\/index.php?rest_route=\/wp\/v2\/types\/page"}],"author":[{"embeddable":true,"href":"https:\/\/evelyneguzy.be\/WordPress3\/index.php?rest_route=\/wp\/v2\/users\/1"}],"replies":[{"embeddable":true,"href":"https:\/\/evelyneguzy.be\/WordPress3\/index.php?rest_route=%2Fwp%2Fv2%2Fcomments&post=898"}],"version-history":[{"count":2,"href":"https:\/\/evelyneguzy.be\/WordPress3\/index.php?rest_route=\/wp\/v2\/pages\/898\/revisions"}],"predecessor-version":[{"id":904,"href":"https:\/\/evelyneguzy.be\/WordPress3\/index.php?rest_route=\/wp\/v2\/pages\/898\/revisions\/904"}],"up":[{"embeddable":true,"href":"https:\/\/evelyneguzy.be\/WordPress3\/index.php?rest_route=\/wp\/v2\/pages\/796"}],"wp:attachment":[{"href":"https:\/\/evelyneguzy.be\/WordPress3\/index.php?rest_route=%2Fwp%2Fv2%2Fmedia&parent=898"}],"curies":[{"name":"wp","href":"https:\/\/api.w.org\/{rel}","templated":true}]}}