{"id":907,"date":"2014-05-12T15:25:36","date_gmt":"2014-05-12T13:25:36","guid":{"rendered":"http:\/\/evelyneguzy.be\/WordPress3\/?page_id=907"},"modified":"2025-05-05T15:59:08","modified_gmt":"2025-05-05T13:59:08","slug":"serge-noel-aux-premieres-heures-dun-jour-nouveau-les-bookleg-bruxelles-se-conte","status":"publish","type":"page","link":"https:\/\/evelyneguzy.be\/WordPress3\/?page_id=907","title":{"rendered":"Serge No\u00ebl, Aux premi\u00e8res heures d&rsquo;un jour nouveau &#038; les booklegs Bruxelles se conte"},"content":{"rendered":"<h1><strong>12\/5\/14\u00a0: Serge No\u00ebl, <em>Aux premi\u00e8res heures d\u2019un jour nouveau<\/em>, Maelstr\u00f6m ReEvolution. Roman<\/strong><\/h1>\n<p><strong><img decoding=\"async\" class=\"alignleft\" title=\"Serge No\u00ebl\" src=\"http:\/\/www.maelstromreevolution.org\/write\/pro\/314.3.jpg\" alt=\"\" width=\"250\" \/>Serge No\u00ebl<\/strong> m\u00e8ne une double vie : il est po\u00e8te et romancier, d&rsquo;une part, et d\u2019\u00e9ducateur de l&rsquo;autre. Il a fond\u00e9 une maison de jeunes dans les quartiers populaires de Bruxelles et a cr\u00e9\u00e9 SOS Migrants, qu&rsquo;il anime.<\/p>\n<p><strong><em>Aux premi\u00e8res heures d\u2019un jour nouveau<\/em><\/strong> nous plonge dans une soci\u00e9t\u00e9 o\u00f9 l\u2019ennui r\u00e8gne en ma\u00eetre. Nous sommes en 2098, \u00e0 Bruxelles, et la course \u00e0 la performance individuelle est omnipr\u00e9sente. Chaque individu est format\u00e9, et, s\u2019il d\u00e9raille, reformat\u00e9. Dans les rues, au travail, on ne croise que des hommes\u00a0: les jeunes femmes vivent recluses on ne sait o\u00f9, tandis que les vieilles, consid\u00e9r\u00e9es comme des d\u00e9chets, sont affect\u00e9es au ramassage des ordures. Notre h\u00e9ros, Fran\u00e7ois Roman pose sa candidature aupr\u00e8s du minist\u00e8re des Affaires v\u00e9n\u00e9riennes afin d\u2019\u00eatre autoris\u00e9 \u00e0 se reproduire. Dans le m\u00eame temps, il d\u00e9couvre un manuscrit perdu, celui d\u2019Isabelle de Boh\u00e9mont, po\u00e9tesse du Moyen Age qui abandonna un noble destin pour suivre, par amour, un guerrier musulman. Et il se met \u00e0 esp\u00e9rer\u00a0: la po\u00e9sie pourrait-elle changer le cours de l\u2019histoire\u00a0?<strong>\u00a0<\/strong><\/p>\n<p><em>Aux premi\u00e8res heures d\u2019un jour nouveau<\/em> a \u00e9t\u00e9 publi\u00e9 par une maison d\u2019\u00e9dition dont il \u00e9pouse parfaitement la d\u00e9marche.<strong> <\/strong>N\u00e9e en 1990 \u00e0 l\u2019initiative de David Giannoni, <strong>Maelstr\u00f6m ReEvolution<\/strong> se d\u00e9finit comme un groupe d\u2019artistes, po\u00e8tes et \u00e9crivains qui s\u2019est fix\u00e9 pour objectif de \u00ab\u00a0lib\u00e9rer les mots\u00a0\u00bb. (<strong>www.maelstromreevolution.org<\/strong>.)<\/p>\n<p>Maelstr\u00f6m ReEvolution publie notamment des livrets de performance, les \u00ab\u00a0<strong>booklegs<\/strong>\u00a0\u00bb. Une collection enti\u00e8re est consacr\u00e9e \u00e0 Bruxelles, elle se d\u00e9nomme\u00a0\u00ab\u00a0<strong>Bruxelles se conte\u00a0<\/strong>\u00bb. Plus de 40 num\u00e9ros ont \u00e9t\u00e9 publi\u00e9s, chacun se vend \u00e0 3 euros. Je suis, par exemple, l\u2019auteur de l\u2019un d\u2019entre eux\u00a0: <strong><em><a title=\"Bruxelles-les-Eaux\" href=\"http:\/\/evelyneguzy.be\/WordPress3\/?page_id=221\" target=\"_blank\">Bruxelles-les-eaux<\/a><\/em><\/strong>. Trois nouveaux titres sortent aujourd&rsquo;hui, et leur diversit\u00e9 d\u00e9montre la vari\u00e9t\u00e9 d\u2019inspiration dont se nourrit la collection.<\/p>\n<p><img decoding=\"async\" class=\"alignleft\" title=\"Kosma\" src=\"http:\/\/www.maelstromreevolution.org\/write\/pro\/332.2.jpg\" alt=\"\" width=\"100\" \/>Avec <strong><em>Une mauvaise histoire vraie<\/em><\/strong>, Edgar Kosma nous livre un texte hilarant, construit autour de la baraque \u00e0 frites de la place Flagey et du quotidien m\u00e9diocre d\u2019un employ\u00e9 de bureau dont elle est la seule perspective r\u00e9jouissante de la journ\u00e9e.<\/p>\n<p>&nbsp;<\/p>\n<p>&nbsp;<\/p>\n<p><img decoding=\"async\" class=\"alignleft\" title=\"Soonkindt\" src=\"http:\/\/www.maelstromreevolution.org\/write\/pro\/331.3.jpg\" alt=\"\" width=\"100\" \/>De son c\u00f4t\u00e9, dans\u00a0<strong><em>La Ville de la pluie<\/em><\/strong>, <strong>Edith Soonckindt <\/strong>nous plonge dans l\u2019infinie m\u00e9lancolie d\u2019une Bruxelloise d\u2019adoption en perte de rep\u00e8res. Elle marche au bord des trottoirs comme le long d\u2019une faille int\u00e9rieure b\u00e9ante.<\/p>\n<p>&nbsp;<\/p>\n<p>&nbsp;<\/p>\n<p><strong><em><img decoding=\"async\" class=\"alignleft\" title=\"Moulard\" src=\"http:\/\/www.maelstromreevolution.org\/write\/pro\/330.3.jpg\" alt=\"\" width=\"100\" \/>Premiers cercles<\/em><\/strong>, de<strong> Julien Moulard<\/strong> est un texte d\u2019une rude po\u00e9sie. Nous y suivons pas \u00e0 pas l\u2019errance nocturne d\u2019un homme d\u00e9s\u0153uvr\u00e9, qui tra\u00eene sa solitude dans le Bruxelles de la marginalit\u00e9 que taisent les guides touristiques.<\/p>\n<p>&nbsp;<\/p>\n<p>&nbsp;<\/p>\n<p>Vous pourrez d\u00e9couvrir les livres de Maelstr\u00f6m, et vivre des moments passionnants de po\u00e9sie, de danse et de performances, \u00e0 l\u2019occasion du <strong>FiEstival<\/strong>, qui se poursuit jusqu\u2019au 18 mai, <strong>\u00e0 l\u2019Espace Senghor <\/strong>ou<strong> \u00e0 la Boutique maelstr\u00d6m 4 1 4.<\/strong> (<a href=\"http:\/\/www.fiestival.net\"><strong>www.fiestival.net<\/strong><\/a><strong>.<\/strong><strong>)<\/strong><\/p>\n<p>La semaine prochaine, je vous parlerai de deux livres autour de la Deuxi\u00e8me Guerre mondiale\u00a0: le roman d\u2019<strong>Armel Job, <em>Dans la gueule de la b\u00eate<\/em><\/strong>, publi\u00e9 chez Robert Laffont et un livre de photos de <strong><em>Bruxelles sous l\u2019occupation nazie<\/em><\/strong>, \u00e9dit\u00e9 par le Pr\u00e9 riant.<\/p>\n","protected":false},"excerpt":{"rendered":"<p>12\/5\/14\u00a0: Serge No\u00ebl, Aux premi\u00e8res heures d\u2019un jour nouveau, Maelstr\u00f6m ReEvolution. Roman Serge No\u00ebl m\u00e8ne une double vie : il est po\u00e8te et romancier, d&rsquo;une part, et d\u2019\u00e9ducateur de l&rsquo;autre. Il a fond\u00e9 une maison de jeunes dans les quartiers &hellip; <a href=\"https:\/\/evelyneguzy.be\/WordPress3\/?page_id=907\">Continuer la lecture <span class=\"meta-nav\">&rarr;<\/span><\/a><\/p>\n","protected":false},"author":1,"featured_media":0,"parent":796,"menu_order":11,"comment_status":"closed","ping_status":"closed","template":"","meta":{"footnotes":""},"class_list":["post-907","page","type-page","status-publish","hentry"],"_links":{"self":[{"href":"https:\/\/evelyneguzy.be\/WordPress3\/index.php?rest_route=\/wp\/v2\/pages\/907","targetHints":{"allow":["GET"]}}],"collection":[{"href":"https:\/\/evelyneguzy.be\/WordPress3\/index.php?rest_route=\/wp\/v2\/pages"}],"about":[{"href":"https:\/\/evelyneguzy.be\/WordPress3\/index.php?rest_route=\/wp\/v2\/types\/page"}],"author":[{"embeddable":true,"href":"https:\/\/evelyneguzy.be\/WordPress3\/index.php?rest_route=\/wp\/v2\/users\/1"}],"replies":[{"embeddable":true,"href":"https:\/\/evelyneguzy.be\/WordPress3\/index.php?rest_route=%2Fwp%2Fv2%2Fcomments&post=907"}],"version-history":[{"count":9,"href":"https:\/\/evelyneguzy.be\/WordPress3\/index.php?rest_route=\/wp\/v2\/pages\/907\/revisions"}],"predecessor-version":[{"id":2148,"href":"https:\/\/evelyneguzy.be\/WordPress3\/index.php?rest_route=\/wp\/v2\/pages\/907\/revisions\/2148"}],"up":[{"embeddable":true,"href":"https:\/\/evelyneguzy.be\/WordPress3\/index.php?rest_route=\/wp\/v2\/pages\/796"}],"wp:attachment":[{"href":"https:\/\/evelyneguzy.be\/WordPress3\/index.php?rest_route=%2Fwp%2Fv2%2Fmedia&parent=907"}],"curies":[{"name":"wp","href":"https:\/\/api.w.org\/{rel}","templated":true}]}}