{"id":91,"date":"2011-11-23T19:16:37","date_gmt":"2011-11-23T18:16:37","guid":{"rendered":"http:\/\/evelyneguzy.be\/WordPress3\/?page_id=91"},"modified":"2020-01-31T15:17:46","modified_gmt":"2020-01-31T14:17:46","slug":"essai-2","status":"publish","type":"page","link":"https:\/\/evelyneguzy.be\/WordPress3\/?page_id=91","title":{"rendered":"Essai"},"content":{"rendered":"<p><a href=\"http:\/\/evelyneguzy.be\/WordPress3\/wp-content\/uploads\/2011\/11\/conf\u00e9rence-CCLJ1.tif\"><img decoding=\"async\" class=\"alignnone size-full wp-image-108\" title=\"conf\u00e9rence CCLJ\" src=\"\/WordPress3\/wp-content\/uploads\/2011\/11\/conf\u00e9rence-CCLJ1.tif\" alt=\"\"\/><\/a><\/p>\n<p>Evelyne Guzy a dirig\u00e9 l&rsquo;essai <em>Attentats-suicides. Le cas isra\u00e9lo-palestinien <\/em>(Luc Pire, 2004), pr\u00e9fac\u00e9 par Pierre Mertens. Une&nbsp;dizaine d&rsquo;auteurs ont contribu\u00e9 \u00e0 l&rsquo;ouvrage qui a b\u00e9n\u00e9fici\u00e9 d&rsquo;une bonne couverture m\u00e9diatique, tant dans la presse \u00e9crite qu\u2019audiovisuelle. A cette occasion, Evelyne Guzy a r\u00e9pondu \u00e0 des interviews, publi\u00e9 des cartes blanches et donn\u00e9 des conf\u00e9rences dans des milieux vari\u00e9s.&nbsp;<\/p>\n<div id=\"attachment_110\" style=\"width: 310px\" class=\"wp-caption alignright\"><a href=\"http:\/\/evelyneguzy.be\/WordPress3\/wp-content\/uploads\/2011\/11\/Sart-Tilman-+-Pierre-Thys-_-14-12-20051.jpg\"><img loading=\"lazy\" decoding=\"async\" aria-describedby=\"caption-attachment-110\" class=\"size-medium wp-image-110 \" title=\"Sart-Tilman + Pierre Thys _ 14-12-2005\" src=\"\/WordPress3\/wp-content\/uploads\/2011\/11\/Sart-Tilman-+-Pierre-Thys-_-14-12-20051-300x232.jpg\" alt=\"\" width=\"300\" height=\"232\" srcset=\"https:\/\/evelyneguzy.be\/WordPress3\/wp-content\/uploads\/2011\/11\/Sart-Tilman-+-Pierre-Thys-_-14-12-20051-300x232.jpg 300w, https:\/\/evelyneguzy.be\/WordPress3\/wp-content\/uploads\/2011\/11\/Sart-Tilman-+-Pierre-Thys-_-14-12-20051-1024x794.jpg 1024w, https:\/\/evelyneguzy.be\/WordPress3\/wp-content\/uploads\/2011\/11\/Sart-Tilman-+-Pierre-Thys-_-14-12-20051-386x300.jpg 386w, https:\/\/evelyneguzy.be\/WordPress3\/wp-content\/uploads\/2011\/11\/Sart-Tilman-+-Pierre-Thys-_-14-12-20051.jpg 1078w\" sizes=\"auto, (max-width: 300px) 100vw, 300px\" \/><\/a><p id=\"caption-attachment-110\" class=\"wp-caption-text\">A l&rsquo;Universit\u00e9 de Li\u00e8ge, Ecole de criminologie, lors d&rsquo;un s\u00e9minaire organis\u00e9 par Pierre Thys (2005).<\/p><\/div>\n","protected":false},"excerpt":{"rendered":"<p>Evelyne Guzy a dirig\u00e9 l&rsquo;essai Attentats-suicides. Le cas isra\u00e9lo-palestinien (Luc Pire, 2004), pr\u00e9fac\u00e9 par Pierre Mertens. Une&nbsp;dizaine d&rsquo;auteurs ont contribu\u00e9 \u00e0 l&rsquo;ouvrage qui a b\u00e9n\u00e9fici\u00e9 d&rsquo;une bonne couverture m\u00e9diatique, tant dans la presse \u00e9crite qu\u2019audiovisuelle. A cette occasion, Evelyne Guzy &hellip; <a href=\"https:\/\/evelyneguzy.be\/WordPress3\/?page_id=91\">Continuer la lecture <span class=\"meta-nav\">&rarr;<\/span><\/a><\/p>\n","protected":false},"author":1,"featured_media":0,"parent":0,"menu_order":4,"comment_status":"closed","ping_status":"open","template":"","meta":{"footnotes":""},"class_list":["post-91","page","type-page","status-publish","hentry"],"_links":{"self":[{"href":"https:\/\/evelyneguzy.be\/WordPress3\/index.php?rest_route=\/wp\/v2\/pages\/91","targetHints":{"allow":["GET"]}}],"collection":[{"href":"https:\/\/evelyneguzy.be\/WordPress3\/index.php?rest_route=\/wp\/v2\/pages"}],"about":[{"href":"https:\/\/evelyneguzy.be\/WordPress3\/index.php?rest_route=\/wp\/v2\/types\/page"}],"author":[{"embeddable":true,"href":"https:\/\/evelyneguzy.be\/WordPress3\/index.php?rest_route=\/wp\/v2\/users\/1"}],"replies":[{"embeddable":true,"href":"https:\/\/evelyneguzy.be\/WordPress3\/index.php?rest_route=%2Fwp%2Fv2%2Fcomments&post=91"}],"version-history":[{"count":7,"href":"https:\/\/evelyneguzy.be\/WordPress3\/index.php?rest_route=\/wp\/v2\/pages\/91\/revisions"}],"predecessor-version":[{"id":1385,"href":"https:\/\/evelyneguzy.be\/WordPress3\/index.php?rest_route=\/wp\/v2\/pages\/91\/revisions\/1385"}],"wp:attachment":[{"href":"https:\/\/evelyneguzy.be\/WordPress3\/index.php?rest_route=%2Fwp%2Fv2%2Fmedia&parent=91"}],"curies":[{"name":"wp","href":"https:\/\/api.w.org\/{rel}","templated":true}]}}