{"id":929,"date":"2014-05-26T14:22:07","date_gmt":"2014-05-26T12:22:07","guid":{"rendered":"http:\/\/evelyneguzy.be\/WordPress3\/?page_id=929"},"modified":"2014-05-27T09:34:17","modified_gmt":"2014-05-27T07:34:17","slug":"genevieve-damas-histoire-dun-bonheur-marginales","status":"publish","type":"page","link":"https:\/\/evelyneguzy.be\/WordPress3\/?page_id=929","title":{"rendered":"Genevi\u00e8ve Damas, Histoire d\u2019un bonheur &#038; Marginales"},"content":{"rendered":"<h1><strong>26\/5\/14\u00a0: Genevi\u00e8ve Damas, <em>Histoire d\u2019un bonheur<\/em>, Arl\u00e9a. Roman<\/strong><\/h1>\n<p><strong><img decoding=\"async\" class=\"alignleft\" title=\"Genevi\u00e8ve Damas\" src=\"http:\/\/www.genevievedamas.be\/arton936.jpg\" alt=\"\" width=\"250\" \/>Genevi\u00e8ve Damas <\/strong>est \u00e0 la fois com\u00e9dienne, metteur en sc\u00e8ne,\u00a0 auteur de pi\u00e8ces de th\u00e9\u00e2tre et de texte litt\u00e9raires. Son premier roman, <em>Si tu passes la rivi\u00e8re<\/em>, est paru chez Luce Wilquin en 2011 et a obtenu le prix Rossel. Elle vient de publier, quasi en m\u00eame temps, un recueil \u2013 \u00a0<em>Benny, Sally, Lulu et autres nouvelles<\/em>, \u00e9galement chez Luce Wilquin \u2013 et <em>Histoire d\u2019un bonheur<\/em>, son second roman, chez Arl\u00e9a.<\/p>\n<p><strong><em>Histoire d\u2019un bonheur<\/em><\/strong> fascine par l\u2019art qu\u2019a Genevi\u00e8ve Damas de se glisser dans la peau de ses personnages, changeant de point de vue avec le talent d\u2019une grande com\u00e9dienne. C\u2019est un roman choral, c\u2019est-\u00e0-dire une fiction qui nous est cont\u00e9e successivement par plusieurs personnages, chacun prenant le relais du pr\u00e9c\u00e9dent et apportant un angle diff\u00e9rent. L\u2019histoire commence par le r\u00e9cit d\u2019Anita, une paisible femme au foyer, qui vient de renoncer aux antid\u00e9presseurs. Elle se dit satisfaite, de sa d\u00e9cision comme de sa vie, et entreprend d\u2019\u00e9crire un livre sur la facult\u00e9 d\u2019\u00eatre heureux, sur sa facult\u00e9 d\u2019\u00eatre heureuse. Car, selon elle, si l\u2019on s\u2019applique \u00e0 respecter les convenances, le bonheur peut se r\u00e9sumer \u00e0 une succession de petits mensonges utiles qui nous permettent de vivre apais\u00e9s. Une telle approche r\u00e9sistera-t-elle aux \u00e9preuves de l\u2019existence ?<\/p>\n<p>Genevi\u00e8ve Damas nous dresse <strong>un portrait plein d\u2019humour d\u2019une bourgeoise pass\u00e9e \u00e0 c\u00f4t\u00e9 de sa vie<\/strong> qui, une fois la camisole chimique \u00f4t\u00e9e et le vernis des conventions \u00e9clat\u00e9, perd tous ses rep\u00e8res face \u00e0 la r\u00e9alit\u00e9. Son style est \u00ab\u00a0\u00e9lastique\u00a0\u00bb et \u00e9pouse la personnalit\u00e9 de chacun des acteurs de la tragi-com\u00e9die qui s\u2019offre \u00e0 nous\u00a0: Anita, Noureddine, Nathalie et Simon ont chacun leur langage, leur fa\u00e7on d\u2019\u00eatre, et c\u2019est la dynamique qui se joue entre ces personnalit\u00e9s, dans la recherche incessante de leur place dans le monde, qui fait la richesse de ce roman.<\/p>\n<p><img decoding=\"async\" class=\"alignleft\" title=\"Marginales comme en 14\" src=\"http:\/\/images.titelive.com\/is\/2278\/9770025293183_1_m.jpg\" alt=\"\" width=\"250\" \/>On retrouve l\u2019art d\u2019habiter des personnages dans une revue litt\u00e9raire belge, <strong><em><a title=\"Marginales\" href=\"http:\/\/evelyneguzy.be\/WordPress3\/?page_id=236\" target=\"_blank\">Marginales<\/a><\/em><\/strong>, qui se consacre aux textes courts. Tous les trois mois, l\u2019\u00e9crivain et critique <strong>Jacques De Decker<\/strong> propose une th\u00e9matique \u00e0 une belle brochette d\u2019auteurs, qui ont pour point commun d\u2019\u00eatre aussi fascin\u00e9s de fiction que d\u2019actualit\u00e9. J\u2019ai le privil\u00e8ge d\u2019en faire partie. <strong>Jean Jauniaux<\/strong>, lui-m\u00eame \u00e9crivain, est le r\u00e9dacteur en chef de la revue. Le dernier num\u00e9ro de <em>Marginales<\/em>, \u00ab\u00a0Comme en Quatorze\u00a0\u00bb, nous plonge dans l\u2019imaginaire de 23 de nos auteurs inspir\u00e9s par la Grande Guerre dont nous comm\u00e9morons le centenaire. Vous y lirez, entre autres, <em>Dans la boucle<\/em>, une nouvelle \u00e0 la fois perturbante et fascinante d\u2019un de nos jeunes talents, <strong>Thomas Depryck<\/strong>. (<a href=\"http:\/\/www.marginales.be\"><strong>www.marginales.be<\/strong><\/a>.) On trouve <em>Marginales <\/em>dans toutes les bonnes librairies, et sur abonnement.<\/p>\n<p>Quand on pense aux bonnes librairies, \u00e0 Uccle, on pense \u00e0 <strong><em>La Licorne<\/em><\/strong>, un lieu emprunt de l\u2019amour des livres qu\u2019insuffle Deborah Danblon, la ma\u00eetresse des lieux. Comme bien des librairies ind\u00e9pendantes, <em>La Licorne<\/em>, malgr\u00e9 son succ\u00e8s et les tr\u00e8s belles rencontres qu\u2019elle organise, a besoin de refinancement. D\u2019o\u00f9 cette initiative originale qui a pour objectif d\u2019associer ses amis \u00e0 son d\u00e9veloppement\u00a0: la publication d\u2019un recueil auquel participent des auteurs et illustrateurs belges. (<a href=\"http:\/\/www.licorneblog.be\/\"><strong>www.licorneblog.be<\/strong><\/a>.)<\/p>\n<p>Nous reviendrons la semaine prochaine sur la guerre de 14 avec le livre de <strong>Marianne Sluszny, <em>Un bouquet de coquelicots<\/em><\/strong> (La Diff\u00e9rence) et parlerons \u00e9galement de <strong><em>Petites coupures<\/em> <\/strong>de<strong> Dominique Costermans<\/strong> (Quadrature), deux recueils de nouvelles.<\/p>\n<p>Ecouter la chronique :\u00a0<a href=\"http:\/\/evelyneguzy.be\/WordPress3\/wp-content\/uploads\/2014\/05\/Melting-Pot-260514.mp3\">Melting Pot 260514<\/a><\/p>\n","protected":false},"excerpt":{"rendered":"<p>26\/5\/14\u00a0: Genevi\u00e8ve Damas, Histoire d\u2019un bonheur, Arl\u00e9a. Roman Genevi\u00e8ve Damas est \u00e0 la fois com\u00e9dienne, metteur en sc\u00e8ne,\u00a0 auteur de pi\u00e8ces de th\u00e9\u00e2tre et de texte litt\u00e9raires. Son premier roman, Si tu passes la rivi\u00e8re, est paru chez Luce Wilquin &hellip; <a href=\"https:\/\/evelyneguzy.be\/WordPress3\/?page_id=929\">Continuer la lecture <span class=\"meta-nav\">&rarr;<\/span><\/a><\/p>\n","protected":false},"author":1,"featured_media":0,"parent":796,"menu_order":13,"comment_status":"closed","ping_status":"open","template":"","meta":{"footnotes":""},"class_list":["post-929","page","type-page","status-publish","hentry"],"_links":{"self":[{"href":"https:\/\/evelyneguzy.be\/WordPress3\/index.php?rest_route=\/wp\/v2\/pages\/929","targetHints":{"allow":["GET"]}}],"collection":[{"href":"https:\/\/evelyneguzy.be\/WordPress3\/index.php?rest_route=\/wp\/v2\/pages"}],"about":[{"href":"https:\/\/evelyneguzy.be\/WordPress3\/index.php?rest_route=\/wp\/v2\/types\/page"}],"author":[{"embeddable":true,"href":"https:\/\/evelyneguzy.be\/WordPress3\/index.php?rest_route=\/wp\/v2\/users\/1"}],"replies":[{"embeddable":true,"href":"https:\/\/evelyneguzy.be\/WordPress3\/index.php?rest_route=%2Fwp%2Fv2%2Fcomments&post=929"}],"version-history":[{"count":6,"href":"https:\/\/evelyneguzy.be\/WordPress3\/index.php?rest_route=\/wp\/v2\/pages\/929\/revisions"}],"predecessor-version":[{"id":935,"href":"https:\/\/evelyneguzy.be\/WordPress3\/index.php?rest_route=\/wp\/v2\/pages\/929\/revisions\/935"}],"up":[{"embeddable":true,"href":"https:\/\/evelyneguzy.be\/WordPress3\/index.php?rest_route=\/wp\/v2\/pages\/796"}],"wp:attachment":[{"href":"https:\/\/evelyneguzy.be\/WordPress3\/index.php?rest_route=%2Fwp%2Fv2%2Fmedia&parent=929"}],"curies":[{"name":"wp","href":"https:\/\/api.w.org\/{rel}","templated":true}]}}