{"id":941,"date":"2014-06-02T16:22:26","date_gmt":"2014-06-02T14:22:26","guid":{"rendered":"http:\/\/evelyneguzy.be\/WordPress3\/?page_id=941"},"modified":"2014-06-02T16:50:21","modified_gmt":"2014-06-02T14:50:21","slug":"dominique-costermans-petites-coupures-marianne-sluszny-un-bouquet-de-coquelicots","status":"publish","type":"page","link":"https:\/\/evelyneguzy.be\/WordPress3\/?page_id=941","title":{"rendered":"Dominique Costermans, Petites coupures &#038; Marianne Sluszny, Un bouquet de coquelicots"},"content":{"rendered":"<h1>2\/6\/14\u00a0: <strong>Dominique Costermans, <em>Petites coupures<\/em><\/strong>, Quadrature. Nouvelles<\/h1>\n<p><img decoding=\"async\" class=\"alignleft\" title=\"Dominique Costermans\" src=\"http:\/\/www.dominiquecostermans.be\/Petites%20coupures_files\/Quadrature-Couv-Costermans.jpg\" alt=\"\" width=\"250\" \/>Sur BXFM, nous aimons mettre en \u00e9vidence le travail d\u2019\u00e9diteurs belges qui, courageusement, tentent de se faire une place au soleil de l\u2019\u00e9dition francophone. <strong>Quadrature<\/strong> est de ceux-l\u00e0, d\u2019autant que la maison s\u2019est fix\u00e9 pour objectif de d\u00e9fendre un genre parfois injustement n\u00e9glig\u00e9, celui de la fiction br\u00e8ve, la nouvelle.<\/p>\n<p><strong>Dominique Costermans<\/strong> est un auteur qui se distingue depuis ses d\u00e9buts en publiant des histoires courtes. Elle met \u00e9galement son sens du d\u00e9tail au service de la photographie et travaille comme journaliste.<\/p>\n<p>Dans <strong><em>Petites Coupures<\/em><\/strong>, elle explore par l\u2019anecdote notre rapport \u00e0 l\u2019argent. Le titre, d\u00e9j\u00e0, est amusant\u00a0: les \u00ab\u00a0petites coupures\u00a0\u00bb sont \u00e0 la fois des billets de faible valeur et d\u2019infimes blessures qui cicatrisent parfois difficilement. Comme celles de cette petite fille qui se voit oblig\u00e9e par son p\u00e8re de refuser les \u00e9trennes que lui offre une grand-m\u00e8re d\u2019adoption. D\u2019une nouvelle \u00e0 l\u2019autre, Dominique Costermans entaille les travers d\u2019une petite bourgeoise de province \u00e9triqu\u00e9e, aussi peu g\u00e9n\u00e9reuse de son argent que de ses sentiments. Car si l\u2019argent para\u00eet vulgaire \u00e0 certains, il sert aussi de pr\u00e9texte \u00e0 l\u2019\u00e9change, au don, entre humains.<\/p>\n<h1><strong>Marianne Sluszny,\u00a0<em>Un bouquet de coquelicots<\/em><\/strong>, La Diff\u00e9rence. Nouvelles<\/h1>\n<p><img decoding=\"async\" class=\"alignleft\" title=\"Marianne Sluzny\" src=\"http:\/\/ecx.images-amazon.com\/images\/I\/71wdHrNljcL._SL1500_.jpg\" alt=\"\" width=\"250\" \/>Comme dimanche c\u2019est la f\u00eate des p\u00e8res, j\u2019ai choisi un second ouvrage de femme, des nouvelles \u00e9galement, qui revient sur le th\u00e8me de la guerre de Quatorze \u2013 chez nous, en Belgique \u2013 dont nous comm\u00e9morons le centi\u00e8me anniversaire\u00a0: <em>Un bouquet de coquelicots<\/em> de <strong>Marianne Sluszny<\/strong>. Cet auteur travaille \u00e0 la RTBF, o\u00f9 elle produit des documentaires culturels. Elle a donc pr\u00e9par\u00e9 une s\u00e9rie d\u2019\u00e9missions qui ont inspir\u00e9 ce recueil. Son employeur n\u2019a pas appr\u00e9ci\u00e9, raison pour laquelle vous n\u2019entendrez pas parler du livre sur sa cha\u00eene.<\/p>\n<p>Apr\u00e8s avoir lu <strong><em>Un bouquet de coquelicots<\/em><\/strong>, vous regarderez diff\u00e9remment ces fleurs rouge sang qui pars\u00e8ment d\u00e9licatement le bord de l\u2019Yser. Car la Grande Guerre qui hante les pages de Marianne Sluszny a parfois \u00f4t\u00e9 aux petites gens toute illusion, a durci leurs c\u0153urs et affaibli leurs corps. Chaque nouvelle nous relate, depuis la naissance, le destin d\u2019une personne broy\u00e9 par le d\u00e9ferlement de la violence. On y per\u00e7oit l\u2019odeur naus\u00e9abonde des tranch\u00e9es, l\u2019horizon sans fin des champs de bataille jonch\u00e9s de corps, le bruit des bombes, mais \u00e9galement la douceur des caresses d\u2019une infirmi\u00e8re. Les histoires sont rudes, bien s\u00fbr. Il y a celle du pianiste devenu sourd, alors que ses doigts sont \u00e0 jamais ab\u00eem\u00e9s par le maniement des armes. Certaines nouvelles d\u00e9gagent aussi un doux parfum d\u2019humanit\u00e9. Telle celle de cette \u00ab\u00a0femme \u00e0 Boches\u00a0\u00bb, comme on disait \u00e0 l\u2019\u00e9poque qui, humili\u00e9e et ras\u00e9e \u00e0 la Lib\u00e9ration, verra revenir l\u2019homme de sa vie. Un homme qui est de ceux qui savent tourner la page.<\/p>\n<p>Dans la prochaine \u00e9mission, nous parlerons d\u2019un de nos plus grands \u00e9crivains, <strong>Pierre Mertens<\/strong>, qui vient de co-\u00e9crire avec <strong>Muriel Claude<\/strong>, libraire et photographe, <strong><em>A la proue<\/em><\/strong>, un livre hommage aux livres et aux librairies, un v\u00e9ritable petit bijou. Il est paru chez CFC-\u00c9ditions, un \u00e9diteur bruxellois.<\/p>\n<p>Ecouter la chronique :\u00a0<a href=\"http:\/\/evelyneguzy.be\/WordPress3\/wp-content\/uploads\/2014\/01\/Melting-Pot-020614.mp3\">Melting Pot 020614<\/a><\/p>\n","protected":false},"excerpt":{"rendered":"<p>2\/6\/14\u00a0: Dominique Costermans, Petites coupures, Quadrature. Nouvelles Sur BXFM, nous aimons mettre en \u00e9vidence le travail d\u2019\u00e9diteurs belges qui, courageusement, tentent de se faire une place au soleil de l\u2019\u00e9dition francophone. Quadrature est de ceux-l\u00e0, d\u2019autant que la maison s\u2019est &hellip; <a href=\"https:\/\/evelyneguzy.be\/WordPress3\/?page_id=941\">Continuer la lecture <span class=\"meta-nav\">&rarr;<\/span><\/a><\/p>\n","protected":false},"author":1,"featured_media":0,"parent":796,"menu_order":14,"comment_status":"closed","ping_status":"open","template":"","meta":{"footnotes":""},"class_list":["post-941","page","type-page","status-publish","hentry"],"_links":{"self":[{"href":"https:\/\/evelyneguzy.be\/WordPress3\/index.php?rest_route=\/wp\/v2\/pages\/941","targetHints":{"allow":["GET"]}}],"collection":[{"href":"https:\/\/evelyneguzy.be\/WordPress3\/index.php?rest_route=\/wp\/v2\/pages"}],"about":[{"href":"https:\/\/evelyneguzy.be\/WordPress3\/index.php?rest_route=\/wp\/v2\/types\/page"}],"author":[{"embeddable":true,"href":"https:\/\/evelyneguzy.be\/WordPress3\/index.php?rest_route=\/wp\/v2\/users\/1"}],"replies":[{"embeddable":true,"href":"https:\/\/evelyneguzy.be\/WordPress3\/index.php?rest_route=%2Fwp%2Fv2%2Fcomments&post=941"}],"version-history":[{"count":5,"href":"https:\/\/evelyneguzy.be\/WordPress3\/index.php?rest_route=\/wp\/v2\/pages\/941\/revisions"}],"predecessor-version":[{"id":944,"href":"https:\/\/evelyneguzy.be\/WordPress3\/index.php?rest_route=\/wp\/v2\/pages\/941\/revisions\/944"}],"up":[{"embeddable":true,"href":"https:\/\/evelyneguzy.be\/WordPress3\/index.php?rest_route=\/wp\/v2\/pages\/796"}],"wp:attachment":[{"href":"https:\/\/evelyneguzy.be\/WordPress3\/index.php?rest_route=%2Fwp%2Fv2%2Fmedia&parent=941"}],"curies":[{"name":"wp","href":"https:\/\/api.w.org\/{rel}","templated":true}]}}