{"id":953,"date":"2014-06-16T14:51:16","date_gmt":"2014-06-16T12:51:16","guid":{"rendered":"http:\/\/evelyneguzy.be\/WordPress3\/?page_id=953"},"modified":"2014-06-16T15:06:12","modified_gmt":"2014-06-16T13:06:12","slug":"muriel-claude-pierre-mertens-a-la-proue","status":"publish","type":"page","link":"https:\/\/evelyneguzy.be\/WordPress3\/?page_id=953","title":{"rendered":"Muriel Claude &#038; Pierre Mertens, A la proue"},"content":{"rendered":"<h1><strong>16\/6\/13\u00a0: Muriel Claude et Pierre Mertens, <em>A la proue<\/em>, CFC \u00e9ditions (La Ville \u00e9crite). Beau-livre<\/strong><\/h1>\n<p><img decoding=\"async\" class=\"alignleft\" title=\"Mertens, Claude\" src=\"http:\/\/www.cfc-editions.be\/cfc\/Uploads\/CfcCatalog\/CfcEditions\/La%20Proue%20cover.jpg\" alt=\"\" width=\"250\" \/>C\u2019est un livre tout particulier dont je vous parle aujourd\u2019hui, puisqu\u2019il associe le talent d\u2019un de nos plus grands \u00e9crivains, Pierre Mertens, \u00e0 celui d\u2019une photographe et libraire accomplie, Muriel Claude, qui r\u00e9v\u00e8le ici une plume \u00e0 ce point visuelle qu\u2019elle en devient sensuelle. Par l\u2019image comme par les mots, Muriel Claude nous d\u00e9voile la myst\u00e9rieuse beaut\u00e9 d\u2019une librairie dans laquelle elle a offici\u00e9, <em>La Proue<\/em>, jadis situ\u00e9e rue des \u00c9peronniers.<\/p>\n<p><strong><em>A la proue <\/em><\/strong>commence par nous envo\u00fbter avec <strong>54 photographies de Muriel Claude<\/strong>. Elle les a r\u00e9alis\u00e9es alors qu\u2019elle s\u2019appr\u00eatait \u00e0 quitter la librairie pour un autre travail. Tout semble nous dire cependant qu\u2019elle devra s\u2019arracher \u00e0 ce lieu, tant il lui est pr\u00e9cieux. L\u2019amoncellement de livres qu\u2019elle nous donne \u00e0 voir suscite le vertige, d\u2019autant qu\u2019il suit la trajectoire d\u2019un escalier en colima\u00e7on, dans une extr\u00eame tension vers l\u2019\u00e9l\u00e9vation. Les piles, parfois instables, nous montrent la librairie comme un univers \u00e0 l\u2019\u00e9quilibre branlant, mais fondateur. Ces clich\u00e9s semblent pr\u00e9monitoires de la situation du livre et des libraires aujourd\u2019hui. L\u2019ouvrage tout entier para\u00eet sous-tendu par un objectif inavou\u00e9\u00a0: refondre leur avenir par la beaut\u00e9. <em>La Proue<\/em> sert donc d\u2019amorce au propos\u00a0: le message qui nous est sugg\u00e9r\u00e9 la d\u00e9passe.<\/p>\n<p><em>A la proue<\/em> nous livre <strong>un \u00e9change \u00e9pistolaire<\/strong> entre Muriel Claude et Pierre Mertens, tout entier tiss\u00e9 d\u2019amour des livres. Des regards s\u2019\u00e9changent, une complicit\u00e9 se cr\u00e9e, qui, loin de nous exclure, nous int\u00e8grent avec d\u00e9licatesse dans le cercle choisi des adeptes du livre. Car Pierre vit dans une sorte de biblioth\u00e8que \u00e9lective, dont nous trouvons la photo \u00e0 la fin de l\u2019ouvrage. Et Muriel a fait des livres son quotidien. Les livres les ont construit et ils les partagent avec nous. L\u2019histoire de leur rencontre se lit comme un roman, ou plut\u00f4t s\u2019\u00e9coute comme un op\u00e9ra lyrique.<\/p>\n<p>Car on retrouve dans ce livre, et avec d\u00e9lectation, le style de <strong>Pierre Mertens<\/strong>, cette musicalit\u00e9 qui fr\u00f4le la pr\u00e9ciosit\u00e9 et qui n\u2019appartient qu\u2019\u00e0 lui. En formidable conteur, il parvient, dans une vertigineuse mise en abyme, \u00e0 transformer une rencontre en vue d\u2019un livre, en livre. Dans cette entreprise, <strong>Muriel Claude <\/strong>se r\u00e9v\u00e8le une v\u00e9ritable muse contemporaine\u00a0: elle participe pleinement \u00e0 l\u2019\u0153uvre qu\u2019elle inspire, assume son r\u00f4le d\u2019auteur. Dans la m\u00eame tension vers le partage, ils nous invitent \u00e0 un \u00e9change \u00e0 la fois pudique et intime. Celui m\u00eame que nous pouvons vivre avec notre libraire, ce messager des livres.<\/p>\n<p>On comprendra ais\u00e9ment que l\u2019existence d\u2019un livre tel qu\u2019<em>A la proue <\/em>n\u2019\u00e9tait possible qu\u2019avec l\u2019intervention d\u2019un \u00e9diteur anim\u00e9 de la m\u00eame flamme\u2026 et qui g\u00e8re aussi une librairie\u00a0: <strong>CFC \u00c9ditions<\/strong> se double de la librairie <strong>Quartiers latins<\/strong>, celle o\u00f9 officie Muriel Claude, situ\u00e9e place des Martyrs. Elles valorisent le patrimoine et la cr\u00e9ation en R\u00e9gion de Bruxelles-Capitale, mettent en lumi\u00e8re des ouvrages de qualit\u00e9 et proposent de nombreuses activit\u00e9s, rencontres et m\u00eame des colloques (<a href=\"http:\/\/www.cfc-editions.be\"><strong>www.cfc-editions.be<\/strong><\/a>).<\/p>\n<p>La semaine prochaine, nous resterons symboliquement avec Pierre Mertens, puisqu\u2019il vient de pr\u00e9facer le r\u00e9cit de vie de <strong><em>Caroline Alexander, Ciel avec trou noir<\/em><\/strong>, paru aux <strong>\u00e9ditions MEO, <\/strong>un livre \u00e0 la narration dense et subtile et \u00e0 l\u2019\u00e9criture raffin\u00e9e. Nous parlerons de deux autres ouvrages propos\u00e9s par G\u00e9rard Adam, aux commandes de MEO\u00a0: celui d\u2019<strong>Evelyne<\/strong> <strong>Heuffel<\/strong>, <strong><em>Villa Belga<\/em><\/strong>, l\u2019histoire de Belges au Br\u00e9sil, un pays qui nous int\u00e9resse beaucoup pour le moment. Et celui d\u2019une autre Evelyne, <strong>Evelyne Wilwerth, <em>Miteux et Magnifiques<\/em><\/strong> qui a pour cadre le quartier du canal de Bruxelles.<\/p>\n<p>Ecouter :\u00a0<a href=\"http:\/\/evelyneguzy.be\/WordPress3\/wp-content\/uploads\/2014\/01\/Melting-Pot-160614.mp3\">Melting Pot 160614<\/a><\/p>\n","protected":false},"excerpt":{"rendered":"<p>16\/6\/13\u00a0: Muriel Claude et Pierre Mertens, A la proue, CFC \u00e9ditions (La Ville \u00e9crite). Beau-livre C\u2019est un livre tout particulier dont je vous parle aujourd\u2019hui, puisqu\u2019il associe le talent d\u2019un de nos plus grands \u00e9crivains, Pierre Mertens, \u00e0 celui d\u2019une &hellip; <a href=\"https:\/\/evelyneguzy.be\/WordPress3\/?page_id=953\">Continuer la lecture <span class=\"meta-nav\">&rarr;<\/span><\/a><\/p>\n","protected":false},"author":1,"featured_media":0,"parent":796,"menu_order":15,"comment_status":"closed","ping_status":"open","template":"","meta":{"footnotes":""},"class_list":["post-953","page","type-page","status-publish","hentry"],"_links":{"self":[{"href":"https:\/\/evelyneguzy.be\/WordPress3\/index.php?rest_route=\/wp\/v2\/pages\/953","targetHints":{"allow":["GET"]}}],"collection":[{"href":"https:\/\/evelyneguzy.be\/WordPress3\/index.php?rest_route=\/wp\/v2\/pages"}],"about":[{"href":"https:\/\/evelyneguzy.be\/WordPress3\/index.php?rest_route=\/wp\/v2\/types\/page"}],"author":[{"embeddable":true,"href":"https:\/\/evelyneguzy.be\/WordPress3\/index.php?rest_route=\/wp\/v2\/users\/1"}],"replies":[{"embeddable":true,"href":"https:\/\/evelyneguzy.be\/WordPress3\/index.php?rest_route=%2Fwp%2Fv2%2Fcomments&post=953"}],"version-history":[{"count":5,"href":"https:\/\/evelyneguzy.be\/WordPress3\/index.php?rest_route=\/wp\/v2\/pages\/953\/revisions"}],"predecessor-version":[{"id":959,"href":"https:\/\/evelyneguzy.be\/WordPress3\/index.php?rest_route=\/wp\/v2\/pages\/953\/revisions\/959"}],"up":[{"embeddable":true,"href":"https:\/\/evelyneguzy.be\/WordPress3\/index.php?rest_route=\/wp\/v2\/pages\/796"}],"wp:attachment":[{"href":"https:\/\/evelyneguzy.be\/WordPress3\/index.php?rest_route=%2Fwp%2Fv2%2Fmedia&parent=953"}],"curies":[{"name":"wp","href":"https:\/\/api.w.org\/{rel}","templated":true}]}}