{"id":966,"date":"2014-06-23T15:39:48","date_gmt":"2014-06-23T13:39:48","guid":{"rendered":"http:\/\/evelyneguzy.be\/WordPress3\/?page_id=966"},"modified":"2014-06-23T15:41:13","modified_gmt":"2014-06-23T13:41:13","slug":"evelyne-heuffel-villa-belga-evelyne-wilwerth-miteux-et-magnifiques","status":"publish","type":"page","link":"https:\/\/evelyneguzy.be\/WordPress3\/?page_id=966","title":{"rendered":"Evelyne Heuffel, Villa Belga &#038; Evelyne Wilwerth, Miteux et Magnifiques"},"content":{"rendered":"<h1><strong>23\/6\/14\u00a0: Evelyne Heuffel, <em>Villa Belga<\/em>, MEO. Roman\u00a0<\/strong><\/h1>\n<p>Je vous propose aujourd\u2019hui deux ouvrages publi\u00e9s par la m\u00eame maison d\u2019\u00e9dition belge, MEO. <strong>MEO<\/strong> s\u2019incarne v\u00e9ritablement en la personne de G\u00e9rard Adam, soutenu par son \u00e9pouse, la po\u00e9tesse Monique Thomassettie. Ancien m\u00e9decin militaire au sein des forces de l\u2019ONU, G\u00e9rard Adam a v\u00e9cu les \u00e9v\u00e9nements de Bosnie. Ils lui ont \u00e0 la fois donn\u00e9 le go\u00fbt de la litt\u00e9rature bosniaque, \u00e0 la traduction de laquelle se consacrait initialement la maison d\u2019\u00e9dition, et inspir\u00e9 des ouvrages. Car G\u00e9rard Adam est \u00e9galement l\u2019auteur d\u2019une dizaine de livres, dont le dernier, <em>De l\u2019existence de dieu(x) dans le tram 56<\/em>, publi\u00e9 en 2013, a emport\u00e9 le prix Emma Martin. Aujourd\u2019hui, MEO \u00e9dite \u00e9galement des auteurs issus de la francophonie. J\u2019ai choisi de vous pr\u00e9senter les ouvrages de deux d\u2019entre eux.<\/p>\n<p><img decoding=\"async\" class=\"alignleft\" title=\"Evelyne Heuffel\" src=\"http:\/\/www.meo-edition.eu\/images\/villa-belga-1c.jpg\" alt=\"\" width=\"250\" \/>Contrairement \u00e0 ce que dit son titre, <strong><em>Villa Belga<\/em><\/strong> d\u2019<strong>Evelyne Heuffel <\/strong>nous parle<strong> <\/strong>principalement du Br\u00e9sil, un pays qui retient l\u2019attention de tous pour le moment. Nous sommes au d\u00e9but du XXe si\u00e8cle, \u00e9poque o\u00f9, d\u00e9j\u00e0, des Belges se lan\u00e7aient \u00e0 la conqu\u00eate du Br\u00e9sil, mais sur le plan industriel. Fra\u00eechement mari\u00e9e \u00e0 un homme dou\u00e9 mais en dessous de sa condition, comme on disait \u00e0 l\u2019\u00e9poque, Amanda, la fille d\u2019un industriel courtraisien du textile, part avec son aim\u00e9 \u00e0 la conqu\u00eate du Nouveau monde. Les Belges y construisent des chemins de fer et tentent d\u2019exporter leur r\u00e9volution industrielle. D\u2019autres tentent l\u2019aventure de l\u2019exil, comme une colonie de Juifs de Russie fuyant les pogroms et d\u00e9sirant se reconvertir dans l\u2019agriculture. Sous la plume d\u2019Evelyne Heuffel, se croisent des personnages issus de divers horizons\u2026<\/p>\n<p>Dans la tradition des grands romans d\u2019aventure, <strong>Evelyne Heuffel<\/strong>, qui a v\u00e9cu au Br\u00e9sil, nous lance \u00e0 la d\u00e9couverte de ce pays qu\u2019elle conna\u00eet bien. Dans un style quasi photographique, elle multiplie les approches\u00a0: \u00e9changes \u00e9pistolaires, extraits de journaux, histoires crois\u00e9es stimulent notre curiosit\u00e9.<\/p>\n<p>Notons que presque simultan\u00e9ment \u00e0 <em>Villa Belga<\/em>, elle publie <strong><em>Pueblo<\/em><\/strong><strong> chez Ker<\/strong>, un \u00e9diteur belge dont nous avons d\u00e9j\u00e0 parl\u00e9.<\/p>\n<h1>Evelyne Wilwerth, <em>Miteux et Magnifiques<\/em>, MEO, Nouvelles<\/h1>\n<p><img decoding=\"async\" class=\"alignleft\" title=\"Evelyne Wilwerth\" src=\"http:\/\/www.meo-edition.eu\/images\/miteux-1c.jpg\" alt=\"\" width=\"250\" \/><\/p>\n<p>Le style d\u2019<strong>Evelyne<\/strong> <strong>Wilwerth<\/strong>, qui vient \u00e9galement de sortir un livre chez MEO, est tout diff\u00e9rent. Dans <strong><em>Miteux et Magnifiques<\/em><\/strong> elle nous fait d\u00e9couvrir un monde tout proche qui vit autour du canal de Bruxelles. Des voleurs, des pervers, des d\u00e9linquants tout comme des <em>bonnes gens<\/em> longent les m\u00eames rives, voient d\u00e9filer leur destin. Le ton de l\u2019auteur est vif, p\u00e9tillant, toujours bienveillant. Du jeune immigr\u00e9 travaillant dans une d\u00e9chetterie au couple qui y a \u00e9lu domicile pour dissimuler ses \u00e9bats, ses personnages nous semblent vivants. Une sourde sensualit\u00e9 impr\u00e8gne les pages du recueil. Avec Evelyne Wilwerth, m\u00eame les miteux deviennent magnifiques car elle a l\u2019art d\u2019en faire \u00e9merger la beaut\u00e9.<\/p>\n<p>Pour ceux qui ne la connaissent pas, rappelons qu\u2019Evelyne Wilwerth est un auteur de th\u00e9\u00e2tre \u00e0 succ\u00e8s qui a publi\u00e9 une cinquantaine d\u2019ouvrages, pour adultes et pour enfants, dans des genres diff\u00e9rents.<\/p>\n<p>Apr\u00e8s les vacances, nous parlerons d\u2019un de nos jeunes auteurs qui a d\u00e9j\u00e0 pris une place importante dans la litt\u00e9rature francophone contemporaine\u00a0: <strong>St\u00e9phane Lambert<\/strong> qui a publi\u00e9 <strong><em>Paris n\u00e9cropole<\/em><\/strong> aux \u00e9ditions l\u2019Age d\u2019homme.<\/p>\n<p>Ecouter la chronique : <a href=\"http:\/\/evelyneguzy.be\/WordPress3\/wp-content\/uploads\/2014\/06\/Melting-Pot-230614.mp3\">Melting Pot 230614<\/a><\/p>\n","protected":false},"excerpt":{"rendered":"<p>23\/6\/14\u00a0: Evelyne Heuffel, Villa Belga, MEO. Roman\u00a0 Je vous propose aujourd\u2019hui deux ouvrages publi\u00e9s par la m\u00eame maison d\u2019\u00e9dition belge, MEO. MEO s\u2019incarne v\u00e9ritablement en la personne de G\u00e9rard Adam, soutenu par son \u00e9pouse, la po\u00e9tesse Monique Thomassettie. Ancien m\u00e9decin &hellip; <a href=\"https:\/\/evelyneguzy.be\/WordPress3\/?page_id=966\">Continuer la lecture <span class=\"meta-nav\">&rarr;<\/span><\/a><\/p>\n","protected":false},"author":1,"featured_media":0,"parent":796,"menu_order":16,"comment_status":"closed","ping_status":"open","template":"","meta":{"footnotes":""},"class_list":["post-966","page","type-page","status-publish","hentry"],"_links":{"self":[{"href":"https:\/\/evelyneguzy.be\/WordPress3\/index.php?rest_route=\/wp\/v2\/pages\/966","targetHints":{"allow":["GET"]}}],"collection":[{"href":"https:\/\/evelyneguzy.be\/WordPress3\/index.php?rest_route=\/wp\/v2\/pages"}],"about":[{"href":"https:\/\/evelyneguzy.be\/WordPress3\/index.php?rest_route=\/wp\/v2\/types\/page"}],"author":[{"embeddable":true,"href":"https:\/\/evelyneguzy.be\/WordPress3\/index.php?rest_route=\/wp\/v2\/users\/1"}],"replies":[{"embeddable":true,"href":"https:\/\/evelyneguzy.be\/WordPress3\/index.php?rest_route=%2Fwp%2Fv2%2Fcomments&post=966"}],"version-history":[{"count":3,"href":"https:\/\/evelyneguzy.be\/WordPress3\/index.php?rest_route=\/wp\/v2\/pages\/966\/revisions"}],"predecessor-version":[{"id":969,"href":"https:\/\/evelyneguzy.be\/WordPress3\/index.php?rest_route=\/wp\/v2\/pages\/966\/revisions\/969"}],"up":[{"embeddable":true,"href":"https:\/\/evelyneguzy.be\/WordPress3\/index.php?rest_route=\/wp\/v2\/pages\/796"}],"wp:attachment":[{"href":"https:\/\/evelyneguzy.be\/WordPress3\/index.php?rest_route=%2Fwp%2Fv2%2Fmedia&parent=966"}],"curies":[{"name":"wp","href":"https:\/\/api.w.org\/{rel}","templated":true}]}}