{"id":990,"date":"2014-09-15T15:33:16","date_gmt":"2014-09-15T13:33:16","guid":{"rendered":"http:\/\/evelyneguzy.be\/WordPress3\/?page_id=990"},"modified":"2014-09-15T15:33:16","modified_gmt":"2014-09-15T13:33:16","slug":"florence-richter-la-deesse-et-le-pingouin-david-giannoni-contes-de-nod","status":"publish","type":"page","link":"https:\/\/evelyneguzy.be\/WordPress3\/?page_id=990","title":{"rendered":"Florence Richter, La D\u00e9esse et le Pingouin &#038; David Giannoni, Contes de Nod"},"content":{"rendered":"<p>Les deux livres dont nous allons parler aujourd\u2019hui prouvent que <strong>les contes<\/strong> s\u2019adressent aussi aux adultes ! Ils montrent \u00e0 quel point ce genre peut apporter \u00e0 la fois \u00e9motion et r\u00e9flexion ou, plus pr\u00e9cis\u00e9ment, combien il efface la fronti\u00e8re entre ces deux pans apparemment contradictoires de l\u2019esprit humain. Ces ouvrages sont d\u00e9di\u00e9s \u00e0 l\u2019homme dans sa compl\u00e9tude, dans un \u00e9lan vers la spiritualit\u00e9, ils nous invitent \u00e0 d\u00e9celer l\u2019unit\u00e9 du Grand Tout.<\/p>\n<h1><strong><img decoding=\"async\" class=\"alignleft\" title=\"Florence Richter\" src=\"http:\/\/www.avantpropos.eu\/sites\/default\/files\/LaDeesseetlePingouin-C1.png\" alt=\"\" width=\"250\" \/>Florence Richter,\u00a0<em>La D\u00e9esse et le Pingouin<\/em>, Avant-Propos. Conte philosophique<\/strong><\/h1>\n<p><strong><em>La D\u00e9esse et le Pingouin<\/em><\/strong> que nous propose Florence Richter se situe dans la grande tradition des contes philosophiques. Pour elle, la lumi\u00e8re de l\u2019amour ne peut s\u2019\u00e9panouir que si nous acceptons la part d\u2019obscurit\u00e9 en nous, que nous l\u2019assumons collectivement, par le mythe et le rituel, comme dans les soci\u00e9t\u00e9s traditionnelles. Ce que je viens de dire pourrait para\u00eetre abstrait. Florence Richter parvient \u00e0 nous le faire percevoir dans un langage po\u00e9tique et accessible, au travers de la rencontre fictive de deux personnages\u00a0: Rose, issue de son imagination, et Carl Gustav Jung, le fondateur de la psychologie analytique. Leur dialogue nous plonge dans l\u2019univers des mythes les plus anciens et nous initie au langage symbolique que nous avons souvent perdu dans une civilisation o\u00f9 la rationalit\u00e9 r\u00e8gne en ma\u00eetre.<\/p>\n<p>Lorsqu\u2019on lit la bibliographie impressionnante du livre, on se rend compte que <strong>Florence Richter<\/strong> a choisi de partager avec nous, en en narration de 175 pages, le fruit d\u2019ann\u00e9es de recherches dignes d\u2019une th\u00e8se de doctorat. Florence Richter est d\u2019ailleurs actuellement chercheuse \u00e0 l\u2019universit\u00e9 Saint-Louis et r\u00e9dactrice en chef de la revue <em>Lectures<\/em> du minist\u00e8re de la Culture.<\/p>\n<p>Son tr\u00e8s bel ouvrage nous est propos\u00e9 par un \u00e9diteur belge\u00a0: les \u00e9ditions <strong>Avant-Propos, <\/strong>cr\u00e9\u00e9es en 2009 par l\u2019historien, journaliste et \u00e9crivain Herv\u00e9 G\u00e9rard. Elles publient une trentaine de titres cette ann\u00e9e, tant des livres d\u2019histoire, des beaux-livres que des ouvrages de fiction.<\/p>\n<h1><strong><img decoding=\"async\" class=\"alignleft\" title=\"Giannoni\" src=\"http:\/\/www.maelstromreevolution.org\/write\/pro\/337.2.jpg\" alt=\"\" width=\"250\" \/>David Giannoni,\u00a0<em>Contes de Nod<\/em>, mis en image par Sylvie Leroy, Maelstr\u00f6m reEvolution. Contes th\u00e9rapeutiques<\/strong><\/h1>\n<p>Dans son nouveau livre,<strong> David Giannoni<\/strong> explore lui aussi le conte. Pour rappel, il a fond\u00e9 la maison d\u2019\u00e9dition Maelstr\u00f6m reEvolution, qu\u2019il dirige. Il est \u00e9galement \u00e0 la t\u00eate de la Maison de la po\u00e9sie d\u2019Amay et de ses \u00e9ditions, L\u2019Arbre \u00e0 paroles. Comme auteur, il a d\u00e9j\u00e0 publi\u00e9 des po\u00e8mes et une trilogie en bande dessin\u00e9e. David Giannoni se d\u00e9finit comme un <em>th\u00e9rapo\u00e8te<\/em>. Il a travaill\u00e9 comme \u00e9ducateur durant plusieurs ann\u00e9es avec des personnes sans abri.<\/p>\n<p>Le titre <strong><em>Contes de Nod <\/em><\/strong>\u00e9voque l\u2019histoire de Ca\u00efn et Abel. Apr\u00e8s l\u2019assassinat de son fr\u00e8re Abel, l\u2019\u00c9ternel exila Ca\u00efn sur une terre lointaine, Nod, afin de le soustraire \u00e0 la rage des hommes. Les images que suscite ce recueil de 18 contes, lorsqu\u2019elles arrivent au bon moment de notre vie, \u00e9veillent en nous une sagesse enfuie, elles nous inspirent. Il s\u2019agit de l\u00e2cher prise, de m\u00e9diter, de nous r\u00e9parer, si nous en avons besoin. Port\u00e9es par les dessins m\u00e9ditatifs de Sylvie Leroy, les all\u00e9gories de David Giannoni nous posent la question universelle du bien et du mal. Elles illustrent les combats int\u00e9rieurs que nous devons livrer, face \u00e0 notre propre conscience, afin de faire triompher la lumi\u00e8re en nous.<\/p>\n<p>Ecouter la chronique :\u00a0<a href=\"http:\/\/evelyneguzy.be\/WordPress3\/wp-content\/uploads\/2014\/09\/Melting-Pot-150914.mp3\">Melting Pot 150914<\/a><\/p>\n","protected":false},"excerpt":{"rendered":"<p>Les deux livres dont nous allons parler aujourd\u2019hui prouvent que les contes s\u2019adressent aussi aux adultes ! Ils montrent \u00e0 quel point ce genre peut apporter \u00e0 la fois \u00e9motion et r\u00e9flexion ou, plus pr\u00e9cis\u00e9ment, combien il efface la fronti\u00e8re &hellip; <a href=\"https:\/\/evelyneguzy.be\/WordPress3\/?page_id=990\">Continuer la lecture <span class=\"meta-nav\">&rarr;<\/span><\/a><\/p>\n","protected":false},"author":1,"featured_media":0,"parent":796,"menu_order":19,"comment_status":"closed","ping_status":"open","template":"","meta":{"footnotes":""},"class_list":["post-990","page","type-page","status-publish","hentry"],"_links":{"self":[{"href":"https:\/\/evelyneguzy.be\/WordPress3\/index.php?rest_route=\/wp\/v2\/pages\/990","targetHints":{"allow":["GET"]}}],"collection":[{"href":"https:\/\/evelyneguzy.be\/WordPress3\/index.php?rest_route=\/wp\/v2\/pages"}],"about":[{"href":"https:\/\/evelyneguzy.be\/WordPress3\/index.php?rest_route=\/wp\/v2\/types\/page"}],"author":[{"embeddable":true,"href":"https:\/\/evelyneguzy.be\/WordPress3\/index.php?rest_route=\/wp\/v2\/users\/1"}],"replies":[{"embeddable":true,"href":"https:\/\/evelyneguzy.be\/WordPress3\/index.php?rest_route=%2Fwp%2Fv2%2Fcomments&post=990"}],"version-history":[{"count":2,"href":"https:\/\/evelyneguzy.be\/WordPress3\/index.php?rest_route=\/wp\/v2\/pages\/990\/revisions"}],"predecessor-version":[{"id":993,"href":"https:\/\/evelyneguzy.be\/WordPress3\/index.php?rest_route=\/wp\/v2\/pages\/990\/revisions\/993"}],"up":[{"embeddable":true,"href":"https:\/\/evelyneguzy.be\/WordPress3\/index.php?rest_route=\/wp\/v2\/pages\/796"}],"wp:attachment":[{"href":"https:\/\/evelyneguzy.be\/WordPress3\/index.php?rest_route=%2Fwp%2Fv2%2Fmedia&parent=990"}],"curies":[{"name":"wp","href":"https:\/\/api.w.org\/{rel}","templated":true}]}}